{"id":4164,"date":"2022-06-14T15:57:16","date_gmt":"2022-06-14T13:57:16","guid":{"rendered":"https:\/\/schoolfood4change.eu\/?page_id=1321"},"modified":"2022-06-14T15:57:16","modified_gmt":"2022-06-14T13:57:16","slug":"press","status":"publish","type":"page","link":"https:\/\/schoolfood4change.eu\/sk\/press\/","title":{"rendered":"Press"},"content":{"rendered":"\n<div class=\"wp-block-getwid-section alignfull gg-blocks-results alignfull\"><div class=\"wp-block-getwid-section__wrapper getwid-padding-top-normal\" style=\"padding-bottom:0px\"><div class=\"wp-block-getwid-section__inner-wrapper\"><div class=\"wp-block-getwid-section__background-holder\"><div class=\"wp-block-getwid-section__background\"><\/div><div class=\"wp-block-getwid-section__foreground\"><\/div><\/div><div class=\"wp-block-getwid-section__content\"><div class=\"wp-block-getwid-section__inner-content\">\n<div class=\"wp-block-columns eplus-wrapper is-layout-flex wp-container-core-columns-is-layout-28f84493 wp-block-columns-is-layout-flex\">\n<div class=\"wp-block-column eplus-wrapper is-layout-flow wp-block-column-is-layout-flow\" style=\"flex-basis:70%\">\n<h5 class=\" wp-block-heading eplus-wrapper\">Press <\/h5>\n\n\n<h1 class=\" wp-block-heading eplus-wrapper eplus-styles-uid-114643\">Press releases<\/h1>\n\n\n<p class=\" eplus-wrapper\">Please find our press releases here. Do not hesitate to contact us for further information.<\/p>\n<\/div>\n\n\n\n<div class=\"wp-block-column eplus-wrapper is-layout-flow wp-block-column-is-layout-flow\" style=\"flex-basis:33.33%\"><\/div>\n<\/div>\n<\/div><\/div><\/div><\/div><\/div>\n\n\n\n<div class=\"wp-block-getwid-section gg-blocks-press-listings alignfull alignfull getwid-margin-top-normal getwid-margin-bottom-none\"><div class=\"wp-block-getwid-section__wrapper getwid-padding-left-normal getwid-padding-right-normal\" style=\"padding-top:0px;padding-bottom:79px\"><div class=\"wp-block-getwid-section__inner-wrapper\"><div class=\"wp-block-getwid-section__background-holder\"><div class=\"wp-block-getwid-section__background has-background has-eef-7-f-6-background-color\"><\/div><div class=\"wp-block-getwid-section__foreground\"><\/div><\/div><div class=\"wp-block-getwid-section__content\"><div class=\"wp-block-getwid-section__inner-content\">\n<div style=\"height:78px\" aria-hidden=\"true\" class=\" wp-block-spacer eplus-wrapper\"><\/div>\n\n\n        <div class=\"wp-block-getwid-custom-post-type custom-post-type-gg_press has-layout-grid has-spacing-small gg-blocks-press\">\n            <div class=\"wp-block-getwid-custom-post-type__wrapper getwid-columns getwid-columns-3\">\n                \t\t\t\t\t\t\t\t<div class='wp-block-getwid-custom-post-type__post'>\n\t\t\t\t\t\t\t\t\t\n<div class=\"gg-press-item wp-block-group eplus-wrapper is-layout-flow wp-block-group-is-layout-flow\">\n<div class=\"wp-block-getwid-template-post-featured-image\" >\n            <a href=\"https:\/\/schoolfood4change.eu\/sk\/blog\/press\/schoolfood4change-vydava-politicke-odporucania-pre-inovacie-v-skolskom-stravovani\/\">\n        <img loading=\"lazy\" decoding=\"async\" width=\"1024\" height=\"576\" src=\"https:\/\/schoolfood4change.eu\/sk\/wp-content\/uploads\/sites\/10\/2025\/09\/1600x900px_ISMD2024_PRESS-RELEASE-1024x576.png\" class=\"attachment-large size-large wp-post-image\" alt=\"SchoolFood4Change vyd\u00e1va politick\u00e9 odpor\u00fa\u010dania pre inov\u00e1cie v \u0161kolskom stravovan\u00ed\" srcset=\"https:\/\/schoolfood4change.eu\/sk\/wp-content\/uploads\/sites\/10\/2025\/09\/1600x900px_ISMD2024_PRESS-RELEASE-1024x576.png 1024w, https:\/\/schoolfood4change.eu\/sk\/wp-content\/uploads\/sites\/10\/2025\/09\/1600x900px_ISMD2024_PRESS-RELEASE-300x169.png 300w, https:\/\/schoolfood4change.eu\/sk\/wp-content\/uploads\/sites\/10\/2025\/09\/1600x900px_ISMD2024_PRESS-RELEASE-768x432.png 768w, https:\/\/schoolfood4change.eu\/sk\/wp-content\/uploads\/sites\/10\/2025\/09\/1600x900px_ISMD2024_PRESS-RELEASE-1536x864.png 1536w, https:\/\/schoolfood4change.eu\/sk\/wp-content\/uploads\/sites\/10\/2025\/09\/1600x900px_ISMD2024_PRESS-RELEASE.png 1600w\" sizes=\"auto, (max-width: 1024px) 100vw, 1024px\" \/>            <\/a>\n    <\/div>\n\n\n\n<div class=\"gg-press-item-content wp-block-group eplus-wrapper is-layout-flow wp-block-group-is-layout-flow\">\n<h3 class=\"wp-block-getwid-template-post-title\"><a class=\"wp-block-getwid-template-post-title__link\" href=\"https:\/\/schoolfood4change.eu\/sk\/blog\/press\/schoolfood4change-vydava-politicke-odporucania-pre-inovacie-v-skolskom-stravovani\/\">SchoolFood4Change vyd\u00e1va politick\u00e9 odpor\u00fa\u010dania pre inov\u00e1cie v \u0161kolskom stravovan\u00ed<\/a><\/h3>\n\n<div class=\"wp-block-post-date\"><time datetime=\"2024-03-14T15:02:00+01:00\">14 marca 2024<\/time><\/div>\n\n\n<div style=\"height:11px\" aria-hidden=\"true\" class=\"wp-block-spacer eplus-wrapper\"><\/div>\n\n\n\n<div class=\"wp-block-getwid-template-post-content is-excerpt\" ><p>SchoolFood4C (SF4C), celoeur\u00f3pska iniciat\u00edva, ktor\u00e1 zd\u00f4raz\u0148uje silu \u0161k\u00f4l pri prechode na udr\u017eate\u013en\u00e9 potravinov\u00e9 syst\u00e9my, zverejnila s\u00fabor politick\u00fdch odpor\u00fa\u010dan\u00ed zd\u00f4raz\u0148uj\u00facich potenci\u00e1l inov\u00e1ci\u00ed v oblasti \u0161kolsk\u00e9ho stravovania&hellip;<\/p><\/div>\n<\/div>\n<\/div>\n\t\t\t\t\t\t\t\t<\/div>\n\t\t\t\t\t\t\t\t\t\t\t\t\t\t\t<div class='wp-block-getwid-custom-post-type__post'>\n\t\t\t\t\t\t\t\t\t\n<div class=\"gg-press-item wp-block-group eplus-wrapper is-layout-flow wp-block-group-is-layout-flow\">\n<div class=\"wp-block-getwid-template-post-featured-image\" >\n            <a href=\"https:\/\/schoolfood4change.eu\/sk\/blog\/press\/medzinarodny-den-skolskych-jedal-je-potrebny-pristup-ku-skolskemu-stravovaniu\/\">\n        <img loading=\"lazy\" decoding=\"async\" width=\"1024\" height=\"576\" src=\"https:\/\/schoolfood4change.eu\/sk\/wp-content\/uploads\/sites\/10\/2025\/09\/ISMD2023_SF4C-press-release_with-image-credentials-1024x576.png\" class=\"attachment-large size-large wp-post-image\" alt=\"Medzin\u00e1rodn\u00fd de\u0148 \u0161kolsk\u00fdch jed\u00e1l: Je potrebn\u00fd \u201epr\u00edstup ku \u0161kolsk\u00e9mu stravovaniu\u201c!\" srcset=\"https:\/\/schoolfood4change.eu\/sk\/wp-content\/uploads\/sites\/10\/2025\/09\/ISMD2023_SF4C-press-release_with-image-credentials-1024x576.png 1024w, https:\/\/schoolfood4change.eu\/sk\/wp-content\/uploads\/sites\/10\/2025\/09\/ISMD2023_SF4C-press-release_with-image-credentials-300x169.png 300w, https:\/\/schoolfood4change.eu\/sk\/wp-content\/uploads\/sites\/10\/2025\/09\/ISMD2023_SF4C-press-release_with-image-credentials-768x432.png 768w, https:\/\/schoolfood4change.eu\/sk\/wp-content\/uploads\/sites\/10\/2025\/09\/ISMD2023_SF4C-press-release_with-image-credentials-1536x864.png 1536w, https:\/\/schoolfood4change.eu\/sk\/wp-content\/uploads\/sites\/10\/2025\/09\/ISMD2023_SF4C-press-release_with-image-credentials.png 1600w\" sizes=\"auto, (max-width: 1024px) 100vw, 1024px\" \/>            <\/a>\n    <\/div>\n\n\n\n<div class=\"gg-press-item-content wp-block-group eplus-wrapper is-layout-flow wp-block-group-is-layout-flow\">\n<h3 class=\"wp-block-getwid-template-post-title\"><a class=\"wp-block-getwid-template-post-title__link\" href=\"https:\/\/schoolfood4change.eu\/sk\/blog\/press\/medzinarodny-den-skolskych-jedal-je-potrebny-pristup-ku-skolskemu-stravovaniu\/\">Medzin\u00e1rodn\u00fd de\u0148 \u0161kolsk\u00fdch jed\u00e1l: Je potrebn\u00fd \u201epr\u00edstup ku \u0161kolsk\u00e9mu stravovaniu\u201c!<\/a><\/h3>\n\n<div class=\"wp-block-post-date\"><time datetime=\"2023-03-09T14:53:00+01:00\">9 marca 2023<\/time><\/div>\n\n\n<div style=\"height:11px\" aria-hidden=\"true\" class=\"wp-block-spacer eplus-wrapper\"><\/div>\n\n\n\n<div class=\"wp-block-getwid-template-post-content is-excerpt\" ><p>Mnoh\u00e9 eur\u00f3pske organiz\u00e1cie a in\u0161tit\u00facie ka\u017edoro\u010dne vyu\u017e\u00edvaj\u00fa Medzin\u00e1rodn\u00fd de\u0148 \u0161kolsk\u00fdch jed\u00e1l ako pr\u00edle\u017eitos\u0165 na zv\u00fd\u0161enie povedomia o d\u00f4le\u017eitosti poskytovania zdrav\u00fdch a udr\u017eate\u013ene vyroben\u00fdch jed\u00e1l de\u0165om.&hellip;<\/p><\/div>\n<\/div>\n<\/div>\n\t\t\t\t\t\t\t\t<\/div>\n\t\t\t\t\t\t\t\t\t\t\t\t\t\t\t<div class='wp-block-getwid-custom-post-type__post'>\n\t\t\t\t\t\t\t\t\t\n<div class=\"gg-press-item wp-block-group eplus-wrapper is-layout-flow wp-block-group-is-layout-flow\">\n<div class=\"wp-block-getwid-template-post-featured-image\" >\n            <a href=\"https:\/\/schoolfood4change.eu\/sk\/blog\/press\/schoolfood4change-chce-zmenit-nas-potravinovy-system\/\">\n        <img loading=\"lazy\" decoding=\"async\" width=\"1024\" height=\"677\" src=\"https:\/\/schoolfood4change.eu\/sk\/wp-content\/uploads\/sites\/10\/2022\/07\/hands_up_format-1024x677.png\" class=\"attachment-large size-large wp-post-image\" alt=\"SchoolFood4Change chce zmeni\u0165 n\u00e1\u0161 potravinov\u00fd syst\u00e9m\" srcset=\"https:\/\/schoolfood4change.eu\/sk\/wp-content\/uploads\/sites\/10\/2022\/07\/hands_up_format-1024x677.png 1024w, https:\/\/schoolfood4change.eu\/sk\/wp-content\/uploads\/sites\/10\/2022\/07\/hands_up_format-300x198.png 300w, https:\/\/schoolfood4change.eu\/sk\/wp-content\/uploads\/sites\/10\/2022\/07\/hands_up_format-768x508.png 768w, https:\/\/schoolfood4change.eu\/sk\/wp-content\/uploads\/sites\/10\/2022\/07\/hands_up_format-1536x1016.png 1536w, https:\/\/schoolfood4change.eu\/sk\/wp-content\/uploads\/sites\/10\/2022\/07\/hands_up_format.png 2000w\" sizes=\"auto, (max-width: 1024px) 100vw, 1024px\" \/>            <\/a>\n    <\/div>\n\n\n\n<div class=\"gg-press-item-content wp-block-group eplus-wrapper is-layout-flow wp-block-group-is-layout-flow\">\n<h3 class=\"wp-block-getwid-template-post-title\"><a class=\"wp-block-getwid-template-post-title__link\" href=\"https:\/\/schoolfood4change.eu\/sk\/blog\/press\/schoolfood4change-chce-zmenit-nas-potravinovy-system\/\">SchoolFood4Change chce zmeni\u0165 n\u00e1\u0161 potravinov\u00fd syst\u00e9m<\/a><\/h3>\n\n<div class=\"wp-block-post-date\"><time datetime=\"2022-03-10T14:30:00+01:00\">10 marca 2022<\/time><\/div>\n\n\n<div style=\"height:11px\" aria-hidden=\"true\" class=\"wp-block-spacer eplus-wrapper\"><\/div>\n\n\n\n<div class=\"wp-block-getwid-template-post-content is-excerpt\" ><p>Poz\u00fdvame v\u0161etky zainteresovan\u00e9 strany k jedn\u00e9mu stolu. Iniciujeme transform\u00e1ciu potravinov\u00e9ho syst\u00e9mu smerom k soci\u00e1lnej a environment\u00e1lnej odolnosti. \u010clenovia konzorcia projektu SchoolFood4Change (SF4C) teraz spojili svoje&hellip;<\/p><\/div>\n<\/div>\n<\/div>\n\t\t\t\t\t\t\t\t<\/div>\n\t\t\t\t\t\t\t            <\/div>\n\n                    <\/div>\n        \n\n\n<div style=\"height:38px\" aria-hidden=\"true\" class=\" wp-block-spacer eplus-wrapper\"><\/div>\n<\/div><\/div><\/div><\/div><\/div>\n\n\n\n\n\n<div class=\"wp-block-getwid-section alignfull alignfull getwid-margin-top-none getwid-margin-bottom-none\"><div class=\"wp-block-getwid-section__wrapper getwid-padding-top-large getwid-padding-bottom-large\"><div class=\"wp-block-getwid-section__inner-wrapper\"><div class=\"wp-block-getwid-section__background-holder\"><div class=\"wp-block-getwid-section__background has-background has-eef-7-f-6-background-color\"><\/div><div class=\"wp-block-getwid-section__foreground\"><\/div><\/div><div class=\"wp-block-getwid-section__content\"><div class=\"wp-block-getwid-section__inner-content\"><div class=\"wp-block-columns eplus-wrapper is-layout-flex wp-container-core-columns-is-layout-28f84493 wp-block-columns-is-layout-flex eplus-styles-uid-90b7d9\">\n<div class=\"wp-block-column is-vertically-aligned-center eplus-wrapper is-layout-flow wp-block-column-is-layout-flow\">\n<h2 class=\" wp-block-heading eplus-wrapper\">Press contact<\/h2>\n\n\n\n<figure class=\" wp-block-image size-large eplus-wrapper\"><img loading=\"lazy\" decoding=\"async\" width=\"1024\" height=\"1024\" src=\"https:\/\/schoolfood4change.eu\/wp-content\/uploads\/2022\/07\/Chefs-kiss-1024x1024.png\" alt=\"Thanks for the food\" class=\"wp-image-2698\" srcset=\"https:\/\/schoolfood4change.eu\/sk\/wp-content\/uploads\/sites\/10\/2022\/07\/Chefs-kiss-1024x1024.png 1024w, https:\/\/schoolfood4change.eu\/sk\/wp-content\/uploads\/sites\/10\/2022\/07\/Chefs-kiss-300x300.png 300w, https:\/\/schoolfood4change.eu\/sk\/wp-content\/uploads\/sites\/10\/2022\/07\/Chefs-kiss-150x150.png 150w, https:\/\/schoolfood4change.eu\/sk\/wp-content\/uploads\/sites\/10\/2022\/07\/Chefs-kiss-768x768.png 768w, https:\/\/schoolfood4change.eu\/sk\/wp-content\/uploads\/sites\/10\/2022\/07\/Chefs-kiss.png 1080w\" sizes=\"auto, (max-width: 1024px) 100vw, 1024px\" \/><\/figure>\n<\/div>\n\n\n<div class=\"wp-block-column is-vertically-aligned-center eplus-wrapper is-layout-flow wp-block-column-is-layout-flow eplus-styles-uid-fc34cc\">\n<h3 class=\" wp-block-heading eplus-wrapper\">Anastasia Lundqvist<\/h3>\n\n\n<p class=\" eplus-wrapper eplus-styles-uid-8532eb\">Communications and Visibility Focal Point WWF Sweden<\/p>\n\n\n<div class=\"wp-block-getwid-icon-box gg-footer-email has-icon-left has-text-left\"><div class=\"wp-block-getwid-icon-box__icon-container has-layout-stacked is-position-middle\"><div class=\"wp-block-getwid-icon-box__icon-wrapper has-text-color\" style=\"font-size:25px;color:#badedc\"><i class=\"fas fa-phone\"><\/i><\/div><\/div><div class=\"wp-block-getwid-icon-box__content\"><p class=\" eplus-wrapper eplus-styles-uid-4e7295\"><a href=\"tel:+46851512436\">+46 8 515 124 36<\/a><\/p><\/div><\/div>\n\n\n\n<div class=\"wp-block-getwid-advanced-spacer\" style=\"height:20px\" aria-hidden=\"true\"><\/div>\n\n\n\n<div class=\"wp-block-getwid-icon-box gg-footer-email has-icon-left has-text-left\"><div class=\"wp-block-getwid-icon-box__icon-container has-layout-stacked is-position-middle\"><div class=\"wp-block-getwid-icon-box__icon-wrapper has-text-color\" style=\"font-size:25px;color:#badedc\"><i class=\"fas fa-envelope\"><\/i><\/div><\/div><div class=\"wp-block-getwid-icon-box__content\"><p class=\" eplus-wrapper eplus-styles-uid-4e7295\"><a href=\"mailto:anastasia.lundqvist@wwf.se\">anastasia.lundqvist@wwf.se<\/a><\/p><\/div><\/div>\n<\/div><\/div><\/div><\/div><\/div><\/div><\/div>\n\n\n\n<p class=\" eplus-wrapper\"><\/p>\n","protected":false},"excerpt":{"rendered":"","protected":false},"author":4,"featured_media":0,"parent":0,"menu_order":0,"comment_status":"closed","ping_status":"closed","template":"","meta":{"_acf_changed":false,"inline_featured_image":false,"editor_plus_copied_stylings":"{}","footnotes":""},"class_list":["post-4164","page","type-page","status-publish","hentry"],"blocksy_meta":[],"acf":[],"yoast_head":"<!-- This site is optimized with the Yoast SEO plugin v27.4 - https:\/\/yoast.com\/product\/yoast-seo-wordpress\/ -->\n<title>Press - SchoolFood4Change SK<\/title>\n<meta name=\"robots\" content=\"index, follow, max-snippet:-1, max-image-preview:large, max-video-preview:-1\" \/>\n<link rel=\"canonical\" href=\"https:\/\/schoolfood4change.eu\/sk\/press\/\" \/>\n<meta property=\"og:locale\" content=\"sk_SK\" \/>\n<meta property=\"og:type\" content=\"article\" \/>\n<meta property=\"og:title\" content=\"Press - SchoolFood4Change SK\" \/>\n<meta property=\"og:url\" content=\"https:\/\/schoolfood4change.eu\/sk\/press\/\" \/>\n<meta property=\"og:site_name\" content=\"SchoolFood4Change SK\" \/>\n<meta property=\"og:image\" content=\"https:\/\/schoolfood4change.eu\/sk\/wp-content\/uploads\/sites\/10\/2022\/06\/social.png\" \/>\n\t<meta property=\"og:image:width\" content=\"1200\" \/>\n\t<meta property=\"og:image:height\" content=\"683\" \/>\n\t<meta property=\"og:image:type\" content=\"image\/png\" \/>\n<meta name=\"twitter:card\" content=\"summary_large_image\" \/>\n<meta name=\"twitter:image\" content=\"https:\/\/schoolfood4change.eu\/sk\/wp-content\/uploads\/sites\/10\/2022\/06\/social.png\" \/>\n<meta name=\"twitter:label1\" content=\"Predpokladan\u00fd \u010das \u010d\u00edtania\" \/>\n\t<meta name=\"twitter:data1\" content=\"1 min\u00fata\" \/>\n<script type=\"application\/ld+json\" class=\"yoast-schema-graph\">{\"@context\":\"https:\\\/\\\/schema.org\",\"@graph\":[{\"@type\":\"WebPage\",\"@id\":\"https:\\\/\\\/schoolfood4change.eu\\\/sk\\\/press\\\/\",\"url\":\"https:\\\/\\\/schoolfood4change.eu\\\/sk\\\/press\\\/\",\"name\":\"Press - SchoolFood4Change SK\",\"isPartOf\":{\"@id\":\"https:\\\/\\\/schoolfood4change.eu\\\/sk\\\/#website\"},\"primaryImageOfPage\":{\"@id\":\"https:\\\/\\\/schoolfood4change.eu\\\/sk\\\/press\\\/#primaryimage\"},\"image\":{\"@id\":\"https:\\\/\\\/schoolfood4change.eu\\\/sk\\\/press\\\/#primaryimage\"},\"thumbnailUrl\":\"https:\\\/\\\/schoolfood4change.eu\\\/wp-content\\\/uploads\\\/2022\\\/07\\\/Chefs-kiss-1024x1024.png\",\"datePublished\":\"2022-06-14T13:57:16+00:00\",\"breadcrumb\":{\"@id\":\"https:\\\/\\\/schoolfood4change.eu\\\/sk\\\/press\\\/#breadcrumb\"},\"inLanguage\":\"sk-SK\",\"potentialAction\":[{\"@type\":\"ReadAction\",\"target\":[\"https:\\\/\\\/schoolfood4change.eu\\\/sk\\\/press\\\/\"]}]},{\"@type\":\"ImageObject\",\"inLanguage\":\"sk-SK\",\"@id\":\"https:\\\/\\\/schoolfood4change.eu\\\/sk\\\/press\\\/#primaryimage\",\"url\":\"https:\\\/\\\/schoolfood4change.eu\\\/wp-content\\\/uploads\\\/2022\\\/07\\\/Chefs-kiss-1024x1024.png\",\"contentUrl\":\"https:\\\/\\\/schoolfood4change.eu\\\/wp-content\\\/uploads\\\/2022\\\/07\\\/Chefs-kiss-1024x1024.png\"},{\"@type\":\"BreadcrumbList\",\"@id\":\"https:\\\/\\\/schoolfood4change.eu\\\/sk\\\/press\\\/#breadcrumb\",\"itemListElement\":[{\"@type\":\"ListItem\",\"position\":1,\"name\":\"Home\",\"item\":\"https:\\\/\\\/schoolfood4change.eu\\\/sk\\\/\"},{\"@type\":\"ListItem\",\"position\":2,\"name\":\"Press\"}]},{\"@type\":\"WebSite\",\"@id\":\"https:\\\/\\\/schoolfood4change.eu\\\/sk\\\/#website\",\"url\":\"https:\\\/\\\/schoolfood4change.eu\\\/sk\\\/\",\"name\":\"SchoolFood4Change SK\",\"description\":\"\",\"publisher\":{\"@id\":\"https:\\\/\\\/schoolfood4change.eu\\\/sk\\\/#organization\"},\"potentialAction\":[{\"@type\":\"SearchAction\",\"target\":{\"@type\":\"EntryPoint\",\"urlTemplate\":\"https:\\\/\\\/schoolfood4change.eu\\\/sk\\\/?s={search_term_string}\"},\"query-input\":{\"@type\":\"PropertyValueSpecification\",\"valueRequired\":true,\"valueName\":\"search_term_string\"}}],\"inLanguage\":\"sk-SK\"},{\"@type\":\"Organization\",\"@id\":\"https:\\\/\\\/schoolfood4change.eu\\\/sk\\\/#organization\",\"name\":\"SchoolFood4Change SK\",\"url\":\"https:\\\/\\\/schoolfood4change.eu\\\/sk\\\/\",\"logo\":{\"@type\":\"ImageObject\",\"inLanguage\":\"sk-SK\",\"@id\":\"https:\\\/\\\/schoolfood4change.eu\\\/sk\\\/#\\\/schema\\\/logo\\\/image\\\/\",\"url\":\"https:\\\/\\\/schoolfood4change.eu\\\/sk\\\/wp-content\\\/uploads\\\/sites\\\/10\\\/2022\\\/06\\\/schholfood.svg\",\"contentUrl\":\"https:\\\/\\\/schoolfood4change.eu\\\/sk\\\/wp-content\\\/uploads\\\/sites\\\/10\\\/2022\\\/06\\\/schholfood.svg\",\"width\":273,\"height\":90,\"caption\":\"SchoolFood4Change SK\"},\"image\":{\"@id\":\"https:\\\/\\\/schoolfood4change.eu\\\/sk\\\/#\\\/schema\\\/logo\\\/image\\\/\"}}]}<\/script>\n<!-- \/ Yoast SEO plugin. -->","yoast_head_json":{"title":"Press - SchoolFood4Change SK","robots":{"index":"index","follow":"follow","max-snippet":"max-snippet:-1","max-image-preview":"max-image-preview:large","max-video-preview":"max-video-preview:-1"},"canonical":"https:\/\/schoolfood4change.eu\/sk\/press\/","og_locale":"sk_SK","og_type":"article","og_title":"Press - SchoolFood4Change SK","og_url":"https:\/\/schoolfood4change.eu\/sk\/press\/","og_site_name":"SchoolFood4Change SK","og_image":[{"width":1200,"height":683,"url":"https:\/\/schoolfood4change.eu\/sk\/wp-content\/uploads\/sites\/10\/2022\/06\/social.png","type":"image\/png"}],"twitter_card":"summary_large_image","twitter_image":"https:\/\/schoolfood4change.eu\/sk\/wp-content\/uploads\/sites\/10\/2022\/06\/social.png","twitter_misc":{"Predpokladan\u00fd \u010das \u010d\u00edtania":"1 min\u00fata"},"schema":{"@context":"https:\/\/schema.org","@graph":[{"@type":"WebPage","@id":"https:\/\/schoolfood4change.eu\/sk\/press\/","url":"https:\/\/schoolfood4change.eu\/sk\/press\/","name":"Press - SchoolFood4Change SK","isPartOf":{"@id":"https:\/\/schoolfood4change.eu\/sk\/#website"},"primaryImageOfPage":{"@id":"https:\/\/schoolfood4change.eu\/sk\/press\/#primaryimage"},"image":{"@id":"https:\/\/schoolfood4change.eu\/sk\/press\/#primaryimage"},"thumbnailUrl":"https:\/\/schoolfood4change.eu\/wp-content\/uploads\/2022\/07\/Chefs-kiss-1024x1024.png","datePublished":"2022-06-14T13:57:16+00:00","breadcrumb":{"@id":"https:\/\/schoolfood4change.eu\/sk\/press\/#breadcrumb"},"inLanguage":"sk-SK","potentialAction":[{"@type":"ReadAction","target":["https:\/\/schoolfood4change.eu\/sk\/press\/"]}]},{"@type":"ImageObject","inLanguage":"sk-SK","@id":"https:\/\/schoolfood4change.eu\/sk\/press\/#primaryimage","url":"https:\/\/schoolfood4change.eu\/wp-content\/uploads\/2022\/07\/Chefs-kiss-1024x1024.png","contentUrl":"https:\/\/schoolfood4change.eu\/wp-content\/uploads\/2022\/07\/Chefs-kiss-1024x1024.png"},{"@type":"BreadcrumbList","@id":"https:\/\/schoolfood4change.eu\/sk\/press\/#breadcrumb","itemListElement":[{"@type":"ListItem","position":1,"name":"Home","item":"https:\/\/schoolfood4change.eu\/sk\/"},{"@type":"ListItem","position":2,"name":"Press"}]},{"@type":"WebSite","@id":"https:\/\/schoolfood4change.eu\/sk\/#website","url":"https:\/\/schoolfood4change.eu\/sk\/","name":"SchoolFood4Change SK","description":"","publisher":{"@id":"https:\/\/schoolfood4change.eu\/sk\/#organization"},"potentialAction":[{"@type":"SearchAction","target":{"@type":"EntryPoint","urlTemplate":"https:\/\/schoolfood4change.eu\/sk\/?s={search_term_string}"},"query-input":{"@type":"PropertyValueSpecification","valueRequired":true,"valueName":"search_term_string"}}],"inLanguage":"sk-SK"},{"@type":"Organization","@id":"https:\/\/schoolfood4change.eu\/sk\/#organization","name":"SchoolFood4Change SK","url":"https:\/\/schoolfood4change.eu\/sk\/","logo":{"@type":"ImageObject","inLanguage":"sk-SK","@id":"https:\/\/schoolfood4change.eu\/sk\/#\/schema\/logo\/image\/","url":"https:\/\/schoolfood4change.eu\/sk\/wp-content\/uploads\/sites\/10\/2022\/06\/schholfood.svg","contentUrl":"https:\/\/schoolfood4change.eu\/sk\/wp-content\/uploads\/sites\/10\/2022\/06\/schholfood.svg","width":273,"height":90,"caption":"SchoolFood4Change SK"},"image":{"@id":"https:\/\/schoolfood4change.eu\/sk\/#\/schema\/logo\/image\/"}}]}},"_links":{"self":[{"href":"https:\/\/schoolfood4change.eu\/sk\/wp-json\/wp\/v2\/pages\/4164","targetHints":{"allow":["GET"]}}],"collection":[{"href":"https:\/\/schoolfood4change.eu\/sk\/wp-json\/wp\/v2\/pages"}],"about":[{"href":"https:\/\/schoolfood4change.eu\/sk\/wp-json\/wp\/v2\/types\/page"}],"author":[{"embeddable":true,"href":"https:\/\/schoolfood4change.eu\/sk\/wp-json\/wp\/v2\/users\/4"}],"replies":[{"embeddable":true,"href":"https:\/\/schoolfood4change.eu\/sk\/wp-json\/wp\/v2\/comments?post=4164"}],"version-history":[{"count":0,"href":"https:\/\/schoolfood4change.eu\/sk\/wp-json\/wp\/v2\/pages\/4164\/revisions"}],"wp:attachment":[{"href":"https:\/\/schoolfood4change.eu\/sk\/wp-json\/wp\/v2\/media?parent=4164"}],"curies":[{"name":"wp","href":"https:\/\/api.w.org\/{rel}","templated":true}]}}