{"id":3932,"date":"2025-03-12T15:52:54","date_gmt":"2025-03-12T14:52:54","guid":{"rendered":"https:\/\/schoolfood4change.eu\/hu\/?page_id=3932"},"modified":"2025-03-17T17:22:14","modified_gmt":"2025-03-17T16:22:14","slug":"iskolak","status":"publish","type":"page","link":"https:\/\/schoolfood4change.eu\/hu\/about\/iskolak\/","title":{"rendered":"Iskol\u00e1k"},"content":{"rendered":"<p class=\" eplus-wrapper eplus-styles-uid-06b3a7\">Ismerje meg iskol\u00e1inkat<\/p>\n\n\n<p class=\" eplus-wrapper\">A SchoolFood4Change azt a c\u00e9lt t\u0171zte ki maga el\u00e9, hogy a fenntarthat\u00f3 \u00e9s eg\u00e9szs\u00e9ges t\u00e1pl\u00e1lkoz\u00e1sra val\u00f3 \u00e1tt\u00e9r\u00e9st sz\u00e9les t\u00e1rsadalmi szinten, 12 eur\u00f3pai orsz\u00e1gban \u00f6sszesen t\u00f6bb mint 3000 iskol\u00e1ra \u00e9s 600 000 iskol\u00e1s gyermekre gyakorolt k\u00f6zvetlen hat\u00e1s r\u00e9v\u00e9n val\u00f3s\u00edtsa meg.<\/p>\n\n\n\n<p class=\" eplus-wrapper\">Eur\u00f3pa-szerte egyre t\u00f6bb iskola vesz r\u00e9szt a SchoolFood4Change programban, hogy jav\u00edtsa \u00e9tkez\u00e9si kult\u00far\u00e1j\u00e1t. Ez mag\u00e1ban foglalja az \u00e9lelmiszerekkel kapcsolatos ismeretek terjeszt\u00e9s\u00e9t, a gazd\u00e1lkod\u00f3kkal val\u00f3 partners\u00e9get \u00e9s az iskolai \u00e9tkeztet\u00e9s eg\u00e9szs\u00e9gesebb \u00e9s fenntarthat\u00f3bb \u00e9trendre val\u00f3 \u00e1t\u00e1ll\u00e1s\u00e1t.<\/p>\n\n\n\n<p class=\" eplus-wrapper\"><\/p>\n\n\n<p class=\"is-style-default  has-317275-color has-text-color has-link-color eplus-wrapper wp-elements-65cfe2c846832f8acc90bbcd0b35f1da eplus-styles-uid-e892ac\">A SF4C projekt magyarorsz\u00e1gi r\u00e9sztvev\u0151 iskol\u00e1i<\/p>\n\n\n<p class=\" eplus-wrapper\"><\/p>\n\n\n\n<figure class=\" wp-block-table eplus-wrapper\"><table class=\"has-dceeed-background-color has-background has-border-color has-badedc-border-color has-fixed-layout\"><tbody><tr><td><strong>Iskola neve<\/strong><\/td><td><strong>Sz\u00e9khelye<\/strong><\/td><\/tr><tr><td>BG\u00e9SZC Kossuth Lajos K\u00e9t Tan\u00edt\u00e1si Nyelv\u0171 Technikum<\/td><td>Budapest<\/td><\/tr><tr><td>BGSZC Keleti K\u00e1roly K\u00f6zgazdas\u00e1gi Technikum<\/td><td>Budapest<\/td><\/tr><tr><td>BGSZC Budai Gimn\u00e1zium \u00e9s Szakgimn\u00e1zium<\/td><td>Budapest<\/td><\/tr><tr><td>Veres P\u00e1ln\u00e9 Gimn\u00e1zium<\/td><td>Budapest<\/td><\/tr><tr><td>Kispesti K\u00e1rolyi Mih\u00e1ly Magyar-Spanyol Tannyelv\u0171 Gimn\u00e1zium<\/td><td>Budapest<\/td><\/tr><tr><td>\u00d3budai Gimn\u00e1zium<\/td><td>Budapest<\/td><\/tr><tr><td>Budapesti Gazdas\u00e1gi SZC Berzeviczy Gergely K\u00e9t Tan\u00edt\u00e1si Nyelv\u0171 K\u00f6zgazdas\u00e1gi Szakk\u00f6z\u00e9piskol\u00e1ja<\/td><td>Budapest<\/td><\/tr><tr><td>Budapesti G\u00e9p\u00e9szeti SZC Ganz \u00c1brah\u00e1m K\u00e9t Tan\u00edt\u00e1si Nyelv\u0171 Szakk\u00f6z\u00e9piskol\u00e1ja \u00e9s Szakiskol\u00e1ja<\/td><td>Budapest<\/td><\/tr><tr><td>Budapesti Gazdas\u00e1gi SZC Szent Istv\u00e1n K\u00f6zgazdas\u00e1gi Szakk\u00f6z\u00e9piskol\u00e1ja \u00e9s Koll\u00e9giuma<\/td><td>Budapest<\/td><\/tr><tr><td>Bak\u00e1ts T\u00e9ri \u00c9nek-Zenei \u00c1ltal\u00e1nos Iskola<\/td><td>Budapest<\/td><\/tr><tr><td>Mozg\u00e1sjav\u00edt\u00f3 \u00c1ltal\u00e1nos Iskola (specialized education\u00a0for children with physical disabilities)<\/td><td>Budapest<\/td><\/tr><tr><td>Vakok \u00c1ltal\u00e1nos Iskol\u00e1ja (specialized education\u00a0for blind and visually impaired children)<\/td><td>Budapest<\/td><\/tr><\/tbody><\/table><\/figure>\n\n\n\n<p class=\" eplus-wrapper\"><\/p>\n\n\n\n<p class=\" eplus-wrapper\"><\/p>\n","protected":false},"excerpt":{"rendered":"<p>Ismerje meg iskol\u00e1inkat A SchoolFood4Change azt a c\u00e9lt t\u0171zte ki maga el\u00e9, hogy a fenntarthat\u00f3 \u00e9s eg\u00e9szs\u00e9ges t\u00e1pl\u00e1lkoz\u00e1sra val\u00f3 \u00e1tt\u00e9r\u00e9st sz\u00e9les t\u00e1rsadalmi szinten, 12 eur\u00f3pai orsz\u00e1gban \u00f6sszesen t\u00f6bb mint 3000 iskol\u00e1ra \u00e9s 600 000 iskol\u00e1s gyermekre gyakorolt k\u00f6zvetlen hat\u00e1s r\u00e9v\u00e9n val\u00f3s\u00edtsa meg. Eur\u00f3pa-szerte egyre t\u00f6bb iskola vesz r\u00e9szt a SchoolFood4Change programban, hogy jav\u00edtsa \u00e9tkez\u00e9si kult\u00far\u00e1j\u00e1t. [&hellip;]<\/p>\n","protected":false},"author":23,"featured_media":0,"parent":1303,"menu_order":0,"comment_status":"closed","ping_status":"closed","template":"","meta":{"_acf_changed":false,"inline_featured_image":false,"editor_plus_copied_stylings":"{}","footnotes":""},"class_list":["post-3932","page","type-page","status-publish","hentry"],"blocksy_meta":{"styles_descriptor":{"styles":{"desktop":"","tablet":"","mobile":""},"google_fonts":[],"version":6}},"acf":[],"yoast_head":"<!-- This site is optimized with the Yoast SEO plugin v27.3 - https:\/\/yoast.com\/product\/yoast-seo-wordpress\/ -->\n<title>Iskol\u00e1k - SchoolFood4Change HU<\/title>\n<meta name=\"robots\" content=\"index, follow, max-snippet:-1, max-image-preview:large, max-video-preview:-1\" \/>\n<link rel=\"canonical\" href=\"https:\/\/schoolfood4change.eu\/hu\/about\/iskolak\/\" \/>\n<meta property=\"og:locale\" content=\"hu_HU\" \/>\n<meta property=\"og:type\" content=\"article\" \/>\n<meta property=\"og:title\" content=\"Iskol\u00e1k - SchoolFood4Change HU\" \/>\n<meta property=\"og:description\" content=\"Ismerje meg iskol\u00e1inkat A SchoolFood4Change azt a c\u00e9lt t\u0171zte ki maga el\u00e9, hogy a fenntarthat\u00f3 \u00e9s eg\u00e9szs\u00e9ges t\u00e1pl\u00e1lkoz\u00e1sra val\u00f3 \u00e1tt\u00e9r\u00e9st sz\u00e9les t\u00e1rsadalmi szinten, 12 eur\u00f3pai orsz\u00e1gban \u00f6sszesen t\u00f6bb mint 3000 iskol\u00e1ra \u00e9s 600 000 iskol\u00e1s gyermekre gyakorolt k\u00f6zvetlen hat\u00e1s r\u00e9v\u00e9n val\u00f3s\u00edtsa meg. Eur\u00f3pa-szerte egyre t\u00f6bb iskola vesz r\u00e9szt a SchoolFood4Change programban, hogy jav\u00edtsa \u00e9tkez\u00e9si kult\u00far\u00e1j\u00e1t. [&hellip;]\" \/>\n<meta property=\"og:url\" content=\"https:\/\/schoolfood4change.eu\/hu\/about\/iskolak\/\" \/>\n<meta property=\"og:site_name\" content=\"SchoolFood4Change HU\" \/>\n<meta property=\"article:modified_time\" content=\"2025-03-17T16:22:14+00:00\" \/>\n<meta name=\"twitter:card\" content=\"summary_large_image\" \/>\n<meta name=\"twitter:label1\" content=\"Becs\u00fclt olvas\u00e1si id\u0151\" \/>\n\t<meta name=\"twitter:data1\" content=\"1 perc\" \/>\n<script type=\"application\/ld+json\" class=\"yoast-schema-graph\">{\"@context\":\"https:\\\/\\\/schema.org\",\"@graph\":[{\"@type\":\"WebPage\",\"@id\":\"https:\\\/\\\/schoolfood4change.eu\\\/hu\\\/about\\\/iskolak\\\/\",\"url\":\"https:\\\/\\\/schoolfood4change.eu\\\/hu\\\/about\\\/iskolak\\\/\",\"name\":\"Iskol\u00e1k - SchoolFood4Change HU\",\"isPartOf\":{\"@id\":\"https:\\\/\\\/schoolfood4change.eu\\\/hu\\\/#website\"},\"datePublished\":\"2025-03-12T14:52:54+00:00\",\"dateModified\":\"2025-03-17T16:22:14+00:00\",\"breadcrumb\":{\"@id\":\"https:\\\/\\\/schoolfood4change.eu\\\/hu\\\/about\\\/iskolak\\\/#breadcrumb\"},\"inLanguage\":\"hu\",\"potentialAction\":[{\"@type\":\"ReadAction\",\"target\":[\"https:\\\/\\\/schoolfood4change.eu\\\/hu\\\/about\\\/iskolak\\\/\"]}]},{\"@type\":\"BreadcrumbList\",\"@id\":\"https:\\\/\\\/schoolfood4change.eu\\\/hu\\\/about\\\/iskolak\\\/#breadcrumb\",\"itemListElement\":[{\"@type\":\"ListItem\",\"position\":1,\"name\":\"Home\",\"item\":\"https:\\\/\\\/schoolfood4change.eu\\\/hu\\\/\"},{\"@type\":\"ListItem\",\"position\":2,\"name\":\"R\u00f3lunk\",\"item\":\"https:\\\/\\\/schoolfood4change.eu\\\/hu\\\/about\\\/\"},{\"@type\":\"ListItem\",\"position\":3,\"name\":\"Iskol\u00e1k\"}]},{\"@type\":\"WebSite\",\"@id\":\"https:\\\/\\\/schoolfood4change.eu\\\/hu\\\/#website\",\"url\":\"https:\\\/\\\/schoolfood4change.eu\\\/hu\\\/\",\"name\":\"SchoolFood4Change HU\",\"description\":\"\",\"publisher\":{\"@id\":\"https:\\\/\\\/schoolfood4change.eu\\\/hu\\\/#organization\"},\"potentialAction\":[{\"@type\":\"SearchAction\",\"target\":{\"@type\":\"EntryPoint\",\"urlTemplate\":\"https:\\\/\\\/schoolfood4change.eu\\\/hu\\\/?s={search_term_string}\"},\"query-input\":{\"@type\":\"PropertyValueSpecification\",\"valueRequired\":true,\"valueName\":\"search_term_string\"}}],\"inLanguage\":\"hu\"},{\"@type\":\"Organization\",\"@id\":\"https:\\\/\\\/schoolfood4change.eu\\\/hu\\\/#organization\",\"name\":\"SchoolFood4Change HU\",\"url\":\"https:\\\/\\\/schoolfood4change.eu\\\/hu\\\/\",\"logo\":{\"@type\":\"ImageObject\",\"inLanguage\":\"hu\",\"@id\":\"https:\\\/\\\/schoolfood4change.eu\\\/hu\\\/#\\\/schema\\\/logo\\\/image\\\/\",\"url\":\"https:\\\/\\\/schoolfood4change.eu\\\/hu\\\/wp-content\\\/uploads\\\/sites\\\/11\\\/2022\\\/06\\\/schholfood.svg\",\"contentUrl\":\"https:\\\/\\\/schoolfood4change.eu\\\/hu\\\/wp-content\\\/uploads\\\/sites\\\/11\\\/2022\\\/06\\\/schholfood.svg\",\"width\":273,\"height\":90,\"caption\":\"SchoolFood4Change HU\"},\"image\":{\"@id\":\"https:\\\/\\\/schoolfood4change.eu\\\/hu\\\/#\\\/schema\\\/logo\\\/image\\\/\"}}]}<\/script>\n<!-- \/ Yoast SEO plugin. -->","yoast_head_json":{"title":"Iskol\u00e1k - SchoolFood4Change HU","robots":{"index":"index","follow":"follow","max-snippet":"max-snippet:-1","max-image-preview":"max-image-preview:large","max-video-preview":"max-video-preview:-1"},"canonical":"https:\/\/schoolfood4change.eu\/hu\/about\/iskolak\/","og_locale":"hu_HU","og_type":"article","og_title":"Iskol\u00e1k - SchoolFood4Change HU","og_description":"Ismerje meg iskol\u00e1inkat A SchoolFood4Change azt a c\u00e9lt t\u0171zte ki maga el\u00e9, hogy a fenntarthat\u00f3 \u00e9s eg\u00e9szs\u00e9ges t\u00e1pl\u00e1lkoz\u00e1sra val\u00f3 \u00e1tt\u00e9r\u00e9st sz\u00e9les t\u00e1rsadalmi szinten, 12 eur\u00f3pai orsz\u00e1gban \u00f6sszesen t\u00f6bb mint 3000 iskol\u00e1ra \u00e9s 600 000 iskol\u00e1s gyermekre gyakorolt k\u00f6zvetlen hat\u00e1s r\u00e9v\u00e9n val\u00f3s\u00edtsa meg. Eur\u00f3pa-szerte egyre t\u00f6bb iskola vesz r\u00e9szt a SchoolFood4Change programban, hogy jav\u00edtsa \u00e9tkez\u00e9si kult\u00far\u00e1j\u00e1t. [&hellip;]","og_url":"https:\/\/schoolfood4change.eu\/hu\/about\/iskolak\/","og_site_name":"SchoolFood4Change HU","article_modified_time":"2025-03-17T16:22:14+00:00","twitter_card":"summary_large_image","twitter_misc":{"Becs\u00fclt olvas\u00e1si id\u0151":"1 perc"},"schema":{"@context":"https:\/\/schema.org","@graph":[{"@type":"WebPage","@id":"https:\/\/schoolfood4change.eu\/hu\/about\/iskolak\/","url":"https:\/\/schoolfood4change.eu\/hu\/about\/iskolak\/","name":"Iskol\u00e1k - SchoolFood4Change HU","isPartOf":{"@id":"https:\/\/schoolfood4change.eu\/hu\/#website"},"datePublished":"2025-03-12T14:52:54+00:00","dateModified":"2025-03-17T16:22:14+00:00","breadcrumb":{"@id":"https:\/\/schoolfood4change.eu\/hu\/about\/iskolak\/#breadcrumb"},"inLanguage":"hu","potentialAction":[{"@type":"ReadAction","target":["https:\/\/schoolfood4change.eu\/hu\/about\/iskolak\/"]}]},{"@type":"BreadcrumbList","@id":"https:\/\/schoolfood4change.eu\/hu\/about\/iskolak\/#breadcrumb","itemListElement":[{"@type":"ListItem","position":1,"name":"Home","item":"https:\/\/schoolfood4change.eu\/hu\/"},{"@type":"ListItem","position":2,"name":"R\u00f3lunk","item":"https:\/\/schoolfood4change.eu\/hu\/about\/"},{"@type":"ListItem","position":3,"name":"Iskol\u00e1k"}]},{"@type":"WebSite","@id":"https:\/\/schoolfood4change.eu\/hu\/#website","url":"https:\/\/schoolfood4change.eu\/hu\/","name":"SchoolFood4Change HU","description":"","publisher":{"@id":"https:\/\/schoolfood4change.eu\/hu\/#organization"},"potentialAction":[{"@type":"SearchAction","target":{"@type":"EntryPoint","urlTemplate":"https:\/\/schoolfood4change.eu\/hu\/?s={search_term_string}"},"query-input":{"@type":"PropertyValueSpecification","valueRequired":true,"valueName":"search_term_string"}}],"inLanguage":"hu"},{"@type":"Organization","@id":"https:\/\/schoolfood4change.eu\/hu\/#organization","name":"SchoolFood4Change HU","url":"https:\/\/schoolfood4change.eu\/hu\/","logo":{"@type":"ImageObject","inLanguage":"hu","@id":"https:\/\/schoolfood4change.eu\/hu\/#\/schema\/logo\/image\/","url":"https:\/\/schoolfood4change.eu\/hu\/wp-content\/uploads\/sites\/11\/2022\/06\/schholfood.svg","contentUrl":"https:\/\/schoolfood4change.eu\/hu\/wp-content\/uploads\/sites\/11\/2022\/06\/schholfood.svg","width":273,"height":90,"caption":"SchoolFood4Change HU"},"image":{"@id":"https:\/\/schoolfood4change.eu\/hu\/#\/schema\/logo\/image\/"}}]}},"_links":{"self":[{"href":"https:\/\/schoolfood4change.eu\/hu\/wp-json\/wp\/v2\/pages\/3932","targetHints":{"allow":["GET"]}}],"collection":[{"href":"https:\/\/schoolfood4change.eu\/hu\/wp-json\/wp\/v2\/pages"}],"about":[{"href":"https:\/\/schoolfood4change.eu\/hu\/wp-json\/wp\/v2\/types\/page"}],"author":[{"embeddable":true,"href":"https:\/\/schoolfood4change.eu\/hu\/wp-json\/wp\/v2\/users\/23"}],"replies":[{"embeddable":true,"href":"https:\/\/schoolfood4change.eu\/hu\/wp-json\/wp\/v2\/comments?post=3932"}],"version-history":[{"count":7,"href":"https:\/\/schoolfood4change.eu\/hu\/wp-json\/wp\/v2\/pages\/3932\/revisions"}],"predecessor-version":[{"id":3946,"href":"https:\/\/schoolfood4change.eu\/hu\/wp-json\/wp\/v2\/pages\/3932\/revisions\/3946"}],"up":[{"embeddable":true,"href":"https:\/\/schoolfood4change.eu\/hu\/wp-json\/wp\/v2\/pages\/1303"}],"wp:attachment":[{"href":"https:\/\/schoolfood4change.eu\/hu\/wp-json\/wp\/v2\/media?parent=3932"}],"curies":[{"name":"wp","href":"https:\/\/api.w.org\/{rel}","templated":true}]}}