{"id":3732,"date":"2023-02-07T14:28:43","date_gmt":"2023-02-07T13:28:43","guid":{"rendered":"https:\/\/schoolfood4change.eu\/hu\/beispielseite\/"},"modified":"2023-02-07T14:28:51","modified_gmt":"2023-02-07T13:28:51","slug":"beispielseite","status":"publish","type":"page","link":"https:\/\/schoolfood4change.eu\/hu\/beispielseite\/","title":{"rendered":"Beispielseite"},"content":{"rendered":"\n<p class=\" eplus-wrapper\">Testinhalt lorem ipsum<\/p>\n","protected":false},"excerpt":{"rendered":"<p>Testinhalt lorem ipsum<\/p>\n","protected":false},"author":1,"featured_media":0,"parent":0,"menu_order":0,"comment_status":"closed","ping_status":"closed","template":"","meta":{"_acf_changed":false,"inline_featured_image":false,"editor_plus_copied_stylings":"{}","footnotes":""},"class_list":["post-3732","page","type-page","status-publish","hentry"],"blocksy_meta":{"styles_descriptor":{"styles":{"desktop":"","tablet":"","mobile":""},"google_fonts":[],"version":6}},"acf":[],"yoast_head":"<!-- This site is optimized with the Yoast SEO plugin v27.3 - https:\/\/yoast.com\/product\/yoast-seo-wordpress\/ -->\n<title>Beispielseite - SchoolFood4Change HU<\/title>\n<meta name=\"robots\" content=\"index, follow, max-snippet:-1, max-image-preview:large, max-video-preview:-1\" \/>\n<link rel=\"canonical\" href=\"https:\/\/schoolfood4change.eu\/hu\/beispielseite\/\" \/>\n<meta property=\"og:locale\" content=\"hu_HU\" \/>\n<meta property=\"og:type\" content=\"article\" \/>\n<meta property=\"og:title\" content=\"Beispielseite - SchoolFood4Change HU\" \/>\n<meta property=\"og:description\" content=\"Testinhalt lorem ipsum\" \/>\n<meta property=\"og:url\" content=\"https:\/\/schoolfood4change.eu\/hu\/beispielseite\/\" \/>\n<meta property=\"og:site_name\" content=\"SchoolFood4Change HU\" \/>\n<meta property=\"article:modified_time\" content=\"2023-02-07T13:28:51+00:00\" \/>\n<meta name=\"twitter:card\" content=\"summary_large_image\" \/>\n<meta name=\"twitter:label1\" content=\"Becs\u00fclt olvas\u00e1si id\u0151\" \/>\n\t<meta name=\"twitter:data1\" content=\"1 perc\" \/>\n<script type=\"application\/ld+json\" class=\"yoast-schema-graph\">{\"@context\":\"https:\\\/\\\/schema.org\",\"@graph\":[{\"@type\":\"WebPage\",\"@id\":\"https:\\\/\\\/schoolfood4change.eu\\\/hu\\\/beispielseite\\\/\",\"url\":\"https:\\\/\\\/schoolfood4change.eu\\\/hu\\\/beispielseite\\\/\",\"name\":\"Beispielseite - SchoolFood4Change HU\",\"isPartOf\":{\"@id\":\"https:\\\/\\\/schoolfood4change.eu\\\/hu\\\/#website\"},\"datePublished\":\"2023-02-07T13:28:43+00:00\",\"dateModified\":\"2023-02-07T13:28:51+00:00\",\"breadcrumb\":{\"@id\":\"https:\\\/\\\/schoolfood4change.eu\\\/hu\\\/beispielseite\\\/#breadcrumb\"},\"inLanguage\":\"hu\",\"potentialAction\":[{\"@type\":\"ReadAction\",\"target\":[\"https:\\\/\\\/schoolfood4change.eu\\\/hu\\\/beispielseite\\\/\"]}]},{\"@type\":\"BreadcrumbList\",\"@id\":\"https:\\\/\\\/schoolfood4change.eu\\\/hu\\\/beispielseite\\\/#breadcrumb\",\"itemListElement\":[{\"@type\":\"ListItem\",\"position\":1,\"name\":\"Home\",\"item\":\"https:\\\/\\\/schoolfood4change.eu\\\/hu\\\/\"},{\"@type\":\"ListItem\",\"position\":2,\"name\":\"Beispielseite\"}]},{\"@type\":\"WebSite\",\"@id\":\"https:\\\/\\\/schoolfood4change.eu\\\/hu\\\/#website\",\"url\":\"https:\\\/\\\/schoolfood4change.eu\\\/hu\\\/\",\"name\":\"SchoolFood4Change HU\",\"description\":\"\",\"publisher\":{\"@id\":\"https:\\\/\\\/schoolfood4change.eu\\\/hu\\\/#organization\"},\"potentialAction\":[{\"@type\":\"SearchAction\",\"target\":{\"@type\":\"EntryPoint\",\"urlTemplate\":\"https:\\\/\\\/schoolfood4change.eu\\\/hu\\\/?s={search_term_string}\"},\"query-input\":{\"@type\":\"PropertyValueSpecification\",\"valueRequired\":true,\"valueName\":\"search_term_string\"}}],\"inLanguage\":\"hu\"},{\"@type\":\"Organization\",\"@id\":\"https:\\\/\\\/schoolfood4change.eu\\\/hu\\\/#organization\",\"name\":\"SchoolFood4Change HU\",\"url\":\"https:\\\/\\\/schoolfood4change.eu\\\/hu\\\/\",\"logo\":{\"@type\":\"ImageObject\",\"inLanguage\":\"hu\",\"@id\":\"https:\\\/\\\/schoolfood4change.eu\\\/hu\\\/#\\\/schema\\\/logo\\\/image\\\/\",\"url\":\"https:\\\/\\\/schoolfood4change.eu\\\/hu\\\/wp-content\\\/uploads\\\/sites\\\/11\\\/2022\\\/06\\\/schholfood.svg\",\"contentUrl\":\"https:\\\/\\\/schoolfood4change.eu\\\/hu\\\/wp-content\\\/uploads\\\/sites\\\/11\\\/2022\\\/06\\\/schholfood.svg\",\"width\":273,\"height\":90,\"caption\":\"SchoolFood4Change HU\"},\"image\":{\"@id\":\"https:\\\/\\\/schoolfood4change.eu\\\/hu\\\/#\\\/schema\\\/logo\\\/image\\\/\"}}]}<\/script>\n<!-- \/ Yoast SEO plugin. -->","yoast_head_json":{"title":"Beispielseite - SchoolFood4Change HU","robots":{"index":"index","follow":"follow","max-snippet":"max-snippet:-1","max-image-preview":"max-image-preview:large","max-video-preview":"max-video-preview:-1"},"canonical":"https:\/\/schoolfood4change.eu\/hu\/beispielseite\/","og_locale":"hu_HU","og_type":"article","og_title":"Beispielseite - SchoolFood4Change HU","og_description":"Testinhalt lorem ipsum","og_url":"https:\/\/schoolfood4change.eu\/hu\/beispielseite\/","og_site_name":"SchoolFood4Change HU","article_modified_time":"2023-02-07T13:28:51+00:00","twitter_card":"summary_large_image","twitter_misc":{"Becs\u00fclt olvas\u00e1si id\u0151":"1 perc"},"schema":{"@context":"https:\/\/schema.org","@graph":[{"@type":"WebPage","@id":"https:\/\/schoolfood4change.eu\/hu\/beispielseite\/","url":"https:\/\/schoolfood4change.eu\/hu\/beispielseite\/","name":"Beispielseite - SchoolFood4Change HU","isPartOf":{"@id":"https:\/\/schoolfood4change.eu\/hu\/#website"},"datePublished":"2023-02-07T13:28:43+00:00","dateModified":"2023-02-07T13:28:51+00:00","breadcrumb":{"@id":"https:\/\/schoolfood4change.eu\/hu\/beispielseite\/#breadcrumb"},"inLanguage":"hu","potentialAction":[{"@type":"ReadAction","target":["https:\/\/schoolfood4change.eu\/hu\/beispielseite\/"]}]},{"@type":"BreadcrumbList","@id":"https:\/\/schoolfood4change.eu\/hu\/beispielseite\/#breadcrumb","itemListElement":[{"@type":"ListItem","position":1,"name":"Home","item":"https:\/\/schoolfood4change.eu\/hu\/"},{"@type":"ListItem","position":2,"name":"Beispielseite"}]},{"@type":"WebSite","@id":"https:\/\/schoolfood4change.eu\/hu\/#website","url":"https:\/\/schoolfood4change.eu\/hu\/","name":"SchoolFood4Change HU","description":"","publisher":{"@id":"https:\/\/schoolfood4change.eu\/hu\/#organization"},"potentialAction":[{"@type":"SearchAction","target":{"@type":"EntryPoint","urlTemplate":"https:\/\/schoolfood4change.eu\/hu\/?s={search_term_string}"},"query-input":{"@type":"PropertyValueSpecification","valueRequired":true,"valueName":"search_term_string"}}],"inLanguage":"hu"},{"@type":"Organization","@id":"https:\/\/schoolfood4change.eu\/hu\/#organization","name":"SchoolFood4Change HU","url":"https:\/\/schoolfood4change.eu\/hu\/","logo":{"@type":"ImageObject","inLanguage":"hu","@id":"https:\/\/schoolfood4change.eu\/hu\/#\/schema\/logo\/image\/","url":"https:\/\/schoolfood4change.eu\/hu\/wp-content\/uploads\/sites\/11\/2022\/06\/schholfood.svg","contentUrl":"https:\/\/schoolfood4change.eu\/hu\/wp-content\/uploads\/sites\/11\/2022\/06\/schholfood.svg","width":273,"height":90,"caption":"SchoolFood4Change HU"},"image":{"@id":"https:\/\/schoolfood4change.eu\/hu\/#\/schema\/logo\/image\/"}}]}},"_links":{"self":[{"href":"https:\/\/schoolfood4change.eu\/hu\/wp-json\/wp\/v2\/pages\/3732","targetHints":{"allow":["GET"]}}],"collection":[{"href":"https:\/\/schoolfood4change.eu\/hu\/wp-json\/wp\/v2\/pages"}],"about":[{"href":"https:\/\/schoolfood4change.eu\/hu\/wp-json\/wp\/v2\/types\/page"}],"author":[{"embeddable":true,"href":"https:\/\/schoolfood4change.eu\/hu\/wp-json\/wp\/v2\/users\/1"}],"replies":[{"embeddable":true,"href":"https:\/\/schoolfood4change.eu\/hu\/wp-json\/wp\/v2\/comments?post=3732"}],"version-history":[{"count":0,"href":"https:\/\/schoolfood4change.eu\/hu\/wp-json\/wp\/v2\/pages\/3732\/revisions"}],"wp:attachment":[{"href":"https:\/\/schoolfood4change.eu\/hu\/wp-json\/wp\/v2\/media?parent=3732"}],"curies":[{"name":"wp","href":"https:\/\/api.w.org\/{rel}","templated":true}]}}