{"id":4464,"date":"2025-07-23T15:35:56","date_gmt":"2025-07-23T13:35:56","guid":{"rendered":"https:\/\/schoolfood4change.eu\/es\/?page_id=4464"},"modified":"2025-07-23T15:35:57","modified_gmt":"2025-07-23T13:35:57","slug":"ciudades-replicadoras","status":"publish","type":"page","link":"https:\/\/schoolfood4change.eu\/es\/ciudades-replicadoras\/","title":{"rendered":"Ciudades replicadoras"},"content":{"rendered":"\n<div class=\"wp-block-getwid-section alignfull gg-blocks-results alignfull\" style=\"margin-bottom:30px\"><div class=\"wp-block-getwid-section__wrapper getwid-padding-top-normal getwid-padding-bottom-none\"><div class=\"wp-block-getwid-section__inner-wrapper\"><div class=\"wp-block-getwid-section__background-holder\"><div class=\"wp-block-getwid-section__background\"><\/div><div class=\"wp-block-getwid-section__foreground\"><\/div><\/div><div class=\"wp-block-getwid-section__content\"><div class=\"wp-block-getwid-section__inner-content\">\n<div class=\"wp-block-columns eplus-wrapper is-layout-flex wp-container-core-columns-is-layout-28f84493 wp-block-columns-is-layout-flex\">\n<div class=\"wp-block-column eplus-wrapper is-layout-flow wp-block-column-is-layout-flow\">\n<h1 class=\" wp-block-heading eplus-wrapper\">CONOZCA las ciudades replicadoras<\/h1>\n\n\n\n<p class=\" eplus-wrapper\">SchoolFood4Change se ha fijado objetivos ambiciosos para mejorar las comidas escolares. Con el fin de ampliar el impacto del proyecto, a principios de 2023 se cre\u00f3 un grupo de ciudades replicadoras, compuesto por 20 ciudades de Europa, \u00c1frica, Sudam\u00e9rica y Ocean\u00eda. A trav\u00e9s de seminarios web espec\u00edficos, visitas y reuniones del proyecto, las ciudades replicadoras y las ciudades asociadas tienen la oportunidad de reunirse tanto en l\u00ednea como  de forma presencial para intercambiar opiniones sobre el triple enfoque de SF4C y explorar acciones innovadoras que puedan replicarse. Todas ellas se han reunido con su ciudad gemela, con la que interactuar\u00e1n m\u00e1s estrechamente e intercambiar\u00e1n opiniones sobre los retos y oportunidades para mejorar las comidas escolares, al tiempo que eval\u00faan qu\u00e9 actividades de SF4C implementar\u00e1n en su contexto local.<\/p>\n\n\n\n<p class=\" eplus-wrapper\">\u00a1Conozca las ciudades replicantes comprometidas con la transformaci\u00f3n de las comidas escolares en todo el mundo!<\/p>\n\n\n\n<figure class=\" wp-block-image size-large eplus-wrapper\"><img loading=\"lazy\" decoding=\"async\" width=\"1024\" height=\"666\" src=\"https:\/\/schoolfood4change.eu\/es\/wp-content\/uploads\/sites\/13\/2025\/07\/image-1024x666.png\" alt=\"\" class=\"wp-image-4466\" srcset=\"https:\/\/schoolfood4change.eu\/es\/wp-content\/uploads\/sites\/13\/2025\/07\/image-1024x666.png 1024w, https:\/\/schoolfood4change.eu\/es\/wp-content\/uploads\/sites\/13\/2025\/07\/image-300x195.png 300w, https:\/\/schoolfood4change.eu\/es\/wp-content\/uploads\/sites\/13\/2025\/07\/image-768x499.png 768w, https:\/\/schoolfood4change.eu\/es\/wp-content\/uploads\/sites\/13\/2025\/07\/image-1536x998.png 1536w, https:\/\/schoolfood4change.eu\/es\/wp-content\/uploads\/sites\/13\/2025\/07\/image.png 2048w\" sizes=\"auto, (max-width: 1024px) 100vw, 1024px\" \/><\/figure>\n\n\n\n<p class=\" eplus-wrapper\"><strong>A continuaci\u00f3n, encontrar\u00e1 una descripci\u00f3n m\u00e1s detallada de las ciudades hermanadas (es decir, una ciudad replicante hermanada con una ciudad asociada):<\/strong><\/p>\n<\/div>\n<\/div>\n<\/div><\/div><\/div><\/div><\/div>\n\n\n\n<div class=\"wp-block-getwid-section gg-blocks-press-listings alignfull alignfull getwid-margin-top-normal\" style=\"margin-bottom:0px\"><div class=\"wp-block-getwid-section__wrapper getwid-padding-top-normal getwid-padding-bottom-large getwid-padding-left-normal getwid-padding-right-normal\"><div class=\"wp-block-getwid-section__inner-wrapper\"><div class=\"wp-block-getwid-section__background-holder\"><div class=\"wp-block-getwid-section__background has-background has-eef-7-f-6-background-color\"><\/div><div class=\"wp-block-getwid-section__foreground\"><\/div><\/div><div class=\"wp-block-getwid-section__content\"><div class=\"wp-block-getwid-section__inner-content\">\n<p class=\" eplus-wrapper\"><\/p>\n\n\n\n<figure class=\" wp-block-table eplus-wrapper\"><table class=\"has-fixed-layout\"><tbody><tr><td><strong>Ciudad replicadora<\/strong><\/td><td><strong>Ciudad socia<\/strong><\/td><\/tr><tr><td>Amberes, B\u00e9lgica<\/td><td>Tallin, Estonia<\/td><\/tr><tr><td>Bambilor, Senegal<\/td><td>Dordo\u00f1a, Francia<\/td><\/tr><tr><td>Belo Horizonte, Brasil<\/td><td>Eslovaquia<\/td><\/tr><tr><td>Brasov, Ruman\u00eda<\/td><td>Essen, Alemania<\/td><\/tr><tr><td>Bremen, Alemania<\/td><td>Copenhague, Dinamarca<\/td><\/tr><tr><td>Cuneo, Italia<\/td><td>Nuoro, Italia<\/td><\/tr><tr><td>Dunkirk, Francia<\/td><td>Malm\u00f6, Suecia<\/td><\/tr><tr><td>Izmir, Turqu\u00eda<\/td><td>Budapest, Hungr\u00eda<\/td><\/tr><tr><td>Madrid, Espa\u00f1a<\/td><td>Valencia, Espa\u00f1a<\/td><\/tr><tr><td>Mbale, Uganda<\/td><td>Mil\u00e1n, Italia<\/td><\/tr><tr><td>Nova Lima, Brasil<\/td><td>Lovaina, B\u00e9lgica<\/td><\/tr><tr><td>Sarajevo, Bosnia y Herzegovina<\/td><td>Milan, Italy<\/td><\/tr><tr><td>Schaerbeek, B\u00e9lgica<\/td><td>Gante, B\u00e9lgica<\/td><\/tr><tr><td>Sein\u00e4joki, Finlandia<\/td><td>Viimsi, Estonia \/ Umea, Suecia<\/td><\/tr><tr><td>Estrasburgo, Francia<\/td><td>Lyon, Francia<\/td><\/tr><tr><td>Tasmania, Australia<\/td><td>Malm\u00f6, Suecia<\/td><\/tr><tr><td>Torres Vedras, Portugal<\/td><td>Valencia, Espa\u00f1a<\/td><\/tr><tr><td>Viena, Austria<\/td><td>Copenhague, Dinamarca<\/td><\/tr><tr><td>Varsovia, Polonia<\/td><td>Rep\u00fablica Checa<\/td><\/tr><tr><td>Wolfsburg, Alemania<\/td><td>Nuremberg, Alemania<\/td><\/tr><\/tbody><\/table><\/figure>\n\n\n\n<p class=\" eplus-wrapper\"><\/p>\n<\/div><\/div><\/div><\/div><\/div>\n","protected":false},"excerpt":{"rendered":"","protected":false},"author":13,"featured_media":0,"parent":0,"menu_order":0,"comment_status":"closed","ping_status":"closed","template":"","meta":{"_acf_changed":false,"inline_featured_image":false,"editor_plus_copied_stylings":"{}","footnotes":""},"class_list":["post-4464","page","type-page","status-publish","hentry"],"blocksy_meta":{"styles_descriptor":{"styles":{"desktop":"","tablet":"","mobile":""},"google_fonts":[],"version":6}},"acf":[],"yoast_head":"<!-- This site is optimized with the Yoast SEO plugin v27.3 - https:\/\/yoast.com\/product\/yoast-seo-wordpress\/ -->\n<title>Ciudades replicadoras - SchoolFood4Change ES<\/title>\n<meta name=\"robots\" content=\"index, follow, max-snippet:-1, max-image-preview:large, max-video-preview:-1\" \/>\n<link rel=\"canonical\" href=\"https:\/\/schoolfood4change.eu\/es\/ciudades-replicadoras\/\" \/>\n<meta property=\"og:locale\" content=\"es_ES\" \/>\n<meta property=\"og:type\" content=\"article\" \/>\n<meta property=\"og:title\" content=\"Ciudades replicadoras - SchoolFood4Change ES\" \/>\n<meta property=\"og:url\" content=\"https:\/\/schoolfood4change.eu\/es\/ciudades-replicadoras\/\" \/>\n<meta property=\"og:site_name\" content=\"SchoolFood4Change ES\" \/>\n<meta property=\"article:modified_time\" content=\"2025-07-23T13:35:57+00:00\" \/>\n<meta property=\"og:image\" content=\"https:\/\/schoolfood4change.eu\/es\/wp-content\/uploads\/sites\/13\/2025\/07\/image.png\" \/>\n\t<meta property=\"og:image:width\" content=\"2048\" \/>\n\t<meta property=\"og:image:height\" content=\"1331\" \/>\n\t<meta property=\"og:image:type\" content=\"image\/png\" \/>\n<meta name=\"twitter:card\" content=\"summary_large_image\" \/>\n<meta name=\"twitter:label1\" content=\"Tiempo de lectura\" \/>\n\t<meta name=\"twitter:data1\" content=\"2 minutos\" \/>\n<script type=\"application\/ld+json\" class=\"yoast-schema-graph\">{\"@context\":\"https:\\\/\\\/schema.org\",\"@graph\":[{\"@type\":\"WebPage\",\"@id\":\"https:\\\/\\\/schoolfood4change.eu\\\/es\\\/ciudades-replicadoras\\\/\",\"url\":\"https:\\\/\\\/schoolfood4change.eu\\\/es\\\/ciudades-replicadoras\\\/\",\"name\":\"Ciudades replicadoras - SchoolFood4Change ES\",\"isPartOf\":{\"@id\":\"https:\\\/\\\/schoolfood4change.eu\\\/es\\\/#website\"},\"primaryImageOfPage\":{\"@id\":\"https:\\\/\\\/schoolfood4change.eu\\\/es\\\/ciudades-replicadoras\\\/#primaryimage\"},\"image\":{\"@id\":\"https:\\\/\\\/schoolfood4change.eu\\\/es\\\/ciudades-replicadoras\\\/#primaryimage\"},\"thumbnailUrl\":\"https:\\\/\\\/schoolfood4change.eu\\\/es\\\/wp-content\\\/uploads\\\/sites\\\/13\\\/2025\\\/07\\\/image-1024x666.png\",\"datePublished\":\"2025-07-23T13:35:56+00:00\",\"dateModified\":\"2025-07-23T13:35:57+00:00\",\"breadcrumb\":{\"@id\":\"https:\\\/\\\/schoolfood4change.eu\\\/es\\\/ciudades-replicadoras\\\/#breadcrumb\"},\"inLanguage\":\"es\",\"potentialAction\":[{\"@type\":\"ReadAction\",\"target\":[\"https:\\\/\\\/schoolfood4change.eu\\\/es\\\/ciudades-replicadoras\\\/\"]}]},{\"@type\":\"ImageObject\",\"inLanguage\":\"es\",\"@id\":\"https:\\\/\\\/schoolfood4change.eu\\\/es\\\/ciudades-replicadoras\\\/#primaryimage\",\"url\":\"https:\\\/\\\/schoolfood4change.eu\\\/es\\\/wp-content\\\/uploads\\\/sites\\\/13\\\/2025\\\/07\\\/image.png\",\"contentUrl\":\"https:\\\/\\\/schoolfood4change.eu\\\/es\\\/wp-content\\\/uploads\\\/sites\\\/13\\\/2025\\\/07\\\/image.png\",\"width\":2048,\"height\":1331},{\"@type\":\"BreadcrumbList\",\"@id\":\"https:\\\/\\\/schoolfood4change.eu\\\/es\\\/ciudades-replicadoras\\\/#breadcrumb\",\"itemListElement\":[{\"@type\":\"ListItem\",\"position\":1,\"name\":\"Home\",\"item\":\"https:\\\/\\\/schoolfood4change.eu\\\/es\\\/\"},{\"@type\":\"ListItem\",\"position\":2,\"name\":\"Ciudades replicadoras\"}]},{\"@type\":\"WebSite\",\"@id\":\"https:\\\/\\\/schoolfood4change.eu\\\/es\\\/#website\",\"url\":\"https:\\\/\\\/schoolfood4change.eu\\\/es\\\/\",\"name\":\"SchoolFood4Change ES\",\"description\":\"\",\"publisher\":{\"@id\":\"https:\\\/\\\/schoolfood4change.eu\\\/es\\\/#organization\"},\"potentialAction\":[{\"@type\":\"SearchAction\",\"target\":{\"@type\":\"EntryPoint\",\"urlTemplate\":\"https:\\\/\\\/schoolfood4change.eu\\\/es\\\/?s={search_term_string}\"},\"query-input\":{\"@type\":\"PropertyValueSpecification\",\"valueRequired\":true,\"valueName\":\"search_term_string\"}}],\"inLanguage\":\"es\"},{\"@type\":\"Organization\",\"@id\":\"https:\\\/\\\/schoolfood4change.eu\\\/es\\\/#organization\",\"name\":\"SchoolFood4Change ES\",\"url\":\"https:\\\/\\\/schoolfood4change.eu\\\/es\\\/\",\"logo\":{\"@type\":\"ImageObject\",\"inLanguage\":\"es\",\"@id\":\"https:\\\/\\\/schoolfood4change.eu\\\/es\\\/#\\\/schema\\\/logo\\\/image\\\/\",\"url\":\"https:\\\/\\\/schoolfood4change.eu\\\/es\\\/wp-content\\\/uploads\\\/sites\\\/13\\\/2022\\\/06\\\/schholfood.svg\",\"contentUrl\":\"https:\\\/\\\/schoolfood4change.eu\\\/es\\\/wp-content\\\/uploads\\\/sites\\\/13\\\/2022\\\/06\\\/schholfood.svg\",\"width\":273,\"height\":90,\"caption\":\"SchoolFood4Change ES\"},\"image\":{\"@id\":\"https:\\\/\\\/schoolfood4change.eu\\\/es\\\/#\\\/schema\\\/logo\\\/image\\\/\"}}]}<\/script>\n<!-- \/ Yoast SEO plugin. -->","yoast_head_json":{"title":"Ciudades replicadoras - SchoolFood4Change ES","robots":{"index":"index","follow":"follow","max-snippet":"max-snippet:-1","max-image-preview":"max-image-preview:large","max-video-preview":"max-video-preview:-1"},"canonical":"https:\/\/schoolfood4change.eu\/es\/ciudades-replicadoras\/","og_locale":"es_ES","og_type":"article","og_title":"Ciudades replicadoras - SchoolFood4Change ES","og_url":"https:\/\/schoolfood4change.eu\/es\/ciudades-replicadoras\/","og_site_name":"SchoolFood4Change ES","article_modified_time":"2025-07-23T13:35:57+00:00","og_image":[{"width":2048,"height":1331,"url":"https:\/\/schoolfood4change.eu\/es\/wp-content\/uploads\/sites\/13\/2025\/07\/image.png","type":"image\/png"}],"twitter_card":"summary_large_image","twitter_misc":{"Tiempo de lectura":"2 minutos"},"schema":{"@context":"https:\/\/schema.org","@graph":[{"@type":"WebPage","@id":"https:\/\/schoolfood4change.eu\/es\/ciudades-replicadoras\/","url":"https:\/\/schoolfood4change.eu\/es\/ciudades-replicadoras\/","name":"Ciudades replicadoras - SchoolFood4Change ES","isPartOf":{"@id":"https:\/\/schoolfood4change.eu\/es\/#website"},"primaryImageOfPage":{"@id":"https:\/\/schoolfood4change.eu\/es\/ciudades-replicadoras\/#primaryimage"},"image":{"@id":"https:\/\/schoolfood4change.eu\/es\/ciudades-replicadoras\/#primaryimage"},"thumbnailUrl":"https:\/\/schoolfood4change.eu\/es\/wp-content\/uploads\/sites\/13\/2025\/07\/image-1024x666.png","datePublished":"2025-07-23T13:35:56+00:00","dateModified":"2025-07-23T13:35:57+00:00","breadcrumb":{"@id":"https:\/\/schoolfood4change.eu\/es\/ciudades-replicadoras\/#breadcrumb"},"inLanguage":"es","potentialAction":[{"@type":"ReadAction","target":["https:\/\/schoolfood4change.eu\/es\/ciudades-replicadoras\/"]}]},{"@type":"ImageObject","inLanguage":"es","@id":"https:\/\/schoolfood4change.eu\/es\/ciudades-replicadoras\/#primaryimage","url":"https:\/\/schoolfood4change.eu\/es\/wp-content\/uploads\/sites\/13\/2025\/07\/image.png","contentUrl":"https:\/\/schoolfood4change.eu\/es\/wp-content\/uploads\/sites\/13\/2025\/07\/image.png","width":2048,"height":1331},{"@type":"BreadcrumbList","@id":"https:\/\/schoolfood4change.eu\/es\/ciudades-replicadoras\/#breadcrumb","itemListElement":[{"@type":"ListItem","position":1,"name":"Home","item":"https:\/\/schoolfood4change.eu\/es\/"},{"@type":"ListItem","position":2,"name":"Ciudades replicadoras"}]},{"@type":"WebSite","@id":"https:\/\/schoolfood4change.eu\/es\/#website","url":"https:\/\/schoolfood4change.eu\/es\/","name":"SchoolFood4Change ES","description":"","publisher":{"@id":"https:\/\/schoolfood4change.eu\/es\/#organization"},"potentialAction":[{"@type":"SearchAction","target":{"@type":"EntryPoint","urlTemplate":"https:\/\/schoolfood4change.eu\/es\/?s={search_term_string}"},"query-input":{"@type":"PropertyValueSpecification","valueRequired":true,"valueName":"search_term_string"}}],"inLanguage":"es"},{"@type":"Organization","@id":"https:\/\/schoolfood4change.eu\/es\/#organization","name":"SchoolFood4Change ES","url":"https:\/\/schoolfood4change.eu\/es\/","logo":{"@type":"ImageObject","inLanguage":"es","@id":"https:\/\/schoolfood4change.eu\/es\/#\/schema\/logo\/image\/","url":"https:\/\/schoolfood4change.eu\/es\/wp-content\/uploads\/sites\/13\/2022\/06\/schholfood.svg","contentUrl":"https:\/\/schoolfood4change.eu\/es\/wp-content\/uploads\/sites\/13\/2022\/06\/schholfood.svg","width":273,"height":90,"caption":"SchoolFood4Change ES"},"image":{"@id":"https:\/\/schoolfood4change.eu\/es\/#\/schema\/logo\/image\/"}}]}},"_links":{"self":[{"href":"https:\/\/schoolfood4change.eu\/es\/wp-json\/wp\/v2\/pages\/4464","targetHints":{"allow":["GET"]}}],"collection":[{"href":"https:\/\/schoolfood4change.eu\/es\/wp-json\/wp\/v2\/pages"}],"about":[{"href":"https:\/\/schoolfood4change.eu\/es\/wp-json\/wp\/v2\/types\/page"}],"author":[{"embeddable":true,"href":"https:\/\/schoolfood4change.eu\/es\/wp-json\/wp\/v2\/users\/13"}],"replies":[{"embeddable":true,"href":"https:\/\/schoolfood4change.eu\/es\/wp-json\/wp\/v2\/comments?post=4464"}],"version-history":[{"count":2,"href":"https:\/\/schoolfood4change.eu\/es\/wp-json\/wp\/v2\/pages\/4464\/revisions"}],"predecessor-version":[{"id":4467,"href":"https:\/\/schoolfood4change.eu\/es\/wp-json\/wp\/v2\/pages\/4464\/revisions\/4467"}],"wp:attachment":[{"href":"https:\/\/schoolfood4change.eu\/es\/wp-json\/wp\/v2\/media?parent=4464"}],"curies":[{"name":"wp","href":"https:\/\/api.w.org\/{rel}","templated":true}]}}