{"id":4110,"date":"2024-03-12T09:21:05","date_gmt":"2024-03-12T08:21:05","guid":{"rendered":"https:\/\/schoolfood4change.eu\/es\/?page_id=4110"},"modified":"2025-11-03T11:36:39","modified_gmt":"2025-11-03T10:36:39","slug":"escuelas","status":"publish","type":"page","link":"https:\/\/schoolfood4change.eu\/es\/escuelas\/","title":{"rendered":"Escuelas"},"content":{"rendered":"\n<div class=\"wp-block-getwid-section alignfull gg-blocks-results alignfull\" style=\"margin-bottom:30px\"><div class=\"wp-block-getwid-section__wrapper getwid-padding-top-normal getwid-padding-bottom-none\"><div class=\"wp-block-getwid-section__inner-wrapper\"><div class=\"wp-block-getwid-section__background-holder\"><div class=\"wp-block-getwid-section__background\"><\/div><div class=\"wp-block-getwid-section__foreground\"><\/div><\/div><div class=\"wp-block-getwid-section__content\"><div class=\"wp-block-getwid-section__inner-content\">\n<div class=\"wp-block-columns eplus-wrapper is-layout-flex wp-container-core-columns-is-layout-28f84493 wp-block-columns-is-layout-flex\">\n<div class=\"wp-block-column eplus-wrapper is-layout-flow wp-block-column-is-layout-flow\">\n<h1 class=\" wp-block-heading eplus-wrapper\">CONOZCA NUESTRAS ESCUELAS<\/h1>\n\n\n\n<p class=\" eplus-wrapper\">SchoolFood4Change se ha fijado el objetivo de crear un cambio hacia dietas sostenibles y saludables a gran escala, incidiendo directamente en m\u00e1s de 3.000 escuelas en total y 600.000 escolares de 12 pa\u00edses europeos.<\/p>\n\n\n\n<p class=\" eplus-wrapper\">Cada vez m\u00e1s centros escolares de toda Europa participan en SchoolFood4Change para mejorar su cultura alimentaria. Esto incluye el fomento de la educaci\u00f3n alimentaria, la asociaci\u00f3n con personas productoras y el cambio del men\u00fa escolar hacia dietas m\u00e1s sanas y sostenibles.<\/p>\n\n\n\n<p class=\" eplus-wrapper\">Conozca a los valientes pioneros en Espa\u00f1a, los centros escolares de SchoolFood4Change que est\u00e1n aplicando el \u00abenfoque integral de la alimentaci\u00f3n en la escuela\u00bb.<\/p>\n<\/div>\n\n\n\n<div class=\"wp-block-column eplus-wrapper is-layout-flow wp-block-column-is-layout-flow\">\n<figure class=\" wp-block-image size-full eplus-wrapper\"><img loading=\"lazy\" decoding=\"async\" width=\"991\" height=\"658\" src=\"https:\/\/schoolfood4change.eu\/es\/wp-content\/uploads\/sites\/13\/2022\/12\/pupils_eating_format-3.jpg\" alt=\"\" class=\"wp-image-3619\" \/><\/figure>\n<\/div>\n<\/div>\n<\/div><\/div><\/div><\/div><\/div>\n\n\n\n<div class=\"wp-block-getwid-section gg-blocks-press-listings alignfull alignfull getwid-margin-top-normal\" style=\"margin-bottom:0px\"><div class=\"wp-block-getwid-section__wrapper getwid-padding-top-normal getwid-padding-bottom-large getwid-padding-left-normal getwid-padding-right-normal\"><div class=\"wp-block-getwid-section__inner-wrapper\"><div class=\"wp-block-getwid-section__background-holder\"><div class=\"wp-block-getwid-section__background has-background has-eef-7-f-6-background-color\"><\/div><div class=\"wp-block-getwid-section__foreground\"><\/div><\/div><div class=\"wp-block-getwid-section__content\"><div class=\"wp-block-getwid-section__inner-content\">\n<h4 class=\" wp-block-heading eplus-wrapper\">ESCUELAS<\/h4>\n\n\n\n<p class=\" eplus-wrapper\"><\/p>\n\n\n\n<figure class=\" wp-block-table eplus-wrapper\"><table><tbody><tr><td><strong>Escuela<\/strong><\/td><td><strong>Nivel educativo<\/strong><\/td><td><strong>Ciudad<\/strong><\/td><\/tr><tr><td>Escuela Infantil El Tossalet<\/td><td>Infantil<\/td><td>Alicante<\/td><\/tr><tr><td>CEIP La Mediterr\u00e0nia<\/td><td>Infantil y primaria<\/td><td>Oropesa (Castell\u00f3n)<\/td><\/tr><tr><td>CEIP Pare Vilallonga<\/td><td>Infantil y primaria<\/td><td>Borriana (Castell\u00f3n)<\/td><\/tr><tr><td>CEIP Manel Garcia Grau<\/td><td>Infantil y primaria<\/td><td>Castell\u00f3n de la Plana<\/td><\/tr><tr><td>CEIP Jaime Sanz<\/td><td>Infantil y primaria<\/td><td>Pe\u00f1\u00edscola (Castell\u00f3n)<\/td><\/tr><tr><td>CEIP Cervantes la Vall d\u00b4Uixo<\/td><td>Infantil y primaria<\/td><td>Vall d\u00b4Uixo (Castell\u00f3n)<\/td><\/tr><tr><td>CEIP Mare de Deu Vallivana<\/td><td>Infantil y primaria<\/td><td>Morella (Castell\u00f3n)<\/td><\/tr><tr><td>CEIP Alborxi<\/td><td>Infantil y primaria<\/td><td>Alzira (Valencia)<\/td><\/tr><tr><td>CEIP Mestre Rafael Noguera<\/td><td>Infantil y primaria<\/td><td>Daim\u00fas (Valencia)<\/td><\/tr><tr><td>CEIP Maestro Victorio Montes<\/td><td>Infantil y primaria<\/td><td>Venta del Moro (Valencia)<\/td><\/tr><tr><td>CEIP Gloria Fuertes<\/td><td>Infantil y primaria<\/td><td>Catarroja (Valencia)<\/td><\/tr><tr><td>CEIP San Francisco de Asis<\/td><td>Infantil y primaria<\/td><td>Alicante<\/td><\/tr><tr><td>CEIP Gabriel Mir\u00f3<\/td><td>Infantil y primaria<\/td><td>Calpe (Alicante)<\/td><\/tr><tr><td>CEIP Virgen del Rosario<\/td><td>Infantil y primaria<\/td><td>Salinas (Alicante)<\/td><\/tr><tr><td>CEIP Escriptor Cany\u00eds<\/td><td>Infantil y primaria<\/td><td>Monovar (Alicante)<\/td><\/tr><tr><td>CEIP Azor\u00edn<\/td><td>Infantil y primaria<\/td><td>Monovar (Alicante)<\/td><\/tr><tr><td>CEIP Rambla dels Molins<\/td><td>Infantil y primaria<\/td><td>Petrer (Alicante)<\/td><\/tr><tr><td>CEIP Reyes Cat\u00f3licos<\/td><td>Infantil y primaria<\/td><td>Petrer (Alicante)<\/td><\/tr><tr><td>CEIP Manuel de Torres<\/td><td>Infantil y primaria<\/td><td>Almoradi (Alicante)<\/td><\/tr><tr><td>CEIP Almoradi-Heredades<\/td><td>Infantil y primaria<\/td><td>Almoradi (Alicante)<\/td><\/tr><tr><td>CEIP Miguel Hern\u00e1ndez<\/td><td>Infantil y primaria<\/td><td>Orihuela (Alicante)<\/td><\/tr><tr><td>CEIP Maestro Ismael Garcia<\/td><td>Infantil y primaria<\/td><td>Orihuela (Alicante)<\/td><\/tr><tr><td>CEIP Manuel Riquelme<\/td><td>Infantil y primaria<\/td><td>Orihuela (Alicante)<\/td><\/tr><tr><td>CEIP San Bartolome<\/td><td>Infantil y primaria<\/td><td>Orihuela (Alicante)<\/td><\/tr><tr><td>CEIP Monte Benacantil<\/td><td>Infantil y primaria<\/td><td>Alicante<\/td><\/tr><tr><td>CEIP Rafael Altamira<\/td><td>Infantil y primaria<\/td><td>El Campello (Alicante)<\/td><\/tr><tr><td>CEIP Cristo de la Paz<\/td><td>Infantil y primaria<\/td><td>Sant Joan (Alicante)<\/td><\/tr><tr><td>CEIP La Rambla<\/td><td>Infantil y primaria<\/td><td>Agost (Alicante)<\/td><\/tr><tr><td>CEIP Port de X\u00e0bia<\/td><td>Infantil y primaria<\/td><td>X\u00e0bia (Alicante)<\/td><\/tr><tr><td>CEIP Ausi\u00e0s March<\/td><td>Infantil y primaria<\/td><td>Els Poblets (Alicante)<\/td><\/tr><tr><td>CEIP Bertomeu Llorens i Royo<\/td><td>Infantil y primaria<\/td><td>San Miguel de las Salinas (Alicante)<\/td><\/tr><tr><td>CPEE La Panderola<\/td><td>Primaria y secundaria<\/td><td>Vila-Real (Castell\u00f3n)<\/td><\/tr><tr><td>CPEE Sanchis Ban\u00fas<\/td><td>Primaria y secundaria<\/td><td>Ibi  (Alicante)<\/td><\/tr><tr><td>Colegio Alfa &amp; Omega<\/td><td>Infantil, primaria y secundaria<\/td><td>Denia (Alicante)<\/td><\/tr><tr><td>Colegio Alonai<\/td><td>Infantil, primaria y secundaria<\/td><td>Santa Pola (Valencia)<\/td><\/tr><tr><td>San Vicente Ferrer HH. Maristas<\/td><td>Infantil, primaria y secundaria<\/td><td>Cullera (Valencia)<\/td><\/tr><tr><td>Colegio Nuestra Se\u00f1ora del Carmen<\/td><td>Infantil, primaria y secundaria<\/td><td>Orihuela (Alicante)<\/td><\/tr><tr><td>Colegio Nuestra Se\u00f1ora del Socorro<\/td><td>Infantil, primaria y secundaria<\/td><td>Benet\u00fasser (Valencia)<\/td><\/tr><tr><td>Colegio Santa Ana<\/td><td>Infantil, primaria y secundaria<\/td><td>Alcoy (Alicante)<\/td><\/tr><tr><td>Colegio Sagrada Familia<\/td><td>Infantil, primaria y secundaria<\/td><td>Elda (Alicante)<\/td><\/tr><tr><td>IES Maci\u00e0 Abela<\/td><td>Secundaria<\/td><td>Crevillent (Alicante)<\/td><\/tr><tr><td>IES Vega Baja<\/td><td>Secundaria<\/td><td>Orihuela (Alicante)<\/td><\/tr><tr><td>IES Enric Valor<\/td><td>Secundaria<\/td><td>Picanya (Valencia)<\/td><\/tr><tr><td>Escuela Infantil Municipal La Bruja Aver\u00eda-Lolo Rico<\/td><td>Infantil<\/td><td>Madrid<\/td><\/tr><tr><td>Escuela Infantil Municipal Molinos de Viento<\/td><td>Infantil<\/td><td>Madrid<\/td><\/tr><tr><td>Escuela Infantil Municipal Poeta Gloria Fuertes<\/td><td>Infantil<\/td><td>Madrid<\/td><\/tr><tr><td>Escuela Infantil Municipal La Caracola<\/td><td>Infantil<\/td><td>Madrid<\/td><\/tr><tr><td>Escuela Infantil Municipal Luisa Fernanda<\/td><td>Infantil<\/td><td>Madrid<\/td><\/tr><tr><td>Escuela Infantil Municipal Ruiz Jim\u00e9nez<\/td><td>Infantil<\/td><td>Madrid<\/td><\/tr><tr><td>Escuela Infantil Municipal Los Gavilanes<\/td><td>Infantil<\/td><td>Madrid<\/td><\/tr><tr><td>Escuela Infantil Municipal Antonio Mercero<\/td><td>Infantil<\/td><td>Madrid<\/td><\/tr><tr><td>Escuela Infantil Municipal La Brisa<\/td><td>Infantil<\/td><td>Madrid<\/td><\/tr><tr><td>Escuela Infantil Municipal El Manantial<\/td><td>Infantil<\/td><td>Madrid<\/td><\/tr><tr><td>Escuela Infantil Municipal Los Juncos<\/td><td>Infantil<\/td><td>Madrid<\/td><\/tr><tr><td>Escuela Infantil Municipal Sabina<\/td><td>Infantil<\/td><td>Madrid<\/td><\/tr><tr><td>Escuela Infantil Municipal El Caser\u00edo<\/td><td>Infantil<\/td><td>Madrid<\/td><\/tr><tr><td>Escuela Infantil Municipal La Alegr\u00eda de la Huerta<\/td><td>Infantil<\/td><td>Madrid<\/td><\/tr><tr><td>Escuela Infantil Municipal La Revoltosa<\/td><td>Infantil<\/td><td>Madrid<\/td><\/tr><tr><td>Escuela Infantil Municipal Las Pl\u00e9yades<\/td><td>Infantil<\/td><td>Madrid<\/td><\/tr><tr><td>Escuela Infantil Municipal Las Leandras<\/td><td>Infantil<\/td><td>Madrid<\/td><\/tr><tr><td>Escuela Infantil Municipal La Ardilla<\/td><td>Infantil<\/td><td>Madrid<\/td><\/tr><tr><td>Escuela Infantil Municipal El Alba<\/td><td>Infantil<\/td><td>Madrid<\/td><\/tr><tr><td>Escuela Infantil Municipal La Corte del Fara\u00f3n<\/td><td>Infantil<\/td><td>Madrid<\/td><\/tr><tr><td>Escuela Infantil Municipal Las Golondrinas<\/td><td>Infantil<\/td><td>Madrid<\/td><\/tr><tr><td>Escuela Infantil Municipal Ca\u00f1averal<\/td><td>Infantil<\/td><td>Madrid<\/td><\/tr><tr><td>Escuela Infantil Municipal Las Vi\u00f1as<\/td><td>Infantil<\/td><td>Madrid<\/td><\/tr><tr><td>Escuela Infantil Municipal Los Pinos<\/td><td>Infantil<\/td><td>Madrid<\/td><\/tr><tr><td>Escuela Infantil Municipal Las Amapolas<\/td><td>Infantil<\/td><td>Madrid<\/td><\/tr><tr><td>Escuela Infantil Municipal Parque Ingenieros<\/td><td>Infantil<\/td><td>Madrid<\/td><\/tr><tr><td>Escuela Infantil Municipal El Olivar&nbsp;<\/td><td>Infantil<\/td><td>Madrid<\/td><\/tr><tr><td>Escuela Infantil Municipal El Bosque<\/td><td>Infantil<\/td><td>Madrid<\/td><\/tr><tr><td>Escuela Infantil Municipal La Patria Chica<\/td><td>Infantil<\/td><td>Madrid<\/td><\/tr><tr><td>Escuela Infantil Municipal Hiedra<\/td><td>Infantil<\/td><td>Madrid<\/td><\/tr><tr><td>Escuela Infantil Municipal Villa de Vallecas <\/td><td>Infantil<\/td><td>Madrid<\/td><\/tr><tr><td>Escuela Infantil Municipal La Verbena de la Paloma<\/td><td>Infantil<\/td><td>Madrid<\/td><\/tr><tr><td>Escuela Infantil Municipal La Cornisa<\/td><td>Infantil<\/td><td>Madrid<\/td><\/tr><tr><td>Escuela Infantil Municipal Margarita Salas<\/td><td>Infantil<\/td><td>Madrid<\/td><\/tr><tr><td>Escuela Infantil Municipal Gigantes y Cabezudos<\/td><td>Infantil<\/td><td>Madrid<\/td><\/tr><tr><td>Escuela Infantil Municipal La Colina<\/td><td>Infantil<\/td><td>Madrid<\/td><\/tr><tr><td>Escuela Infantil Municipal El Mamut&nbsp;<\/td><td>Infantil<\/td><td>Madrid<\/td><\/tr><tr><td>Escuela Infantil Municipal Osa Menor<\/td><td>Infantil<\/td><td>Madrid<\/td><\/tr><tr><td>Escuela Infantil Municipal Escuelas de San Ant\u00f3n<\/td><td>Infantil<\/td><td>Madrid<\/td><\/tr><tr><td>Escuela Infantil Municipal Cielo Azul&nbsp;<\/td><td>Infantil<\/td><td>Madrid<\/td><\/tr><tr><td>Escuela Infantil Municipal La Oliva<\/td><td>Infantil<\/td><td>Madrid<\/td><\/tr><tr><td>Escuela Infantil Municipal La Luna<\/td><td>Infantil<\/td><td>Madrid<\/td><\/tr><tr><td>Escuela Infantil Municipal El Tren<\/td><td>Infantil<\/td><td>Zaragoza<\/td><\/tr><tr><td>Escuela Infantil Municipal Pirineos<\/td><td>Infantil<\/td><td>Zaragoza<\/td><\/tr><tr><td>Escuela Infantil Municipal Los Vientos<\/td><td>Infantil<\/td><td>Zaragoza<\/td><\/tr><tr><td>Escuela Infantil Municipal La Pira\u00f1a<\/td><td>Infantil<\/td><td>Zaragoza<\/td><\/tr><tr><td>Escuela Infantil Municipal Villacampa<\/td><td>Infantil<\/td><td>Zaragoza<\/td><\/tr><tr><td>Escuela Infantil Municipal Maria Urrea<\/td><td>Infantil<\/td><td>Zaragoza<\/td><\/tr><tr><td>Escuela Infantil Municipal Los Ibones<\/td><td>Infantil<\/td><td>Zaragoza<\/td><\/tr><tr><td>Escuela Infantil Municipal La Paz<\/td><td>Infantil<\/td><td>Zaragoza<\/td><\/tr><tr><td>Escuela Infantil Municipal Brioletas<\/td><td>Infantil<\/td><td>Zaragoza<\/td><\/tr><tr><td>Escuela Infantil Municipal El Anden<\/td><td>Infantil<\/td><td>Zaragoza<\/td><\/tr><tr><td>Escuela Infantil Municipal El Bosque<\/td><td>Infantil<\/td><td>Zaragoza<\/td><\/tr><tr><td>Escuela Infantil Municipal Parque Bruil<\/td><td>Infantil<\/td><td>Zaragoza<\/td><\/tr><tr><td>Escuela Infantil Municipal Parque Venecia<\/td><td>Infantil<\/td><td>Zaragoza<\/td><\/tr><tr><td>CEIP Margarita Salas<\/td><td>Infantil y primaria<\/td><td>Zaragoza<\/td><\/tr><tr><td>CEIP San Braulio<\/td><td>Infantil y primaria<\/td><td>Zaragoza<\/td><\/tr><tr><td>CEIP Mar\u00eda Moliner<\/td><td>Infantil y primaria<\/td><td>Zaragoza<\/td><\/tr><tr><td>CEIP Josefa Amar y Borbon<\/td><td>Infantil y primaria<\/td><td>Zaragoza<\/td><\/tr><tr><td>CEIP La Estrella<\/td><td>Infantil y primaria<\/td><td>Zaragoza<\/td><\/tr><tr><td>CEIP Fernando el Cat\u00f3lico<\/td><td>Infantil y primaria<\/td><td>Zaragoza<\/td><\/tr><tr><td>CEIP Ces\u00e1reo Alierta<\/td><td>Infantil y primaria<\/td><td>Zaragoza<\/td><\/tr><\/tbody><\/table><\/figure>\n\n\n\n<p class=\" eplus-wrapper\"><\/p>\n<\/div><\/div><\/div><\/div><\/div>\n","protected":false},"excerpt":{"rendered":"","protected":false},"author":7,"featured_media":0,"parent":0,"menu_order":0,"comment_status":"closed","ping_status":"closed","template":"","meta":{"_acf_changed":false,"inline_featured_image":false,"editor_plus_copied_stylings":"{}","footnotes":""},"class_list":["post-4110","page","type-page","status-publish","hentry"],"blocksy_meta":{"styles_descriptor":{"styles":{"desktop":"","tablet":"","mobile":""},"google_fonts":[],"version":6}},"acf":[],"yoast_head":"<!-- This site is optimized with the Yoast SEO plugin v27.3 - https:\/\/yoast.com\/product\/yoast-seo-wordpress\/ -->\n<title>Escuelas - SchoolFood4Change ES<\/title>\n<meta name=\"robots\" content=\"index, follow, max-snippet:-1, max-image-preview:large, max-video-preview:-1\" \/>\n<link rel=\"canonical\" href=\"https:\/\/schoolfood4change.eu\/es\/escuelas\/\" \/>\n<meta property=\"og:locale\" content=\"es_ES\" \/>\n<meta property=\"og:type\" content=\"article\" \/>\n<meta property=\"og:title\" content=\"Escuelas - SchoolFood4Change ES\" \/>\n<meta property=\"og:url\" content=\"https:\/\/schoolfood4change.eu\/es\/escuelas\/\" \/>\n<meta property=\"og:site_name\" content=\"SchoolFood4Change ES\" \/>\n<meta property=\"article:modified_time\" content=\"2025-11-03T10:36:39+00:00\" \/>\n<meta property=\"og:image\" content=\"https:\/\/schoolfood4change.eu\/es\/wp-content\/uploads\/sites\/13\/2022\/12\/pupils_eating_format-3.jpg\" \/>\n\t<meta property=\"og:image:width\" content=\"991\" \/>\n\t<meta property=\"og:image:height\" content=\"658\" \/>\n\t<meta property=\"og:image:type\" content=\"image\/jpeg\" \/>\n<meta name=\"twitter:card\" content=\"summary_large_image\" \/>\n<meta name=\"twitter:label1\" content=\"Tiempo de lectura\" \/>\n\t<meta name=\"twitter:data1\" content=\"5 minutos\" \/>\n<script type=\"application\/ld+json\" class=\"yoast-schema-graph\">{\"@context\":\"https:\\\/\\\/schema.org\",\"@graph\":[{\"@type\":\"WebPage\",\"@id\":\"https:\\\/\\\/schoolfood4change.eu\\\/es\\\/escuelas\\\/\",\"url\":\"https:\\\/\\\/schoolfood4change.eu\\\/es\\\/escuelas\\\/\",\"name\":\"Escuelas - SchoolFood4Change ES\",\"isPartOf\":{\"@id\":\"https:\\\/\\\/schoolfood4change.eu\\\/es\\\/#website\"},\"primaryImageOfPage\":{\"@id\":\"https:\\\/\\\/schoolfood4change.eu\\\/es\\\/escuelas\\\/#primaryimage\"},\"image\":{\"@id\":\"https:\\\/\\\/schoolfood4change.eu\\\/es\\\/escuelas\\\/#primaryimage\"},\"thumbnailUrl\":\"https:\\\/\\\/schoolfood4change.eu\\\/es\\\/wp-content\\\/uploads\\\/sites\\\/13\\\/2022\\\/12\\\/pupils_eating_format-3.jpg\",\"datePublished\":\"2024-03-12T08:21:05+00:00\",\"dateModified\":\"2025-11-03T10:36:39+00:00\",\"breadcrumb\":{\"@id\":\"https:\\\/\\\/schoolfood4change.eu\\\/es\\\/escuelas\\\/#breadcrumb\"},\"inLanguage\":\"es\",\"potentialAction\":[{\"@type\":\"ReadAction\",\"target\":[\"https:\\\/\\\/schoolfood4change.eu\\\/es\\\/escuelas\\\/\"]}]},{\"@type\":\"ImageObject\",\"inLanguage\":\"es\",\"@id\":\"https:\\\/\\\/schoolfood4change.eu\\\/es\\\/escuelas\\\/#primaryimage\",\"url\":\"https:\\\/\\\/schoolfood4change.eu\\\/es\\\/wp-content\\\/uploads\\\/sites\\\/13\\\/2022\\\/12\\\/pupils_eating_format-3.jpg\",\"contentUrl\":\"https:\\\/\\\/schoolfood4change.eu\\\/es\\\/wp-content\\\/uploads\\\/sites\\\/13\\\/2022\\\/12\\\/pupils_eating_format-3.jpg\",\"width\":991,\"height\":658},{\"@type\":\"BreadcrumbList\",\"@id\":\"https:\\\/\\\/schoolfood4change.eu\\\/es\\\/escuelas\\\/#breadcrumb\",\"itemListElement\":[{\"@type\":\"ListItem\",\"position\":1,\"name\":\"Home\",\"item\":\"https:\\\/\\\/schoolfood4change.eu\\\/es\\\/\"},{\"@type\":\"ListItem\",\"position\":2,\"name\":\"Escuelas\"}]},{\"@type\":\"WebSite\",\"@id\":\"https:\\\/\\\/schoolfood4change.eu\\\/es\\\/#website\",\"url\":\"https:\\\/\\\/schoolfood4change.eu\\\/es\\\/\",\"name\":\"SchoolFood4Change ES\",\"description\":\"\",\"publisher\":{\"@id\":\"https:\\\/\\\/schoolfood4change.eu\\\/es\\\/#organization\"},\"potentialAction\":[{\"@type\":\"SearchAction\",\"target\":{\"@type\":\"EntryPoint\",\"urlTemplate\":\"https:\\\/\\\/schoolfood4change.eu\\\/es\\\/?s={search_term_string}\"},\"query-input\":{\"@type\":\"PropertyValueSpecification\",\"valueRequired\":true,\"valueName\":\"search_term_string\"}}],\"inLanguage\":\"es\"},{\"@type\":\"Organization\",\"@id\":\"https:\\\/\\\/schoolfood4change.eu\\\/es\\\/#organization\",\"name\":\"SchoolFood4Change ES\",\"url\":\"https:\\\/\\\/schoolfood4change.eu\\\/es\\\/\",\"logo\":{\"@type\":\"ImageObject\",\"inLanguage\":\"es\",\"@id\":\"https:\\\/\\\/schoolfood4change.eu\\\/es\\\/#\\\/schema\\\/logo\\\/image\\\/\",\"url\":\"https:\\\/\\\/schoolfood4change.eu\\\/es\\\/wp-content\\\/uploads\\\/sites\\\/13\\\/2022\\\/06\\\/schholfood.svg\",\"contentUrl\":\"https:\\\/\\\/schoolfood4change.eu\\\/es\\\/wp-content\\\/uploads\\\/sites\\\/13\\\/2022\\\/06\\\/schholfood.svg\",\"width\":273,\"height\":90,\"caption\":\"SchoolFood4Change ES\"},\"image\":{\"@id\":\"https:\\\/\\\/schoolfood4change.eu\\\/es\\\/#\\\/schema\\\/logo\\\/image\\\/\"}}]}<\/script>\n<!-- \/ Yoast SEO plugin. -->","yoast_head_json":{"title":"Escuelas - SchoolFood4Change ES","robots":{"index":"index","follow":"follow","max-snippet":"max-snippet:-1","max-image-preview":"max-image-preview:large","max-video-preview":"max-video-preview:-1"},"canonical":"https:\/\/schoolfood4change.eu\/es\/escuelas\/","og_locale":"es_ES","og_type":"article","og_title":"Escuelas - SchoolFood4Change ES","og_url":"https:\/\/schoolfood4change.eu\/es\/escuelas\/","og_site_name":"SchoolFood4Change ES","article_modified_time":"2025-11-03T10:36:39+00:00","og_image":[{"width":991,"height":658,"url":"https:\/\/schoolfood4change.eu\/es\/wp-content\/uploads\/sites\/13\/2022\/12\/pupils_eating_format-3.jpg","type":"image\/jpeg"}],"twitter_card":"summary_large_image","twitter_misc":{"Tiempo de lectura":"5 minutos"},"schema":{"@context":"https:\/\/schema.org","@graph":[{"@type":"WebPage","@id":"https:\/\/schoolfood4change.eu\/es\/escuelas\/","url":"https:\/\/schoolfood4change.eu\/es\/escuelas\/","name":"Escuelas - SchoolFood4Change ES","isPartOf":{"@id":"https:\/\/schoolfood4change.eu\/es\/#website"},"primaryImageOfPage":{"@id":"https:\/\/schoolfood4change.eu\/es\/escuelas\/#primaryimage"},"image":{"@id":"https:\/\/schoolfood4change.eu\/es\/escuelas\/#primaryimage"},"thumbnailUrl":"https:\/\/schoolfood4change.eu\/es\/wp-content\/uploads\/sites\/13\/2022\/12\/pupils_eating_format-3.jpg","datePublished":"2024-03-12T08:21:05+00:00","dateModified":"2025-11-03T10:36:39+00:00","breadcrumb":{"@id":"https:\/\/schoolfood4change.eu\/es\/escuelas\/#breadcrumb"},"inLanguage":"es","potentialAction":[{"@type":"ReadAction","target":["https:\/\/schoolfood4change.eu\/es\/escuelas\/"]}]},{"@type":"ImageObject","inLanguage":"es","@id":"https:\/\/schoolfood4change.eu\/es\/escuelas\/#primaryimage","url":"https:\/\/schoolfood4change.eu\/es\/wp-content\/uploads\/sites\/13\/2022\/12\/pupils_eating_format-3.jpg","contentUrl":"https:\/\/schoolfood4change.eu\/es\/wp-content\/uploads\/sites\/13\/2022\/12\/pupils_eating_format-3.jpg","width":991,"height":658},{"@type":"BreadcrumbList","@id":"https:\/\/schoolfood4change.eu\/es\/escuelas\/#breadcrumb","itemListElement":[{"@type":"ListItem","position":1,"name":"Home","item":"https:\/\/schoolfood4change.eu\/es\/"},{"@type":"ListItem","position":2,"name":"Escuelas"}]},{"@type":"WebSite","@id":"https:\/\/schoolfood4change.eu\/es\/#website","url":"https:\/\/schoolfood4change.eu\/es\/","name":"SchoolFood4Change ES","description":"","publisher":{"@id":"https:\/\/schoolfood4change.eu\/es\/#organization"},"potentialAction":[{"@type":"SearchAction","target":{"@type":"EntryPoint","urlTemplate":"https:\/\/schoolfood4change.eu\/es\/?s={search_term_string}"},"query-input":{"@type":"PropertyValueSpecification","valueRequired":true,"valueName":"search_term_string"}}],"inLanguage":"es"},{"@type":"Organization","@id":"https:\/\/schoolfood4change.eu\/es\/#organization","name":"SchoolFood4Change ES","url":"https:\/\/schoolfood4change.eu\/es\/","logo":{"@type":"ImageObject","inLanguage":"es","@id":"https:\/\/schoolfood4change.eu\/es\/#\/schema\/logo\/image\/","url":"https:\/\/schoolfood4change.eu\/es\/wp-content\/uploads\/sites\/13\/2022\/06\/schholfood.svg","contentUrl":"https:\/\/schoolfood4change.eu\/es\/wp-content\/uploads\/sites\/13\/2022\/06\/schholfood.svg","width":273,"height":90,"caption":"SchoolFood4Change ES"},"image":{"@id":"https:\/\/schoolfood4change.eu\/es\/#\/schema\/logo\/image\/"}}]}},"_links":{"self":[{"href":"https:\/\/schoolfood4change.eu\/es\/wp-json\/wp\/v2\/pages\/4110","targetHints":{"allow":["GET"]}}],"collection":[{"href":"https:\/\/schoolfood4change.eu\/es\/wp-json\/wp\/v2\/pages"}],"about":[{"href":"https:\/\/schoolfood4change.eu\/es\/wp-json\/wp\/v2\/types\/page"}],"author":[{"embeddable":true,"href":"https:\/\/schoolfood4change.eu\/es\/wp-json\/wp\/v2\/users\/7"}],"replies":[{"embeddable":true,"href":"https:\/\/schoolfood4change.eu\/es\/wp-json\/wp\/v2\/comments?post=4110"}],"version-history":[{"count":8,"href":"https:\/\/schoolfood4change.eu\/es\/wp-json\/wp\/v2\/pages\/4110\/revisions"}],"predecessor-version":[{"id":4537,"href":"https:\/\/schoolfood4change.eu\/es\/wp-json\/wp\/v2\/pages\/4110\/revisions\/4537"}],"wp:attachment":[{"href":"https:\/\/schoolfood4change.eu\/es\/wp-json\/wp\/v2\/media?parent=4110"}],"curies":[{"name":"wp","href":"https:\/\/api.w.org\/{rel}","templated":true}]}}