{"id":3143,"date":"2022-10-04T16:51:30","date_gmt":"2022-10-04T14:51:30","guid":{"rendered":"https:\/\/schoolfood4change.eu\/es\/?page_id=3143"},"modified":"2025-10-27T12:10:17","modified_gmt":"2025-10-27T11:10:17","slug":"whole-school-food-approach","status":"publish","type":"page","link":"https:\/\/schoolfood4change.eu\/es\/proyecto\/whole-school-food-approach\/","title":{"rendered":"Enfoque integral de la alimentaci\u00f3n en toda la escuela"},"content":{"rendered":"\n<div class=\"wp-block-getwid-section alignfull  gg-teaser-textheadline gg-teaser-textheadline--green alignfull getwid-margin-top-normal getwid-margin-bottom-normal getwid-section-content-full-width\"><div class=\"wp-block-getwid-section__wrapper getwid-padding-top-none getwid-padding-bottom-none getwid-padding-left-none getwid-padding-right-none\"><div class=\"wp-block-getwid-section__inner-wrapper\"><div class=\"wp-block-getwid-section__background-holder\"><div class=\"wp-block-getwid-section__background has-background has-badedc-background-color\"><\/div><div class=\"wp-block-getwid-section__foreground\"><\/div><\/div><div class=\"wp-block-getwid-section__content\"><div class=\"wp-block-getwid-section__inner-content\"><div class=\"wp-block-columns eplus-wrapper is-layout-flex wp-container-core-columns-is-layout-28f84493 wp-block-columns-is-layout-flex eplus-styles-uid-a31d5b\"><div class=\"gg-shape--events gg-shape--events--green wp-block-column eplus-wrapper is-layout-flow wp-block-column-is-layout-flow eplus-styles-uid-1f406c\" style=\"flex-basis:53%\"><\/div>\n\n<div class=\"wp-block-column eplus-wrapper is-layout-flow wp-block-column-is-layout-flow eplus-styles-uid-7740a8\" style=\"flex-basis:33.3%\">\n<div style=\"height:50px\" aria-hidden=\"true\" class=\" wp-block-spacer eplus-wrapper\"><\/div>\n\n\n\n<h1 class=\" wp-block-heading eplus-wrapper\">enfoque integral de la alimentaci\u00f3n escolar<\/h1>\n<\/div><\/div><\/div><\/div><\/div><\/div><\/div>\n\n\n\n<h4 class=\" wp-block-heading eplus-wrapper\"><strong>\u00a1ADOPTEMOS UN ENFOQUE HOL\u00cdSTICO!<\/strong>&nbsp;<\/h4>\n\n\n\n<p class=\" eplus-wrapper\">El Enfoque Integral de la Alimentaci\u00f3n en toda la Escuela (EIAE) es un concepto hol\u00edstico que ofrece al alumnado opciones alimentarias m\u00e1s sanas y sostenibles a largo plazo. No se trata s\u00f3lo de los alimentos que se sirven en las escuelas, sino tambi\u00e9n de su procedencia y de las repercusiones de su producci\u00f3n en el medio ambiente y la salud. Poner en pr\u00e1ctica el EIAE requiere el trabajo en equipo del personal escolar, los\/as cocineros\/as, el alumnado y todas las dem\u00e1s partes interesadas.<\/p>\n\n\n\n<p class=\" eplus-wrapper\">\u00bfQuieres unirte al equipo? Haga clic aqu\u00ed para descargar las \u00faltimas directrices sobre el enfoque integral de la alimentaci\u00f3n para centros escolares, ciudades y regiones <a href=\"https:\/\/schoolfood4change.eu\/es\/wp-content\/uploads\/sites\/13\/2022\/07\/SF4C_WholeSchoolFoodApproach_Framework_EN_web_new.pdf\" target=\"_blank\" rel=\"noreferrer noopener\">&gt;&gt;&gt;&nbsp;<\/a>&nbsp;<\/p>\n\n\n\n<h5 class=\" wp-block-heading eplus-wrapper\"><strong>A\u00d1ADA LOS INGREDIENTES \u00abALIMENTACI\u00d3N\u00bb Y \u00abEDUCACI\u00d3N\u00bb Y \u00a1A VER QU\u00c9 PASA!<\/strong>&nbsp;<\/h5>\n\n\n<p class=\" eplus-wrapper eplus-styles-uid-e03422\">En la pr\u00e1ctica, no existe una receta f\u00e1cil para la transici\u00f3n hacia sistemas alimentarios escolares sostenibles mediante la integraci\u00f3n de la alimentaci\u00f3n y la educaci\u00f3n sostenibles. El EIAE gu\u00eda a los agentes del cambio en cada paso del camino y ayuda a lograr un cambio sist\u00e9mico en toda la comunidad abordando la composici\u00f3n de las comidas escolares y los comedores escolares como entornos de aprendizaje.<\/p>\n\n\n<div class=\"wp-block-getwid-section alignfull alignfull\"><div class=\"wp-block-getwid-section__wrapper\"><div class=\"wp-block-getwid-section__inner-wrapper\"><div class=\"wp-block-getwid-section__background-holder\"><div class=\"wp-block-getwid-section__background has-background has-badedc-background-color\"><\/div><div class=\"wp-block-getwid-section__foreground\"><\/div><\/div><div class=\"wp-block-getwid-section__content\"><div class=\"wp-block-getwid-section__inner-content\">\n<h5 class=\" wp-block-heading eplus-wrapper\"><strong>EL ENFOQUE EST\u00c1 BASADO EN LOS SIGUIENTES PILARES<\/strong><\/h5>\n\n\n\n<div class=\"wp-block-columns eplus-wrapper is-layout-flex wp-container-core-columns-is-layout-28f84493 wp-block-columns-is-layout-flex\">\n<div class=\"wp-block-column eplus-wrapper is-layout-flow wp-block-column-is-layout-flow\" style=\"flex-basis:66.66%\">\n<div style=\"height:71px\" aria-hidden=\"true\" class=\" wp-block-spacer eplus-wrapper\"><\/div>\n\n\n\n<ol class=\" wp-block-list eplus-wrapper\">\n<li class=\" eplus-wrapper\"><strong>Pol\u00edtica y liderazgo:<\/strong>&nbsp;convencer a las partes interesadas para que hagan de la alimentaci\u00f3n una parte intr\u00ednseca de la vida escolar.<\/li>\n\n\n\n<li class=\" eplus-wrapper\"><strong>Alimentaci\u00f3n y sostenibilidad:<\/strong>&nbsp;proporcionar alimentos sanos y sostenibles en los comedores escolares, durante los recreos y fuera del entorno escolar.<\/li>\n\n\n\n<li class=\" eplus-wrapper\"><strong>Educaci\u00f3n y aprendizaje:&nbsp;<\/strong>ampliar el plan de estudios y participar en la contrataci\u00f3n de personal escolar, cocineros\/as, directores y docentes.<\/li>\n\n\n\n<li class=\" eplus-wrapper\"><strong>Comunidad y asociaci\u00f3n:<\/strong>&nbsp;cooperaci\u00f3n con las partes interesadas asociadas a la escuela, como las familias, las tiendas locales, los restaurantes, las personas productoras, etc.<\/li>\n<\/ol>\n<\/div>\n\n\n\n<div class=\"wp-block-column eplus-wrapper is-layout-flow wp-block-column-is-layout-flow\" style=\"flex-basis:33.33%\">\n<figure class=\" wp-block-image size-full is-resized eplus-wrapper\"><img loading=\"lazy\" decoding=\"async\" width=\"2998\" height=\"2954\" src=\"https:\/\/schoolfood4change.eu\/es\/wp-content\/uploads\/sites\/13\/2022\/10\/WSFA-Idea-1.png\" alt=\"\" class=\"wp-image-3210\" style=\"width:381px;height:375px\" \/><\/figure>\n<\/div>\n<\/div>\n<\/div><\/div><\/div><\/div><\/div>\n\n\n<p class=\" eplus-wrapper eplus-styles-uid-e03422\">Las directrices del EIAE, recientemente desarrolladas en el proyecto SF4C, describen detalladamente cada pilar. Tambi\u00e9n incluyen posibles puntos de partida, medidas de aplicaci\u00f3n, funciones de las partes interesadas y criterios de evaluaci\u00f3n. Este marco ayuda a las escuelas a facilitar la transici\u00f3n proporcionando informaci\u00f3n sobre m\u00e9todos pr\u00e1cticos de ense\u00f1anza, actividades de aprendizaje y la participaci\u00f3n activa del alumnado y los docentes. El objetivo es vincular e implicar a todos los agentes a lo largo de toda la cadena con una nueva visi\u00f3n de las comidas escolares sostenibles.\u202f\u202f<\/p>\n\n\n<h5 class=\" wp-block-heading eplus-wrapper\"><strong>LAS ESCUELAS COMO CATALIZADORES DE LA TRANSICI\u00d3N HACIA SISTEMAS ALIMENTARIOS ESCOLARES SOSTENIBLES<\/strong><strong><\/strong><\/h5>\n\n\n\n<p class=\" eplus-wrapper\">El EIAE invita a proveedores de comidas escolares, funcionarios municipales, personas productoras, familias y alumnos a sentarse juntos en una mesa. Esto hace posible que todos comprendan de d\u00f3nde proceden los alimentos, lo que hacen a sus cuerpos y c\u00f3mo repercuten en el clima y el medio ambiente.\u202f\u202f<\/p>\n\n\n\n<p class=\" eplus-wrapper\">\u202fEl planteamiento tambi\u00e9n acerca el aula al campo (o viceversa) mediante iniciativas de hermanamiento entre granjas y escuelas. De este modo, los ni\u00f1os y ni\u00f1as tienen la oportunidad de experimentar el ciclo completo de cultivo de sus alimentos, mientras que las personas productoras tienen la oportunidad de conectar directamente con los consumidores m\u00e1s j\u00f3venes.<\/p>\n\n\n\n<div class=\"wp-block-columns eplus-wrapper is-layout-flex wp-container-core-columns-is-layout-28f84493 wp-block-columns-is-layout-flex\">\n<div class=\"wp-block-column eplus-wrapper is-layout-flow wp-block-column-is-layout-flow\" style=\"flex-basis:25%\">\n<div class=\"wp-block-getwid-icon has-layout-stacked is-aligned-right\"><div class=\"wp-block-getwid-icon__wrapper has-text-color has-c-83554-color\" style=\"font-size:150px\"><i class=\"fas fa-medal\"><\/i><\/div><\/div>\n<\/div>\n\n\n<div class=\"wp-block-column has-317275-background-color has-background eplus-wrapper is-layout-flow wp-block-column-is-layout-flow eplus-styles-uid-2466e5\" style=\"flex-basis:50%\">\n<h5 class=\" wp-block-heading has-ffffff-color has-text-color eplus-wrapper\"><strong>EL COMPROMISO TIENE PREMIO: \u00bfQUER\u00c9IS COMO ESCUELAS CONSEGUIR VUESTRA MEDALLA DEL EIAE?<\/strong><\/h5>\n\n\n\n<p class=\" has-ffffff-color has-text-color eplus-wrapper\">Los centros participantes que apliquen con \u00e9xito los criterios pueden solicitar la categor\u00eda de bronce, plata u oro y recibir una medalla para mostrar sus logros y motivar a otros centros a participar. <strong>Escuelas, \u00a1sean pioneras!<\/strong><\/p>\n<\/div>\n\n\n<div class=\"wp-block-column eplus-wrapper is-layout-flow wp-block-column-is-layout-flow\" style=\"flex-basis:25%\">\n<div class=\"wp-block-getwid-icon has-layout-stacked\"><div class=\"wp-block-getwid-icon__wrapper has-text-color has-c-83554-color\" style=\"font-size:150px\"><i class=\"fas fa-medal\"><\/i><\/div><\/div>\n<\/div>\n<\/div>\n\n\n\n<div class=\"wp-block-getwid-section alignfull alignfull\"><div class=\"wp-block-getwid-section__wrapper\"><div class=\"wp-block-getwid-section__inner-wrapper\"><div class=\"wp-block-getwid-section__background-holder\"><div class=\"wp-block-getwid-section__background\"><\/div><div class=\"wp-block-getwid-section__foreground\"><\/div><\/div><div class=\"wp-block-getwid-section__content\"><div class=\"wp-block-getwid-section__inner-content\">\n<div class=\"wp-block-columns eplus-wrapper is-layout-flex wp-container-core-columns-is-layout-28f84493 wp-block-columns-is-layout-flex\">\n<div class=\"gg-blocks-teaser-cards wp-block-column eplus-wrapper is-layout-flow wp-block-column-is-layout-flow\" style=\"flex-basis:100%\">\n<div class=\"wp-block-columns eplus-wrapper is-layout-flex wp-container-core-columns-is-layout-28f84493 wp-block-columns-is-layout-flex\">\n<div class=\"wp-block-column has-badedc-background-color has-background eplus-wrapper is-layout-flow wp-block-column-is-layout-flow\" style=\"padding-top:3em;padding-right:3.5em;padding-bottom:3em;padding-left:3.5em\">\n<h2 class=\" wp-block-heading has-317275-color has-text-color eplus-wrapper\">Recursos<\/h2>\n\n\n\n<p class=\" has-1-d-1-d-1-b-color has-text-color eplus-wrapper\">Aqu\u00ed puede encontrar y descargar los resultados de nuestro proyecto, publicaciones y otros materiales \u00fatiles. Le invitamos a utilizarlos.&nbsp;\u00a1Buen provecho!<\/p>\n\n\n\n<div class=\"wp-block-buttons eplus-wrapper is-layout-flex wp-block-buttons-is-layout-flex\">\n<div class=\" wp-block-button eplus-wrapper\"><a class=\"wp-block-button__link wp-element-button\" href=\"https:\/\/schoolfood4change.eu\/es\/results\/\">Ver recursos<\/a><\/div>\n<\/div>\n<\/div>\n\n\n\n<div class=\"wp-block-column has-badedc-background-color has-background eplus-wrapper is-layout-flow wp-block-column-is-layout-flow\" style=\"padding-top:3em;padding-right:3.5em;padding-bottom:3em;padding-left:3.5em\">\n<h2 class=\" wp-block-heading eplus-wrapper\">Contacto<\/h2>\n\n\n\n<p class=\" eplus-wrapper\">\u00a1Queremos escucharte! Si tienes alguna pregunta o comentario sobre SchoolFood4Change, env\u00edanos un correo electr\u00f3nico. Estaremos encantadas de ayudarte.<\/p>\n\n\n\n<div class=\"wp-block-buttons eplus-wrapper is-layout-flex wp-block-buttons-is-layout-flex\">\n<div class=\" wp-block-button eplus-wrapper\"><a class=\"wp-block-button__link wp-element-button\" href=\"https:\/\/schoolfood4change.eu\/es\/contact\/\">Cont\u00e1ctanos<\/a><\/div>\n<\/div>\n<\/div>\n<\/div>\n<\/div>\n<\/div>\n<\/div><\/div><\/div><\/div><\/div>\n","protected":false},"excerpt":{"rendered":"<p>\u00a1ADOPTEMOS UN ENFOQUE HOL\u00cdSTICO!&nbsp; El Enfoque Integral de la Alimentaci\u00f3n en toda la Escuela (EIAE) es un concepto hol\u00edstico que ofrece al alumnado opciones alimentarias m\u00e1s sanas y sostenibles a largo plazo. No se trata s\u00f3lo de los alimentos que se sirven en las escuelas, sino tambi\u00e9n de su procedencia y de las repercusiones de [&hellip;]<\/p>\n","protected":false},"author":7,"featured_media":0,"parent":1303,"menu_order":0,"comment_status":"closed","ping_status":"closed","template":"","meta":{"_acf_changed":false,"inline_featured_image":false,"editor_plus_copied_stylings":"{}","footnotes":""},"class_list":["post-3143","page","type-page","status-publish","hentry"],"blocksy_meta":{"styles_descriptor":{"styles":{"desktop":"","tablet":"","mobile":""},"google_fonts":[],"version":6}},"acf":[],"yoast_head":"<!-- This site is optimized with the Yoast SEO plugin v27.4 - https:\/\/yoast.com\/product\/yoast-seo-wordpress\/ -->\n<title>Enfoque integral de la alimentaci\u00f3n en toda la escuela - SchoolFood4Change ES<\/title>\n<meta name=\"robots\" content=\"index, follow, max-snippet:-1, max-image-preview:large, max-video-preview:-1\" \/>\n<link rel=\"canonical\" href=\"https:\/\/schoolfood4change.eu\/es\/proyecto\/whole-school-food-approach\/\" \/>\n<meta property=\"og:locale\" content=\"es_ES\" \/>\n<meta property=\"og:type\" content=\"article\" \/>\n<meta property=\"og:title\" content=\"Enfoque integral de la alimentaci\u00f3n en toda la escuela - SchoolFood4Change ES\" \/>\n<meta property=\"og:description\" content=\"\u00a1ADOPTEMOS UN ENFOQUE HOL\u00cdSTICO!&nbsp; El Enfoque Integral de la Alimentaci\u00f3n en toda la Escuela (EIAE) es un concepto hol\u00edstico que ofrece al alumnado opciones alimentarias m\u00e1s sanas y sostenibles a largo plazo. No se trata s\u00f3lo de los alimentos que se sirven en las escuelas, sino tambi\u00e9n de su procedencia y de las repercusiones de [&hellip;]\" \/>\n<meta property=\"og:url\" content=\"https:\/\/schoolfood4change.eu\/es\/proyecto\/whole-school-food-approach\/\" \/>\n<meta property=\"og:site_name\" content=\"SchoolFood4Change ES\" \/>\n<meta property=\"article:modified_time\" content=\"2025-10-27T11:10:17+00:00\" \/>\n<meta property=\"og:image\" content=\"https:\/\/schoolfood4change.eu\/es\/wp-content\/uploads\/sites\/13\/2022\/10\/WSFA-Idea-1.png\" \/>\n\t<meta property=\"og:image:width\" content=\"2998\" \/>\n\t<meta property=\"og:image:height\" content=\"2954\" \/>\n\t<meta property=\"og:image:type\" content=\"image\/png\" \/>\n<meta name=\"twitter:card\" content=\"summary_large_image\" \/>\n<meta name=\"twitter:label1\" content=\"Tiempo de lectura\" \/>\n\t<meta name=\"twitter:data1\" content=\"3 minutos\" \/>\n<script type=\"application\/ld+json\" class=\"yoast-schema-graph\">{\"@context\":\"https:\\\/\\\/schema.org\",\"@graph\":[{\"@type\":\"WebPage\",\"@id\":\"https:\\\/\\\/schoolfood4change.eu\\\/es\\\/proyecto\\\/whole-school-food-approach\\\/\",\"url\":\"https:\\\/\\\/schoolfood4change.eu\\\/es\\\/proyecto\\\/whole-school-food-approach\\\/\",\"name\":\"Enfoque integral de la alimentaci\u00f3n en toda la escuela - SchoolFood4Change ES\",\"isPartOf\":{\"@id\":\"https:\\\/\\\/schoolfood4change.eu\\\/es\\\/#website\"},\"primaryImageOfPage\":{\"@id\":\"https:\\\/\\\/schoolfood4change.eu\\\/es\\\/proyecto\\\/whole-school-food-approach\\\/#primaryimage\"},\"image\":{\"@id\":\"https:\\\/\\\/schoolfood4change.eu\\\/es\\\/proyecto\\\/whole-school-food-approach\\\/#primaryimage\"},\"thumbnailUrl\":\"https:\\\/\\\/schoolfood4change.eu\\\/es\\\/wp-content\\\/uploads\\\/sites\\\/13\\\/2022\\\/10\\\/WSFA-Idea-1.png\",\"datePublished\":\"2022-10-04T14:51:30+00:00\",\"dateModified\":\"2025-10-27T11:10:17+00:00\",\"breadcrumb\":{\"@id\":\"https:\\\/\\\/schoolfood4change.eu\\\/es\\\/proyecto\\\/whole-school-food-approach\\\/#breadcrumb\"},\"inLanguage\":\"es\",\"potentialAction\":[{\"@type\":\"ReadAction\",\"target\":[\"https:\\\/\\\/schoolfood4change.eu\\\/es\\\/proyecto\\\/whole-school-food-approach\\\/\"]}]},{\"@type\":\"ImageObject\",\"inLanguage\":\"es\",\"@id\":\"https:\\\/\\\/schoolfood4change.eu\\\/es\\\/proyecto\\\/whole-school-food-approach\\\/#primaryimage\",\"url\":\"https:\\\/\\\/schoolfood4change.eu\\\/es\\\/wp-content\\\/uploads\\\/sites\\\/13\\\/2022\\\/10\\\/WSFA-Idea-1.png\",\"contentUrl\":\"https:\\\/\\\/schoolfood4change.eu\\\/es\\\/wp-content\\\/uploads\\\/sites\\\/13\\\/2022\\\/10\\\/WSFA-Idea-1.png\",\"width\":2998,\"height\":2954},{\"@type\":\"BreadcrumbList\",\"@id\":\"https:\\\/\\\/schoolfood4change.eu\\\/es\\\/proyecto\\\/whole-school-food-approach\\\/#breadcrumb\",\"itemListElement\":[{\"@type\":\"ListItem\",\"position\":1,\"name\":\"Home\",\"item\":\"https:\\\/\\\/schoolfood4change.eu\\\/es\\\/\"},{\"@type\":\"ListItem\",\"position\":2,\"name\":\"Acerca del proyecto\",\"item\":\"https:\\\/\\\/schoolfood4change.eu\\\/es\\\/proyecto\\\/\"},{\"@type\":\"ListItem\",\"position\":3,\"name\":\"Enfoque integral de la alimentaci\u00f3n en toda la escuela\"}]},{\"@type\":\"WebSite\",\"@id\":\"https:\\\/\\\/schoolfood4change.eu\\\/es\\\/#website\",\"url\":\"https:\\\/\\\/schoolfood4change.eu\\\/es\\\/\",\"name\":\"SchoolFood4Change ES\",\"description\":\"\",\"publisher\":{\"@id\":\"https:\\\/\\\/schoolfood4change.eu\\\/es\\\/#organization\"},\"potentialAction\":[{\"@type\":\"SearchAction\",\"target\":{\"@type\":\"EntryPoint\",\"urlTemplate\":\"https:\\\/\\\/schoolfood4change.eu\\\/es\\\/?s={search_term_string}\"},\"query-input\":{\"@type\":\"PropertyValueSpecification\",\"valueRequired\":true,\"valueName\":\"search_term_string\"}}],\"inLanguage\":\"es\"},{\"@type\":\"Organization\",\"@id\":\"https:\\\/\\\/schoolfood4change.eu\\\/es\\\/#organization\",\"name\":\"SchoolFood4Change ES\",\"url\":\"https:\\\/\\\/schoolfood4change.eu\\\/es\\\/\",\"logo\":{\"@type\":\"ImageObject\",\"inLanguage\":\"es\",\"@id\":\"https:\\\/\\\/schoolfood4change.eu\\\/es\\\/#\\\/schema\\\/logo\\\/image\\\/\",\"url\":\"https:\\\/\\\/schoolfood4change.eu\\\/es\\\/wp-content\\\/uploads\\\/sites\\\/13\\\/2022\\\/06\\\/schholfood.svg\",\"contentUrl\":\"https:\\\/\\\/schoolfood4change.eu\\\/es\\\/wp-content\\\/uploads\\\/sites\\\/13\\\/2022\\\/06\\\/schholfood.svg\",\"width\":273,\"height\":90,\"caption\":\"SchoolFood4Change ES\"},\"image\":{\"@id\":\"https:\\\/\\\/schoolfood4change.eu\\\/es\\\/#\\\/schema\\\/logo\\\/image\\\/\"}}]}<\/script>\n<!-- \/ Yoast SEO plugin. -->","yoast_head_json":{"title":"Enfoque integral de la alimentaci\u00f3n en toda la escuela - SchoolFood4Change ES","robots":{"index":"index","follow":"follow","max-snippet":"max-snippet:-1","max-image-preview":"max-image-preview:large","max-video-preview":"max-video-preview:-1"},"canonical":"https:\/\/schoolfood4change.eu\/es\/proyecto\/whole-school-food-approach\/","og_locale":"es_ES","og_type":"article","og_title":"Enfoque integral de la alimentaci\u00f3n en toda la escuela - SchoolFood4Change ES","og_description":"\u00a1ADOPTEMOS UN ENFOQUE HOL\u00cdSTICO!&nbsp; El Enfoque Integral de la Alimentaci\u00f3n en toda la Escuela (EIAE) es un concepto hol\u00edstico que ofrece al alumnado opciones alimentarias m\u00e1s sanas y sostenibles a largo plazo. No se trata s\u00f3lo de los alimentos que se sirven en las escuelas, sino tambi\u00e9n de su procedencia y de las repercusiones de [&hellip;]","og_url":"https:\/\/schoolfood4change.eu\/es\/proyecto\/whole-school-food-approach\/","og_site_name":"SchoolFood4Change ES","article_modified_time":"2025-10-27T11:10:17+00:00","og_image":[{"width":2998,"height":2954,"url":"https:\/\/schoolfood4change.eu\/es\/wp-content\/uploads\/sites\/13\/2022\/10\/WSFA-Idea-1.png","type":"image\/png"}],"twitter_card":"summary_large_image","twitter_misc":{"Tiempo de lectura":"3 minutos"},"schema":{"@context":"https:\/\/schema.org","@graph":[{"@type":"WebPage","@id":"https:\/\/schoolfood4change.eu\/es\/proyecto\/whole-school-food-approach\/","url":"https:\/\/schoolfood4change.eu\/es\/proyecto\/whole-school-food-approach\/","name":"Enfoque integral de la alimentaci\u00f3n en toda la escuela - SchoolFood4Change ES","isPartOf":{"@id":"https:\/\/schoolfood4change.eu\/es\/#website"},"primaryImageOfPage":{"@id":"https:\/\/schoolfood4change.eu\/es\/proyecto\/whole-school-food-approach\/#primaryimage"},"image":{"@id":"https:\/\/schoolfood4change.eu\/es\/proyecto\/whole-school-food-approach\/#primaryimage"},"thumbnailUrl":"https:\/\/schoolfood4change.eu\/es\/wp-content\/uploads\/sites\/13\/2022\/10\/WSFA-Idea-1.png","datePublished":"2022-10-04T14:51:30+00:00","dateModified":"2025-10-27T11:10:17+00:00","breadcrumb":{"@id":"https:\/\/schoolfood4change.eu\/es\/proyecto\/whole-school-food-approach\/#breadcrumb"},"inLanguage":"es","potentialAction":[{"@type":"ReadAction","target":["https:\/\/schoolfood4change.eu\/es\/proyecto\/whole-school-food-approach\/"]}]},{"@type":"ImageObject","inLanguage":"es","@id":"https:\/\/schoolfood4change.eu\/es\/proyecto\/whole-school-food-approach\/#primaryimage","url":"https:\/\/schoolfood4change.eu\/es\/wp-content\/uploads\/sites\/13\/2022\/10\/WSFA-Idea-1.png","contentUrl":"https:\/\/schoolfood4change.eu\/es\/wp-content\/uploads\/sites\/13\/2022\/10\/WSFA-Idea-1.png","width":2998,"height":2954},{"@type":"BreadcrumbList","@id":"https:\/\/schoolfood4change.eu\/es\/proyecto\/whole-school-food-approach\/#breadcrumb","itemListElement":[{"@type":"ListItem","position":1,"name":"Home","item":"https:\/\/schoolfood4change.eu\/es\/"},{"@type":"ListItem","position":2,"name":"Acerca del proyecto","item":"https:\/\/schoolfood4change.eu\/es\/proyecto\/"},{"@type":"ListItem","position":3,"name":"Enfoque integral de la alimentaci\u00f3n en toda la escuela"}]},{"@type":"WebSite","@id":"https:\/\/schoolfood4change.eu\/es\/#website","url":"https:\/\/schoolfood4change.eu\/es\/","name":"SchoolFood4Change ES","description":"","publisher":{"@id":"https:\/\/schoolfood4change.eu\/es\/#organization"},"potentialAction":[{"@type":"SearchAction","target":{"@type":"EntryPoint","urlTemplate":"https:\/\/schoolfood4change.eu\/es\/?s={search_term_string}"},"query-input":{"@type":"PropertyValueSpecification","valueRequired":true,"valueName":"search_term_string"}}],"inLanguage":"es"},{"@type":"Organization","@id":"https:\/\/schoolfood4change.eu\/es\/#organization","name":"SchoolFood4Change ES","url":"https:\/\/schoolfood4change.eu\/es\/","logo":{"@type":"ImageObject","inLanguage":"es","@id":"https:\/\/schoolfood4change.eu\/es\/#\/schema\/logo\/image\/","url":"https:\/\/schoolfood4change.eu\/es\/wp-content\/uploads\/sites\/13\/2022\/06\/schholfood.svg","contentUrl":"https:\/\/schoolfood4change.eu\/es\/wp-content\/uploads\/sites\/13\/2022\/06\/schholfood.svg","width":273,"height":90,"caption":"SchoolFood4Change ES"},"image":{"@id":"https:\/\/schoolfood4change.eu\/es\/#\/schema\/logo\/image\/"}}]}},"_links":{"self":[{"href":"https:\/\/schoolfood4change.eu\/es\/wp-json\/wp\/v2\/pages\/3143","targetHints":{"allow":["GET"]}}],"collection":[{"href":"https:\/\/schoolfood4change.eu\/es\/wp-json\/wp\/v2\/pages"}],"about":[{"href":"https:\/\/schoolfood4change.eu\/es\/wp-json\/wp\/v2\/types\/page"}],"author":[{"embeddable":true,"href":"https:\/\/schoolfood4change.eu\/es\/wp-json\/wp\/v2\/users\/7"}],"replies":[{"embeddable":true,"href":"https:\/\/schoolfood4change.eu\/es\/wp-json\/wp\/v2\/comments?post=3143"}],"version-history":[{"count":27,"href":"https:\/\/schoolfood4change.eu\/es\/wp-json\/wp\/v2\/pages\/3143\/revisions"}],"predecessor-version":[{"id":4421,"href":"https:\/\/schoolfood4change.eu\/es\/wp-json\/wp\/v2\/pages\/3143\/revisions\/4421"}],"up":[{"embeddable":true,"href":"https:\/\/schoolfood4change.eu\/es\/wp-json\/wp\/v2\/pages\/1303"}],"wp:attachment":[{"href":"https:\/\/schoolfood4change.eu\/es\/wp-json\/wp\/v2\/media?parent=3143"}],"curies":[{"name":"wp","href":"https:\/\/api.w.org\/{rel}","templated":true}]}}