{"id":3141,"date":"2022-10-04T16:52:01","date_gmt":"2022-10-04T14:52:01","guid":{"rendered":"https:\/\/schoolfood4change.eu\/es\/?page_id=3141"},"modified":"2025-07-09T13:23:46","modified_gmt":"2025-07-09T11:23:46","slug":"cocina-salud-planetaria","status":"publish","type":"page","link":"https:\/\/schoolfood4change.eu\/es\/proyecto\/cocina-salud-planetaria\/","title":{"rendered":"Cocina y Salud Planetaria"},"content":{"rendered":"\n<div class=\"wp-block-getwid-section alignfull  gg-teaser-textheadline gg-teaser-textheadline--pink alignfull getwid-margin-top-normal getwid-margin-bottom-normal getwid-section-content-full-width\"><div class=\"wp-block-getwid-section__wrapper getwid-padding-top-none getwid-padding-bottom-none getwid-padding-left-none getwid-padding-right-none\"><div class=\"wp-block-getwid-section__inner-wrapper\"><div class=\"wp-block-getwid-section__background-holder\"><div class=\"wp-block-getwid-section__background has-background has-efb-8-b-4-background-color\"><\/div><div class=\"wp-block-getwid-section__foreground\"><\/div><\/div><div class=\"wp-block-getwid-section__content\"><div class=\"wp-block-getwid-section__inner-content\"><div class=\"wp-block-columns eplus-wrapper is-layout-flex wp-container-core-columns-is-layout-28f84493 wp-block-columns-is-layout-flex eplus-styles-uid-a31d5b\"><div class=\"gg-shape--events gg-shape--events--pink wp-block-column eplus-wrapper is-layout-flow wp-block-column-is-layout-flow eplus-styles-uid-71379f\" style=\"flex-basis:53%\"><\/div>\n\n<div class=\"wp-block-column eplus-wrapper is-layout-flow wp-block-column-is-layout-flow eplus-styles-uid-7740a8\" style=\"flex-basis:33.3%\">\n<div style=\"height:50px\" aria-hidden=\"true\" class=\"wp-block-spacer eplus-wrapper\"><\/div>\n\n\n\n<h1 class=\"has-c-83554-color has-text-color eplus-wrapper wp-block-heading\">cocina y salud planetaria<\/h1>\n<\/div><\/div><\/div><\/div><\/div><\/div><\/div>\n\n\n\n<h4 class=\"has-c-83554-color has-text-color eplus-wrapper wp-block-heading\"><strong>ALIMENTOS PARA EL BIENESTAR DE LAS PERSONAS&nbsp;Y DE NUESTRO PLANETA<\/strong>&nbsp;<\/h4>\n\n\n<p class=\" eplus-wrapper eplus-styles-uid-e03422\">SchoolFood4Change (SF4C) pretende motivar, apoyar y capacitar a las escuelas para que ofrezcan comidas innovadoras, respetuosas con el clima, sanas, deliciosas, sin residuos y que reflejen la identidad local: una larga lista. \u00bfC\u00f3mo podemos asegurarnos de que se cumplen todos estos requisitos al mismo tiempo?<\/p>\n\n\n<div class=\"wp-block-getwid-section alignfull alignfull\"><div class=\"wp-block-getwid-section__wrapper\"><div class=\"wp-block-getwid-section__inner-wrapper\"><div class=\"wp-block-getwid-section__background-holder\"><div class=\"wp-block-getwid-section__background has-background has-ffffff-background-color\"><\/div><div class=\"wp-block-getwid-section__foreground\"><\/div><\/div><div class=\"wp-block-getwid-section__content\"><div class=\"wp-block-getwid-section__inner-content\">\n<div class=\"wp-block-columns eplus-wrapper is-layout-flex wp-container-core-columns-is-layout-28f84493 wp-block-columns-is-layout-flex\"><div class=\"wp-block-column has-efb-8-b-4-background-color has-background eplus-wrapper is-layout-flow wp-block-column-is-layout-flow eplus-styles-uid-dbe4c8\" style=\"padding-top:3em;padding-right:3.5em;padding-bottom:3px;padding-left:4px\"><p class=\" eplus-wrapper eplus-styles-uid-b454c2\">Lo que comemos siempre ha evolucionado y la comida escolar no es una excepci\u00f3n. Como todos los alimentos, la comida escolar es algo que hay que valorar y apreciar. Sobre todo cuando todav\u00eda hay tantas zonas con acceso limitado a alimentos asequibles y nutritivos y el hambre est\u00e1 tan extendida. Y no olvidemos que la comida escolar siempre la produce, la obtiene y la elabora alguien. Y ese alguien merece un agradecimiento, e incluso, a veces, un recordatorio amistoso para condimentarla de vez en cuando. <strong>Estamos agradecidos por lo que hemos conseguido hasta ahora y ahora queremos llevar la comida escolar a un nivel completamente nuevo.\u202f<\/strong><\/p>\n\n<p class=\" eplus-wrapper eplus-styles-uid-b454c2\">La comida escolar siempre se sirve en beneficio de los escolares. Pero el sistema alimentario escolar actual tiene sus limitaciones: los presupuestos y recursos disponibles, las normativas y los requisitos contractuales pueden limitar el campo de acci\u00f3n de los responsables y disuadirles de centrarse en aspectos como la sostenibilidad y la salud. Pero SF4C se esfuerza por conseguir algo mejor animando a todos y todas a hacer de la sostenibilidad y la salud su m\u00e1xima prioridad. De hecho, estamos seguros de que hay maneras f\u00e1ciles de hacer que la comida escolar sea a\u00fan m\u00e1s sostenible.\u202f\u00a0<\/p><\/div>\n\n<div class=\"wp-block-column eplus-wrapper is-layout-flow wp-block-column-is-layout-flow eplus-styles-uid-cd1521\">\n<div style=\"height:489px\" aria-hidden=\"true\" class=\"wp-block-spacer eplus-wrapper\"><\/div>\n\n\n\n<p class=\" eplus-wrapper\"><\/p>\n\n\n\n<p class=\" eplus-wrapper\"><\/p>\n\n\n\n<p class=\" eplus-wrapper\"><\/p>\n\n\n\n<p class=\" eplus-wrapper\"><\/p>\n\n\n\n<p class=\" eplus-wrapper\"><\/p>\n\n\n<h2 class=\"has-c-83554-color has-text-color eplus-wrapper wp-block-heading eplus-styles-uid-112c20\"><strong>Es el momento para un nuevo men\u00fa.<\/strong><\/h2><\/div><\/div>\n<\/div><\/div><\/div><\/div><\/div>\n\n\n\n<h5 class=\"has-c-83554-color has-text-color eplus-wrapper wp-block-heading\">SCHOOLFOOD4CHANGE FOMENTA el intercambio DE CONOCIMIENTOS ENTRE Las personas que cocinan en LOS COMEDORES ESCOLARES&nbsp;<\/h5>\n\n\n\n<p class=\" eplus-wrapper\">SF4C hace un llamamiento a todos\/as los\/as cocineros\/as de los comedores escolares para que sean agentes del cambio. Est\u00e1n en una posici\u00f3n ideal para asegurarse de que el cambio realmente se produzca. SF4C quiere concienciar sobre la importancia del papel de los\/as cocineros\/as de los comedores escolares en el sistema escolar y apoyar y reforzar su posici\u00f3n en la promoci\u00f3n de una alimentaci\u00f3n sana. Para ello, SF4C crea materiales de formaci\u00f3n y sugerencias de recetas para los\/as cocineros\/as de las escuelas. De este modo, el alumnado conocer\u00e1 un men\u00fa m\u00e1s ecol\u00f3gico que contiene una mayor variedad de frutas y verduras, cereales integrales y legumbres, al tiempo que se reduce la cantidad de alimentos procesados y productos de origen animal.\u202fLos men\u00fas est\u00e1n dise\u00f1ados para respetar las condiciones culturales y locales, utilizando ingredientes respetuosos con el medio ambiente con una cadena de suministro corta para reducir las emisiones de gases de efecto invernadero y evitar el desperdicio de alimentos.\u202f<\/p>\n\n\n\n<p class=\" eplus-wrapper\">Para difundir nuestro mensaje en las escuelas, ofrecemos un programa de formaci\u00f3n de formadores para aprender de las experiencias de los dem\u00e1s y adquirir conocimientos de primera mano. La formaci\u00f3n para cocineros\/as y personal de los centros escolares tendr\u00e1 lugar tanto en persona como en l\u00ednea.\u202f A trav\u00e9s del di\u00e1logo y la transferencia de conocimientos, as\u00ed como de una red de colegas internacionales de otros pa\u00edses, los\/as cocineros\/as de las cocinas escolares pueden beneficiarse de mayores conocimientos y nuevas ideas sobre qu\u00e9 ingredientes utilizar, por qu\u00e9 y c\u00f3mo utilizarlos para garantizar comidas sanas, deliciosas y sostenibles.<\/p>\n\n\n\n<h5 class=\"eplus-wrapper wp-block-heading\"><strong>UN ENTORNO FAVORABLE A LA CULTURA ALIMENTARIA A NIVEL MUNICIPAL\u202f<\/strong><strong><\/strong><\/h5>\n\n\n\n<p class=\" eplus-wrapper\">Para que la sociedad cambie hacia dietas sostenibles y saludables, los\/as cocineros\/as de las cocinas escolares pueden contar con una amplia red de expertos. Cuentan con el apoyo de una red de pares, formada por profesionales de la alimentaci\u00f3n urbana y embajadores de la alimentaci\u00f3n en cada ciudad. Juntos\/as crear\u00e1n las condiciones necesarias para hacer posible esta transici\u00f3n. \u202f<\/p>\n\n\n\n<p class=\" eplus-wrapper\">Todos los materiales elaborados se publicar\u00e1n tambi\u00e9n en el sitio web del proyecto SF4C.<\/p>\n\n\n\n<div class=\"wp-block-getwid-section alignfull alignfull\"><div class=\"wp-block-getwid-section__wrapper\"><div class=\"wp-block-getwid-section__inner-wrapper\"><div class=\"wp-block-getwid-section__background-holder\"><div class=\"wp-block-getwid-section__background\"><\/div><div class=\"wp-block-getwid-section__foreground\"><\/div><\/div><div class=\"wp-block-getwid-section__content\"><div class=\"wp-block-getwid-section__inner-content\">\n<div class=\"wp-block-columns eplus-wrapper is-layout-flex wp-container-core-columns-is-layout-28f84493 wp-block-columns-is-layout-flex\"><div class=\"gg-blocks-teaser-cards wp-block-column eplus-wrapper is-layout-flow wp-block-column-is-layout-flow eplus-styles-uid-bfaad7\" style=\"flex-basis:100%\">\n<div class=\"wp-block-columns eplus-wrapper is-layout-flex wp-container-core-columns-is-layout-28f84493 wp-block-columns-is-layout-flex\">\n<div class=\"wp-block-column has-ffffff-color has-c-83554-background-color has-text-color has-background eplus-wrapper is-layout-flow wp-block-column-is-layout-flow\" style=\"padding-top:3em;padding-right:3.5em;padding-bottom:3em;padding-left:3.5em\">\n<h2 class=\"has-efb-8-b-4-color has-text-color eplus-wrapper wp-block-heading\">Recursos<\/h2>\n\n\n\n<p class=\" eplus-wrapper\">Aqu\u00ed puede encontrar y descargar los resultados de nuestro proyecto, publicaciones y otros materiales \u00fatiles. Le invitamos a utilizarlos.\u00a0\u00a1Buen provecho!<\/p>\n\n\n\n<div class=\"wp-block-buttons eplus-wrapper is-layout-flex wp-block-buttons-is-layout-flex\">\n<div class=\"wp-block-button eplus-wrapper\"><a class=\"wp-block-button__link wp-element-button\" href=\"https:\/\/schoolfood4change.eu\/es\/results\/\">Ver recursos<\/a><\/div>\n<\/div>\n<\/div>\n\n\n\n<div class=\"wp-block-column has-efb-8-b-4-background-color has-background eplus-wrapper is-layout-flow wp-block-column-is-layout-flow\" style=\"padding-top:3em;padding-right:3.5em;padding-bottom:3em;padding-left:3.5em\">\n<h2 class=\"has-c-83554-color has-text-color eplus-wrapper wp-block-heading\">Contacto<\/h2>\n\n\n\n<p class=\" eplus-wrapper\">\u00a1Queremos escucharte! Si tienes alguna pregunta o comentario sobre SchoolFood4Change, env\u00edanos un correo electr\u00f3nico. Estaremos encantadas de ayudarte.<\/p>\n\n\n\n<div class=\"wp-block-buttons eplus-wrapper is-layout-flex wp-block-buttons-is-layout-flex\">\n<div class=\"wp-block-button eplus-wrapper\"><a class=\"wp-block-button__link wp-element-button\" href=\"https:\/\/schoolfood4change.eu\/es\/contact\/\">Cont\u00e1ctanos<\/a><\/div>\n<\/div>\n<\/div>\n<\/div>\n<\/div><\/div>\n<\/div><\/div><\/div><\/div><\/div>\n","protected":false},"excerpt":{"rendered":"<p>ALIMENTOS PARA EL BIENESTAR DE LAS PERSONAS&nbsp;Y DE NUESTRO PLANETA&nbsp; SchoolFood4Change (SF4C) pretende motivar, apoyar y capacitar a las escuelas para que ofrezcan comidas innovadoras, respetuosas con el clima, sanas, deliciosas, sin residuos y que reflejen la identidad local: una larga lista. \u00bfC\u00f3mo podemos asegurarnos de que se cumplen todos estos requisitos al mismo tiempo? [&hellip;]<\/p>\n","protected":false},"author":7,"featured_media":0,"parent":1303,"menu_order":0,"comment_status":"closed","ping_status":"closed","template":"","meta":{"_acf_changed":false,"inline_featured_image":false,"editor_plus_copied_stylings":"{}","footnotes":""},"class_list":["post-3141","page","type-page","status-publish","hentry"],"blocksy_meta":{"styles_descriptor":{"styles":{"desktop":"","tablet":"","mobile":""},"google_fonts":[],"version":6}},"acf":[],"yoast_head":"<!-- This site is optimized with the Yoast SEO plugin v27.3 - https:\/\/yoast.com\/product\/yoast-seo-wordpress\/ -->\n<title>Cocina y Salud Planetaria - SchoolFood4Change ES<\/title>\n<meta name=\"description\" content=\"What we eat has always evolved and school food is no exception. We are thankful for what has been achieved so far and now want to take school food to a whole new level.\u202f\" \/>\n<meta name=\"robots\" content=\"index, follow, max-snippet:-1, max-image-preview:large, max-video-preview:-1\" \/>\n<link rel=\"canonical\" href=\"https:\/\/schoolfood4change.eu\/es\/proyecto\/cocina-salud-planetaria\/\" \/>\n<meta property=\"og:locale\" content=\"es_ES\" \/>\n<meta property=\"og:type\" content=\"article\" \/>\n<meta property=\"og:title\" content=\"Cocina y Salud Planetaria - SchoolFood4Change ES\" \/>\n<meta property=\"og:description\" content=\"What we eat has always evolved and school food is no exception. We are thankful for what has been achieved so far and now want to take school food to a whole new level.\u202f\" \/>\n<meta property=\"og:url\" content=\"https:\/\/schoolfood4change.eu\/es\/proyecto\/cocina-salud-planetaria\/\" \/>\n<meta property=\"og:site_name\" content=\"SchoolFood4Change ES\" \/>\n<meta property=\"article:modified_time\" content=\"2025-07-09T11:23:46+00:00\" \/>\n<meta name=\"twitter:card\" content=\"summary_large_image\" \/>\n<meta name=\"twitter:label1\" content=\"Tiempo de lectura\" \/>\n\t<meta name=\"twitter:data1\" content=\"4 minutos\" \/>\n<script type=\"application\/ld+json\" class=\"yoast-schema-graph\">{\"@context\":\"https:\\\/\\\/schema.org\",\"@graph\":[{\"@type\":\"WebPage\",\"@id\":\"https:\\\/\\\/schoolfood4change.eu\\\/es\\\/proyecto\\\/cocina-salud-planetaria\\\/\",\"url\":\"https:\\\/\\\/schoolfood4change.eu\\\/es\\\/proyecto\\\/cocina-salud-planetaria\\\/\",\"name\":\"Cocina y Salud Planetaria - SchoolFood4Change ES\",\"isPartOf\":{\"@id\":\"https:\\\/\\\/schoolfood4change.eu\\\/es\\\/#website\"},\"datePublished\":\"2022-10-04T14:52:01+00:00\",\"dateModified\":\"2025-07-09T11:23:46+00:00\",\"description\":\"What we eat has always evolved and school food is no exception. We are thankful for what has been achieved so far and now want to take school food to a whole new level.\u202f\",\"breadcrumb\":{\"@id\":\"https:\\\/\\\/schoolfood4change.eu\\\/es\\\/proyecto\\\/cocina-salud-planetaria\\\/#breadcrumb\"},\"inLanguage\":\"es\",\"potentialAction\":[{\"@type\":\"ReadAction\",\"target\":[\"https:\\\/\\\/schoolfood4change.eu\\\/es\\\/proyecto\\\/cocina-salud-planetaria\\\/\"]}]},{\"@type\":\"BreadcrumbList\",\"@id\":\"https:\\\/\\\/schoolfood4change.eu\\\/es\\\/proyecto\\\/cocina-salud-planetaria\\\/#breadcrumb\",\"itemListElement\":[{\"@type\":\"ListItem\",\"position\":1,\"name\":\"Home\",\"item\":\"https:\\\/\\\/schoolfood4change.eu\\\/es\\\/\"},{\"@type\":\"ListItem\",\"position\":2,\"name\":\"Acerca del proyecto\",\"item\":\"https:\\\/\\\/schoolfood4change.eu\\\/es\\\/proyecto\\\/\"},{\"@type\":\"ListItem\",\"position\":3,\"name\":\"Cocina y Salud Planetaria\"}]},{\"@type\":\"WebSite\",\"@id\":\"https:\\\/\\\/schoolfood4change.eu\\\/es\\\/#website\",\"url\":\"https:\\\/\\\/schoolfood4change.eu\\\/es\\\/\",\"name\":\"SchoolFood4Change ES\",\"description\":\"\",\"publisher\":{\"@id\":\"https:\\\/\\\/schoolfood4change.eu\\\/es\\\/#organization\"},\"potentialAction\":[{\"@type\":\"SearchAction\",\"target\":{\"@type\":\"EntryPoint\",\"urlTemplate\":\"https:\\\/\\\/schoolfood4change.eu\\\/es\\\/?s={search_term_string}\"},\"query-input\":{\"@type\":\"PropertyValueSpecification\",\"valueRequired\":true,\"valueName\":\"search_term_string\"}}],\"inLanguage\":\"es\"},{\"@type\":\"Organization\",\"@id\":\"https:\\\/\\\/schoolfood4change.eu\\\/es\\\/#organization\",\"name\":\"SchoolFood4Change ES\",\"url\":\"https:\\\/\\\/schoolfood4change.eu\\\/es\\\/\",\"logo\":{\"@type\":\"ImageObject\",\"inLanguage\":\"es\",\"@id\":\"https:\\\/\\\/schoolfood4change.eu\\\/es\\\/#\\\/schema\\\/logo\\\/image\\\/\",\"url\":\"https:\\\/\\\/schoolfood4change.eu\\\/es\\\/wp-content\\\/uploads\\\/sites\\\/13\\\/2022\\\/06\\\/schholfood.svg\",\"contentUrl\":\"https:\\\/\\\/schoolfood4change.eu\\\/es\\\/wp-content\\\/uploads\\\/sites\\\/13\\\/2022\\\/06\\\/schholfood.svg\",\"width\":273,\"height\":90,\"caption\":\"SchoolFood4Change ES\"},\"image\":{\"@id\":\"https:\\\/\\\/schoolfood4change.eu\\\/es\\\/#\\\/schema\\\/logo\\\/image\\\/\"}}]}<\/script>\n<!-- \/ Yoast SEO plugin. -->","yoast_head_json":{"title":"Cocina y Salud Planetaria - SchoolFood4Change ES","description":"What we eat has always evolved and school food is no exception. We are thankful for what has been achieved so far and now want to take school food to a whole new level.\u202f","robots":{"index":"index","follow":"follow","max-snippet":"max-snippet:-1","max-image-preview":"max-image-preview:large","max-video-preview":"max-video-preview:-1"},"canonical":"https:\/\/schoolfood4change.eu\/es\/proyecto\/cocina-salud-planetaria\/","og_locale":"es_ES","og_type":"article","og_title":"Cocina y Salud Planetaria - SchoolFood4Change ES","og_description":"What we eat has always evolved and school food is no exception. We are thankful for what has been achieved so far and now want to take school food to a whole new level.\u202f","og_url":"https:\/\/schoolfood4change.eu\/es\/proyecto\/cocina-salud-planetaria\/","og_site_name":"SchoolFood4Change ES","article_modified_time":"2025-07-09T11:23:46+00:00","twitter_card":"summary_large_image","twitter_misc":{"Tiempo de lectura":"4 minutos"},"schema":{"@context":"https:\/\/schema.org","@graph":[{"@type":"WebPage","@id":"https:\/\/schoolfood4change.eu\/es\/proyecto\/cocina-salud-planetaria\/","url":"https:\/\/schoolfood4change.eu\/es\/proyecto\/cocina-salud-planetaria\/","name":"Cocina y Salud Planetaria - SchoolFood4Change ES","isPartOf":{"@id":"https:\/\/schoolfood4change.eu\/es\/#website"},"datePublished":"2022-10-04T14:52:01+00:00","dateModified":"2025-07-09T11:23:46+00:00","description":"What we eat has always evolved and school food is no exception. We are thankful for what has been achieved so far and now want to take school food to a whole new level.\u202f","breadcrumb":{"@id":"https:\/\/schoolfood4change.eu\/es\/proyecto\/cocina-salud-planetaria\/#breadcrumb"},"inLanguage":"es","potentialAction":[{"@type":"ReadAction","target":["https:\/\/schoolfood4change.eu\/es\/proyecto\/cocina-salud-planetaria\/"]}]},{"@type":"BreadcrumbList","@id":"https:\/\/schoolfood4change.eu\/es\/proyecto\/cocina-salud-planetaria\/#breadcrumb","itemListElement":[{"@type":"ListItem","position":1,"name":"Home","item":"https:\/\/schoolfood4change.eu\/es\/"},{"@type":"ListItem","position":2,"name":"Acerca del proyecto","item":"https:\/\/schoolfood4change.eu\/es\/proyecto\/"},{"@type":"ListItem","position":3,"name":"Cocina y Salud Planetaria"}]},{"@type":"WebSite","@id":"https:\/\/schoolfood4change.eu\/es\/#website","url":"https:\/\/schoolfood4change.eu\/es\/","name":"SchoolFood4Change ES","description":"","publisher":{"@id":"https:\/\/schoolfood4change.eu\/es\/#organization"},"potentialAction":[{"@type":"SearchAction","target":{"@type":"EntryPoint","urlTemplate":"https:\/\/schoolfood4change.eu\/es\/?s={search_term_string}"},"query-input":{"@type":"PropertyValueSpecification","valueRequired":true,"valueName":"search_term_string"}}],"inLanguage":"es"},{"@type":"Organization","@id":"https:\/\/schoolfood4change.eu\/es\/#organization","name":"SchoolFood4Change ES","url":"https:\/\/schoolfood4change.eu\/es\/","logo":{"@type":"ImageObject","inLanguage":"es","@id":"https:\/\/schoolfood4change.eu\/es\/#\/schema\/logo\/image\/","url":"https:\/\/schoolfood4change.eu\/es\/wp-content\/uploads\/sites\/13\/2022\/06\/schholfood.svg","contentUrl":"https:\/\/schoolfood4change.eu\/es\/wp-content\/uploads\/sites\/13\/2022\/06\/schholfood.svg","width":273,"height":90,"caption":"SchoolFood4Change ES"},"image":{"@id":"https:\/\/schoolfood4change.eu\/es\/#\/schema\/logo\/image\/"}}]}},"_links":{"self":[{"href":"https:\/\/schoolfood4change.eu\/es\/wp-json\/wp\/v2\/pages\/3141","targetHints":{"allow":["GET"]}}],"collection":[{"href":"https:\/\/schoolfood4change.eu\/es\/wp-json\/wp\/v2\/pages"}],"about":[{"href":"https:\/\/schoolfood4change.eu\/es\/wp-json\/wp\/v2\/types\/page"}],"author":[{"embeddable":true,"href":"https:\/\/schoolfood4change.eu\/es\/wp-json\/wp\/v2\/users\/7"}],"replies":[{"embeddable":true,"href":"https:\/\/schoolfood4change.eu\/es\/wp-json\/wp\/v2\/comments?post=3141"}],"version-history":[{"count":26,"href":"https:\/\/schoolfood4change.eu\/es\/wp-json\/wp\/v2\/pages\/3141\/revisions"}],"predecessor-version":[{"id":3921,"href":"https:\/\/schoolfood4change.eu\/es\/wp-json\/wp\/v2\/pages\/3141\/revisions\/3921"}],"up":[{"embeddable":true,"href":"https:\/\/schoolfood4change.eu\/es\/wp-json\/wp\/v2\/pages\/1303"}],"wp:attachment":[{"href":"https:\/\/schoolfood4change.eu\/es\/wp-json\/wp\/v2\/media?parent=3141"}],"curies":[{"name":"wp","href":"https:\/\/api.w.org\/{rel}","templated":true}]}}