{"id":1321,"date":"2022-06-14T15:57:16","date_gmt":"2022-06-14T13:57:16","guid":{"rendered":"https:\/\/schoolfood4change.eu\/es\/?page_id=1321"},"modified":"2023-06-06T11:39:28","modified_gmt":"2023-06-06T09:39:28","slug":"press","status":"publish","type":"page","link":"https:\/\/schoolfood4change.eu\/es\/press\/","title":{"rendered":"Prensa"},"content":{"rendered":"\n<div class=\"wp-block-getwid-section alignfull gg-blocks-results alignfull\"><div class=\"wp-block-getwid-section__wrapper getwid-padding-top-normal\" style=\"padding-bottom:0px\"><div class=\"wp-block-getwid-section__inner-wrapper\"><div class=\"wp-block-getwid-section__background-holder\"><div class=\"wp-block-getwid-section__background\"><\/div><div class=\"wp-block-getwid-section__foreground\"><\/div><\/div><div class=\"wp-block-getwid-section__content\"><div class=\"wp-block-getwid-section__inner-content\">\n<div class=\"wp-block-columns eplus-wrapper is-layout-flex wp-container-core-columns-is-layout-28f84493 wp-block-columns-is-layout-flex\">\n<div class=\"wp-block-column eplus-wrapper is-layout-flow wp-block-column-is-layout-flow\" style=\"flex-basis:70%\"><h5 class=\"eplus-wrapper wp-block-heading eplus-styles-uid-b041c2\">Prensa <\/h5>\n\n<h1 class=\"eplus-wrapper wp-block-heading eplus-styles-uid-3d81bd\">Comunicados de prensa<\/h1>\n\n\n<p class=\" eplus-wrapper\">Aqu\u00ed encontrar\u00e1 nuestros comunicados de prensa. Para m\u00e1s informaci\u00f3n, no dude en ponerse en contacto con nosotros.<\/p>\n<\/div>\n\n\n\n<div class=\"wp-block-column eplus-wrapper is-layout-flow wp-block-column-is-layout-flow\" style=\"flex-basis:33.33%\"><\/div>\n<\/div>\n<\/div><\/div><\/div><\/div><\/div>\n\n\n\n<div class=\"wp-block-getwid-section gg-blocks-press-listings alignfull alignfull getwid-margin-top-normal getwid-margin-bottom-none\"><div class=\"wp-block-getwid-section__wrapper getwid-padding-left-normal getwid-padding-right-normal\" style=\"padding-top:0px;padding-bottom:79px\"><div class=\"wp-block-getwid-section__inner-wrapper\"><div class=\"wp-block-getwid-section__background-holder\"><div class=\"wp-block-getwid-section__background has-background has-eef-7-f-6-background-color\"><\/div><div class=\"wp-block-getwid-section__foreground\"><\/div><\/div><div class=\"wp-block-getwid-section__content\"><div class=\"wp-block-getwid-section__inner-content\">\n<div style=\"height:78px\" aria-hidden=\"true\" class=\"wp-block-spacer eplus-wrapper\"><\/div>\n\n\n        <div class=\"wp-block-getwid-custom-post-type custom-post-type-gg_press has-layout-grid has-spacing-small gg-blocks-press\">\n            <div class=\"wp-block-getwid-custom-post-type__wrapper getwid-columns getwid-columns-3\">\n                \t\t\t\t\t\t\t\t<div class='wp-block-getwid-custom-post-type__post'>\n\t\t\t\t\t\t\t\t\t\n<div class=\"gg-press-item wp-block-group eplus-wrapper is-layout-flow wp-block-group-is-layout-flow\">\n<div class=\"wp-block-getwid-template-post-featured-image\" >\n            <a href=\"https:\/\/schoolfood4change.eu\/es\/blog\/press\/schoolfood4change-sets-out-to-transform-our-food-system\/\">\n        <img loading=\"lazy\" decoding=\"async\" width=\"1024\" height=\"677\" src=\"https:\/\/schoolfood4change.eu\/es\/wp-content\/uploads\/sites\/13\/2022\/07\/hands_up_format-1024x677.png\" class=\"attachment-large size-large wp-post-image\" alt=\"SchoolFood4Change se propone transformar nuestro sistema alimentario\" srcset=\"https:\/\/schoolfood4change.eu\/es\/wp-content\/uploads\/sites\/13\/2022\/07\/hands_up_format-1024x677.png 1024w, https:\/\/schoolfood4change.eu\/es\/wp-content\/uploads\/sites\/13\/2022\/07\/hands_up_format-300x198.png 300w, https:\/\/schoolfood4change.eu\/es\/wp-content\/uploads\/sites\/13\/2022\/07\/hands_up_format-768x508.png 768w, https:\/\/schoolfood4change.eu\/es\/wp-content\/uploads\/sites\/13\/2022\/07\/hands_up_format-1536x1016.png 1536w, https:\/\/schoolfood4change.eu\/es\/wp-content\/uploads\/sites\/13\/2022\/07\/hands_up_format.png 2000w\" sizes=\"auto, (max-width: 1024px) 100vw, 1024px\" \/>            <\/a>\n    <\/div>\n\n\n\n<div class=\"gg-press-item-content wp-block-group eplus-wrapper is-layout-flow wp-block-group-is-layout-flow\">\n<h3 class=\"wp-block-getwid-template-post-title\"><a class=\"wp-block-getwid-template-post-title__link\" href=\"https:\/\/schoolfood4change.eu\/es\/blog\/press\/schoolfood4change-sets-out-to-transform-our-food-system\/\">SchoolFood4Change se propone transformar nuestro sistema alimentario<\/a><\/h3>\n\n<div class=\"wp-block-post-date\"><time datetime=\"2022-03-10T14:30:00+01:00\">10 marzo 2022<\/time><\/div>\n\n\n<div style=\"height:11px\" aria-hidden=\"true\" class=\"wp-block-spacer eplus-wrapper\"><\/div>\n\n\n\n<div class=\"wp-block-getwid-template-post-content is-excerpt\" ><p>Reunir a todas las partes interesadas en una mesa.Impulsar la transformaci\u00f3n del sistema alimentario para la resiliencia social y ambiental.El 10 de marzo es el&hellip;<\/p><\/div>\n<\/div>\n<\/div>\n\t\t\t\t\t\t\t\t<\/div>\n\t\t\t\t\t\t\t            <\/div>\n\n                    <\/div>\n        \n\n\n<div style=\"height:38px\" aria-hidden=\"true\" class=\"wp-block-spacer eplus-wrapper\"><\/div>\n<\/div><\/div><\/div><\/div><\/div>\n\n\n\n\n\n<div class=\"wp-block-getwid-section alignfull alignfull getwid-margin-top-none getwid-margin-bottom-none\"><div class=\"wp-block-getwid-section__wrapper getwid-padding-top-large getwid-padding-bottom-large\"><div class=\"wp-block-getwid-section__inner-wrapper\"><div class=\"wp-block-getwid-section__background-holder\"><div class=\"wp-block-getwid-section__background has-background has-eef-7-f-6-background-color\"><\/div><div class=\"wp-block-getwid-section__foreground\"><\/div><\/div><div class=\"wp-block-getwid-section__content\"><div class=\"wp-block-getwid-section__inner-content\"><div class=\"wp-block-columns eplus-wrapper is-layout-flex wp-container-core-columns-is-layout-28f84493 wp-block-columns-is-layout-flex eplus-styles-uid-b7f7a6\">\n<div class=\"wp-block-column is-vertically-aligned-center eplus-wrapper is-layout-flow wp-block-column-is-layout-flow\">\n<h2 class=\"eplus-wrapper wp-block-heading\">contacto de prensa<\/h2>\n\n\n\n<figure class=\"wp-block-image size-large eplus-wrapper\"><img loading=\"lazy\" decoding=\"async\" width=\"1024\" height=\"1024\" src=\"https:\/\/schoolfood4change.eu\/es\/wp-content\/uploads\/sites\/13\/2022\/07\/Chefs-kiss-1024x1024.png\" alt=\"Thanks for the food\" class=\"wp-image-2698\" srcset=\"https:\/\/schoolfood4change.eu\/es\/wp-content\/uploads\/sites\/13\/2022\/07\/Chefs-kiss-1024x1024.png 1024w, https:\/\/schoolfood4change.eu\/es\/wp-content\/uploads\/sites\/13\/2022\/07\/Chefs-kiss-300x300.png 300w, https:\/\/schoolfood4change.eu\/es\/wp-content\/uploads\/sites\/13\/2022\/07\/Chefs-kiss-150x150.png 150w, https:\/\/schoolfood4change.eu\/es\/wp-content\/uploads\/sites\/13\/2022\/07\/Chefs-kiss-768x768.png 768w, https:\/\/schoolfood4change.eu\/es\/wp-content\/uploads\/sites\/13\/2022\/07\/Chefs-kiss.png 1080w\" sizes=\"auto, (max-width: 1024px) 100vw, 1024px\" \/><\/figure>\n<\/div>\n\n\n<div class=\"wp-block-column is-vertically-aligned-center eplus-wrapper is-layout-flow wp-block-column-is-layout-flow eplus-styles-uid-fc34cc\">\n<h3 class=\"eplus-wrapper wp-block-heading\">Ulrika Backlund<\/h3>\n\n\n<p class=\" eplus-wrapper eplus-styles-uid-8532eb\">Portavoz de comunicaci\u00f3n del proyecto  | WWF Suecia<\/p>\n\n\n<div class=\"wp-block-getwid-icon-box gg-footer-email has-icon-left has-text-left\"><div class=\"wp-block-getwid-icon-box__icon-container has-layout-stacked is-position-middle\"><div class=\"wp-block-getwid-icon-box__icon-wrapper has-text-color\" style=\"font-size:25px;color:#badedc\"><i class=\"fas fa-phone\"><\/i><\/div><\/div><div class=\"wp-block-getwid-icon-box__content\"><p class=\" eplus-wrapper eplus-styles-uid-4e7295\"><a href=\"tel:+46%208%20546%20575%2024\">+46 8 546 575 24<\/a><\/p><\/div><\/div>\n\n\n\n<div class=\"wp-block-getwid-icon-box gg-footer-email has-icon-left has-text-left\"><div class=\"wp-block-getwid-icon-box__icon-container has-layout-stacked is-position-middle\"><div class=\"wp-block-getwid-icon-box__icon-wrapper has-text-color\" style=\"font-size:25px;color:#badedc\"><i class=\"fas fa-envelope\"><\/i><\/div><\/div><div class=\"wp-block-getwid-icon-box__content\"><p class=\" eplus-wrapper eplus-styles-uid-4e7295\"><a href=\"mailto:ulrika.backlund@wwf.se\">ulrika.backlund@wwf.se<\/a><\/p><\/div><\/div>\n<\/div><\/div><\/div><\/div><\/div><\/div><\/div>\n\n\n\n<p class=\" eplus-wrapper\"><\/p>\n","protected":false},"excerpt":{"rendered":"","protected":false},"author":7,"featured_media":0,"parent":0,"menu_order":0,"comment_status":"closed","ping_status":"closed","template":"","meta":{"_acf_changed":false,"inline_featured_image":false,"editor_plus_copied_stylings":"{}","footnotes":""},"class_list":["post-1321","page","type-page","status-publish","hentry"],"blocksy_meta":{"styles_descriptor":{"styles":{"desktop":"","tablet":"","mobile":""},"google_fonts":[],"version":6},"page_title_panel":"","has_hero_section":"default","432cba2291b6924b6ee99ce696c65252":"","hero_section":"type-1","hero_elements":[{"id":"custom_title","enabled":true,"heading_tag":"h1","title":"Startseite"},{"id":"custom_description","enabled":true,"description_visibility":{"desktop":true,"tablet":true,"mobile":false}},{"id":"custom_meta","enabled":false,"meta_elements":[{"id":"author","enabled":true,"label":"Von","has_author_avatar":"yes","avatar_size":25},{"id":"post_date","enabled":true,"label":"Am","date_format_source":"default","date_format":"M j, Y"},{"id":"updated_date","enabled":false,"label":"Am","date_format_source":"default","date_format":"M j, Y"},{"id":"categories","enabled":false,"label":"In","style":"simple"},{"id":"comments","enabled":true}],"page_meta_elements":{"joined":true,"articles_count":true,"comments":true}},{"id":"breadcrumbs","enabled":false}],"b7e703387d7450864e9b6cb21a64aa53":"","hero_alignment1":"CT_CSS_SKIP_RULE","hero_margin":40,"hero_alignment2":"center","hero_vertical_alignment":"center","a589431ec8241ed13d38b6641528ccf2":"","hero_structure":"narrow","39e71a3ca77e9d9652204a95059960f3":"","page_title_bg_type":"featured_image","custom_hero_background":{"attachment_id":null},"page_title_image_size":"full","parallax":{"desktop":false,"tablet":false,"mobile":false},"3d3f3936032358a22e89e3e5bcdd4baf":"","hero_height":"250px","pageTitleFont":{"family":"Default","variation":"Default","size":"30px","line-height":"CT_CSS_SKIP_RULE","letter-spacing":"CT_CSS_SKIP_RULE","text-transform":"CT_CSS_SKIP_RULE","text-decoration":"CT_CSS_SKIP_RULE"},"pageTitleFontColor":{"default":{"color":"CT_CSS_SKIP_RULEDEFAULT"}},"pageMetaFont":{"family":"Default","variation":"n6","size":"12px","line-height":"1.3","letter-spacing":"CT_CSS_SKIP_RULE","text-transform":"uppercase","text-decoration":"CT_CSS_SKIP_RULE"},"pageMetaFontColor":{"default":{"color":"CT_CSS_SKIP_RULEDEFAULT"},"hover":{"color":"CT_CSS_SKIP_RULEDEFAULT"}},"page_meta_button_type_font_colors":{"default":{"color":"CT_CSS_SKIP_RULEDEFAULT"},"hover":{"color":"CT_CSS_SKIP_RULEDEFAULT"}},"page_meta_button_type_background_colors":{"default":{"color":"CT_CSS_SKIP_RULEDEFAULT"},"hover":{"color":"CT_CSS_SKIP_RULEDEFAULT"}},"pageExcerptFont":{"family":"Default","variation":"Default","size":"CT_CSS_SKIP_RULE","line-height":"CT_CSS_SKIP_RULE","letter-spacing":"CT_CSS_SKIP_RULE","text-transform":"CT_CSS_SKIP_RULE","text-decoration":"CT_CSS_SKIP_RULE"},"pageExcerptColor":{"default":{"color":"CT_CSS_SKIP_RULEDEFAULT"}},"breadcrumbsFont":{"family":"Default","variation":"Default","size":"CT_CSS_SKIP_RULE","line-height":"CT_CSS_SKIP_RULE","letter-spacing":"CT_CSS_SKIP_RULE","text-transform":"CT_CSS_SKIP_RULE","text-decoration":"CT_CSS_SKIP_RULE"},"breadcrumbsFontColor":{"default":{"color":"CT_CSS_SKIP_RULEDEFAULT"},"initial":{"color":"CT_CSS_SKIP_RULEDEFAULT"},"hover":{"color":"CT_CSS_SKIP_RULEDEFAULT"}},"acf_field_hero_elements":"","typography":{"family":"Default","variation":"Default","size":"CT_CSS_SKIP_RULE","line-height":"CT_CSS_SKIP_RULE","letter-spacing":"CT_CSS_SKIP_RULE","text-transform":"CT_CSS_SKIP_RULE","text-decoration":"CT_CSS_SKIP_RULE"},"color":{"default":{"color":"CT_CSS_SKIP_RULEDEFAULT"},"hover":{"color":"CT_CSS_SKIP_RULEDEFAULT"}},"metabox_field_hero_elements":"","toolset_field_hero_elements":"","jetengine_field_hero_elements":"","custom_field_hero_elements":"","pageTitleOverlay":{"background_type":"color","background_pattern":"type-1","background_image":{"attachment_id":null,"x":0,"y":0},"gradient":"linear-gradient(135deg,rgba(6,147,227,1) 0%,rgb(155,81,224) 100%)","background_repeat":"repeat","background_size":"auto","background_attachment":"scroll","patternColor":{"default":{"color":"#e5e7ea"}},"overlayColor":{"default":{"color":"CT_CSS_SKIP_RULE"}},"backgroundColor":{"default":{"color":"CT_CSS_SKIP_RULE"}}},"pageTitleBackground":{"background_type":"color","background_pattern":"type-1","background_image":{"attachment_id":null,"x":0,"y":0},"gradient":"linear-gradient(135deg,rgba(6,147,227,1) 0%,rgb(155,81,224) 100%)","background_repeat":"repeat","background_size":"auto","background_attachment":"scroll","patternColor":{"default":{"color":"#e5e7ea"}},"overlayColor":{"default":{"color":"CT_CSS_SKIP_RULE"}},"backgroundColor":{"default":{"color":"var(--paletteColor6)"}}},"pageTitlePadding":{"top":"50px","bottom":"50px","left":"auto","right":"auto","linked":true},"9c3c5bbc065b5c33a15fb08c60eaa1bf":"","page_structure_type":"default","fe782f4e7bce1667e51a395f5a6c9095":"","content_style_source":"inherit","content_style":"wide","vertical_spacing_source":"custom","content_area_spacing":"top","background":{"background_type":"color","background_pattern":"type-1","background_image":{"attachment_id":null,"x":0,"y":0},"gradient":"linear-gradient(135deg,rgba(6,147,227,1) 0%,rgb(155,81,224) 100%)","background_repeat":"repeat","background_size":"auto","background_attachment":"scroll","patternColor":{"default":{"color":"#e5e7ea"}},"overlayColor":{"default":{"color":"CT_CSS_SKIP_RULE"}},"backgroundColor":{"default":{"color":"CT_CSS_SKIP_RULE"}}},"content_background":{"background_type":"color","background_pattern":"type-1","background_image":{"attachment_id":null,"x":0,"y":0},"gradient":"linear-gradient(135deg,rgba(6,147,227,1) 0%,rgb(155,81,224) 100%)","background_repeat":"repeat","background_size":"auto","background_attachment":"scroll","patternColor":{"default":{"color":"#e5e7ea"}},"overlayColor":{"default":{"color":"CT_CSS_SKIP_RULE"}},"backgroundColor":{"default":{"color":"var(--paletteColor8)"}}},"content_boxed_shadow":{"inherit":false,"blur":18,"spread":-6,"v_offset":12,"h_offset":0,"inset":false,"enable":true,"color":{"color":"rgba(34, 56, 101, 0.04)"}},"content_boxed_border":{"width":1,"style":"none","color":{"color":"rgba(44,62,80,0.2)"}},"content_boxed_radius":{"top":"3px","bottom":"3px","left":"3px","right":"3px","linked":true},"boxed_content_spacing":{"desktop":{"top":"40px","bottom":"40px","left":"40px","right":"40px","linked":true},"tablet":{"top":"35px","bottom":"35px","left":"35px","right":"35px","linked":true},"mobile":{"top":"20px","bottom":"20px","left":"20px","right":"20px","linked":true}},"9270e0e2c07a626debaacc12ad5300cf":"","disable_featured_image":"no","disable_share_box":"no","disable_header":"no","disable_footer":"no","68d292a2f4feefff48797fc14a935ba3":"","header_footer_scripts_panel":"","header_scripts":"","035d55953987715272b26745803fb0b9":"","header_after_body_scripts":"","993bea4984955236045200c094999397":"","footer_scripts":"","2ba2e7e856a36515c557e7e22be17e89":"","6d3520f3e33cdb59964b67d4da74fc24":"","760c854234bfecd30055d85ac1be044d":"","a200648b00ef5357c0f92b3a542c8d3b":"","30df7fa846123146697ba51c01f07e99":"","2a9c3cea208c1a8b6f7716ab5119768d":"","a5c7750120835abf0ebbf6630d7f2cae":"","bb7fe36776c99a5d917819b08e924c18":"","edfffef07eba612a80130355bccb1b86":"","356f4bbe622c5e9324888058d07e3b46":"","f2d356b19ab035630a873d98727d8afb":"","79b1244568110427d8b0e21c23f9e26a":"","e1a09f8acf6505ec9cdcb1cf2ac471e6":"","e3205ef64b1505169a50492239e30710":"","79825c6fed70b676cbc2f2095a06915e":"","42a368c1bee1b1ce3c912dd7b164ec30":"","6a551d2ee0b2f24c289164b5f742b0c7":"","70d23f99e10c214a049cc7c8fd51119a":"","60793d427ebf5233d227296209158764":"","e09561a06dc0839703f9a0ea6be5de16":"","c673a3dddd082ccab56c3540c3a78ecd":"","821d2ec8c26d00aa88a0546037144b43":""},"acf":[],"yoast_head":"<!-- This site is optimized with the Yoast SEO plugin v27.3 - https:\/\/yoast.com\/product\/yoast-seo-wordpress\/ -->\n<title>Prensa - SchoolFood4Change ES<\/title>\n<meta name=\"robots\" content=\"index, follow, max-snippet:-1, max-image-preview:large, max-video-preview:-1\" \/>\n<link rel=\"canonical\" href=\"https:\/\/schoolfood4change.eu\/es\/press\/\" \/>\n<meta property=\"og:locale\" content=\"es_ES\" \/>\n<meta property=\"og:type\" content=\"article\" \/>\n<meta property=\"og:title\" content=\"Prensa - SchoolFood4Change ES\" \/>\n<meta property=\"og:url\" content=\"https:\/\/schoolfood4change.eu\/es\/press\/\" \/>\n<meta property=\"og:site_name\" content=\"SchoolFood4Change ES\" \/>\n<meta property=\"article:modified_time\" content=\"2023-06-06T09:39:28+00:00\" \/>\n<meta property=\"og:image\" content=\"https:\/\/schoolfood4change.eu\/es\/wp-content\/uploads\/sites\/13\/2022\/06\/social.png\" \/>\n\t<meta property=\"og:image:width\" content=\"1200\" \/>\n\t<meta property=\"og:image:height\" content=\"683\" \/>\n\t<meta property=\"og:image:type\" content=\"image\/png\" \/>\n<meta name=\"twitter:card\" content=\"summary_large_image\" \/>\n<meta name=\"twitter:image\" content=\"https:\/\/schoolfood4change.eu\/es\/wp-content\/uploads\/sites\/13\/2022\/06\/social.png\" \/>\n<meta name=\"twitter:label1\" content=\"Tiempo de lectura\" \/>\n\t<meta name=\"twitter:data1\" content=\"1 minuto\" \/>\n<script type=\"application\/ld+json\" class=\"yoast-schema-graph\">{\"@context\":\"https:\\\/\\\/schema.org\",\"@graph\":[{\"@type\":\"WebPage\",\"@id\":\"https:\\\/\\\/schoolfood4change.eu\\\/es\\\/press\\\/\",\"url\":\"https:\\\/\\\/schoolfood4change.eu\\\/es\\\/press\\\/\",\"name\":\"Prensa - SchoolFood4Change ES\",\"isPartOf\":{\"@id\":\"https:\\\/\\\/schoolfood4change.eu\\\/es\\\/#website\"},\"primaryImageOfPage\":{\"@id\":\"https:\\\/\\\/schoolfood4change.eu\\\/es\\\/press\\\/#primaryimage\"},\"image\":{\"@id\":\"https:\\\/\\\/schoolfood4change.eu\\\/es\\\/press\\\/#primaryimage\"},\"thumbnailUrl\":\"https:\\\/\\\/schoolfood4change.eu\\\/es\\\/wp-content\\\/uploads\\\/sites\\\/13\\\/2022\\\/07\\\/Chefs-kiss-1024x1024.png\",\"datePublished\":\"2022-06-14T13:57:16+00:00\",\"dateModified\":\"2023-06-06T09:39:28+00:00\",\"breadcrumb\":{\"@id\":\"https:\\\/\\\/schoolfood4change.eu\\\/es\\\/press\\\/#breadcrumb\"},\"inLanguage\":\"es\",\"potentialAction\":[{\"@type\":\"ReadAction\",\"target\":[\"https:\\\/\\\/schoolfood4change.eu\\\/es\\\/press\\\/\"]}]},{\"@type\":\"ImageObject\",\"inLanguage\":\"es\",\"@id\":\"https:\\\/\\\/schoolfood4change.eu\\\/es\\\/press\\\/#primaryimage\",\"url\":\"https:\\\/\\\/schoolfood4change.eu\\\/es\\\/wp-content\\\/uploads\\\/sites\\\/13\\\/2022\\\/07\\\/Chefs-kiss.png\",\"contentUrl\":\"https:\\\/\\\/schoolfood4change.eu\\\/es\\\/wp-content\\\/uploads\\\/sites\\\/13\\\/2022\\\/07\\\/Chefs-kiss.png\",\"width\":1080,\"height\":1080,\"caption\":\"Thanks for the food\"},{\"@type\":\"BreadcrumbList\",\"@id\":\"https:\\\/\\\/schoolfood4change.eu\\\/es\\\/press\\\/#breadcrumb\",\"itemListElement\":[{\"@type\":\"ListItem\",\"position\":1,\"name\":\"Home\",\"item\":\"https:\\\/\\\/schoolfood4change.eu\\\/es\\\/\"},{\"@type\":\"ListItem\",\"position\":2,\"name\":\"Prensa\"}]},{\"@type\":\"WebSite\",\"@id\":\"https:\\\/\\\/schoolfood4change.eu\\\/es\\\/#website\",\"url\":\"https:\\\/\\\/schoolfood4change.eu\\\/es\\\/\",\"name\":\"SchoolFood4Change ES\",\"description\":\"\",\"publisher\":{\"@id\":\"https:\\\/\\\/schoolfood4change.eu\\\/es\\\/#organization\"},\"potentialAction\":[{\"@type\":\"SearchAction\",\"target\":{\"@type\":\"EntryPoint\",\"urlTemplate\":\"https:\\\/\\\/schoolfood4change.eu\\\/es\\\/?s={search_term_string}\"},\"query-input\":{\"@type\":\"PropertyValueSpecification\",\"valueRequired\":true,\"valueName\":\"search_term_string\"}}],\"inLanguage\":\"es\"},{\"@type\":\"Organization\",\"@id\":\"https:\\\/\\\/schoolfood4change.eu\\\/es\\\/#organization\",\"name\":\"SchoolFood4Change ES\",\"url\":\"https:\\\/\\\/schoolfood4change.eu\\\/es\\\/\",\"logo\":{\"@type\":\"ImageObject\",\"inLanguage\":\"es\",\"@id\":\"https:\\\/\\\/schoolfood4change.eu\\\/es\\\/#\\\/schema\\\/logo\\\/image\\\/\",\"url\":\"https:\\\/\\\/schoolfood4change.eu\\\/es\\\/wp-content\\\/uploads\\\/sites\\\/13\\\/2022\\\/06\\\/schholfood.svg\",\"contentUrl\":\"https:\\\/\\\/schoolfood4change.eu\\\/es\\\/wp-content\\\/uploads\\\/sites\\\/13\\\/2022\\\/06\\\/schholfood.svg\",\"width\":273,\"height\":90,\"caption\":\"SchoolFood4Change ES\"},\"image\":{\"@id\":\"https:\\\/\\\/schoolfood4change.eu\\\/es\\\/#\\\/schema\\\/logo\\\/image\\\/\"}}]}<\/script>\n<!-- \/ Yoast SEO plugin. -->","yoast_head_json":{"title":"Prensa - SchoolFood4Change ES","robots":{"index":"index","follow":"follow","max-snippet":"max-snippet:-1","max-image-preview":"max-image-preview:large","max-video-preview":"max-video-preview:-1"},"canonical":"https:\/\/schoolfood4change.eu\/es\/press\/","og_locale":"es_ES","og_type":"article","og_title":"Prensa - SchoolFood4Change ES","og_url":"https:\/\/schoolfood4change.eu\/es\/press\/","og_site_name":"SchoolFood4Change ES","article_modified_time":"2023-06-06T09:39:28+00:00","og_image":[{"width":1200,"height":683,"url":"https:\/\/schoolfood4change.eu\/es\/wp-content\/uploads\/sites\/13\/2022\/06\/social.png","type":"image\/png"}],"twitter_card":"summary_large_image","twitter_image":"https:\/\/schoolfood4change.eu\/es\/wp-content\/uploads\/sites\/13\/2022\/06\/social.png","twitter_misc":{"Tiempo de lectura":"1 minuto"},"schema":{"@context":"https:\/\/schema.org","@graph":[{"@type":"WebPage","@id":"https:\/\/schoolfood4change.eu\/es\/press\/","url":"https:\/\/schoolfood4change.eu\/es\/press\/","name":"Prensa - SchoolFood4Change ES","isPartOf":{"@id":"https:\/\/schoolfood4change.eu\/es\/#website"},"primaryImageOfPage":{"@id":"https:\/\/schoolfood4change.eu\/es\/press\/#primaryimage"},"image":{"@id":"https:\/\/schoolfood4change.eu\/es\/press\/#primaryimage"},"thumbnailUrl":"https:\/\/schoolfood4change.eu\/es\/wp-content\/uploads\/sites\/13\/2022\/07\/Chefs-kiss-1024x1024.png","datePublished":"2022-06-14T13:57:16+00:00","dateModified":"2023-06-06T09:39:28+00:00","breadcrumb":{"@id":"https:\/\/schoolfood4change.eu\/es\/press\/#breadcrumb"},"inLanguage":"es","potentialAction":[{"@type":"ReadAction","target":["https:\/\/schoolfood4change.eu\/es\/press\/"]}]},{"@type":"ImageObject","inLanguage":"es","@id":"https:\/\/schoolfood4change.eu\/es\/press\/#primaryimage","url":"https:\/\/schoolfood4change.eu\/es\/wp-content\/uploads\/sites\/13\/2022\/07\/Chefs-kiss.png","contentUrl":"https:\/\/schoolfood4change.eu\/es\/wp-content\/uploads\/sites\/13\/2022\/07\/Chefs-kiss.png","width":1080,"height":1080,"caption":"Thanks for the food"},{"@type":"BreadcrumbList","@id":"https:\/\/schoolfood4change.eu\/es\/press\/#breadcrumb","itemListElement":[{"@type":"ListItem","position":1,"name":"Home","item":"https:\/\/schoolfood4change.eu\/es\/"},{"@type":"ListItem","position":2,"name":"Prensa"}]},{"@type":"WebSite","@id":"https:\/\/schoolfood4change.eu\/es\/#website","url":"https:\/\/schoolfood4change.eu\/es\/","name":"SchoolFood4Change ES","description":"","publisher":{"@id":"https:\/\/schoolfood4change.eu\/es\/#organization"},"potentialAction":[{"@type":"SearchAction","target":{"@type":"EntryPoint","urlTemplate":"https:\/\/schoolfood4change.eu\/es\/?s={search_term_string}"},"query-input":{"@type":"PropertyValueSpecification","valueRequired":true,"valueName":"search_term_string"}}],"inLanguage":"es"},{"@type":"Organization","@id":"https:\/\/schoolfood4change.eu\/es\/#organization","name":"SchoolFood4Change ES","url":"https:\/\/schoolfood4change.eu\/es\/","logo":{"@type":"ImageObject","inLanguage":"es","@id":"https:\/\/schoolfood4change.eu\/es\/#\/schema\/logo\/image\/","url":"https:\/\/schoolfood4change.eu\/es\/wp-content\/uploads\/sites\/13\/2022\/06\/schholfood.svg","contentUrl":"https:\/\/schoolfood4change.eu\/es\/wp-content\/uploads\/sites\/13\/2022\/06\/schholfood.svg","width":273,"height":90,"caption":"SchoolFood4Change ES"},"image":{"@id":"https:\/\/schoolfood4change.eu\/es\/#\/schema\/logo\/image\/"}}]}},"_links":{"self":[{"href":"https:\/\/schoolfood4change.eu\/es\/wp-json\/wp\/v2\/pages\/1321","targetHints":{"allow":["GET"]}}],"collection":[{"href":"https:\/\/schoolfood4change.eu\/es\/wp-json\/wp\/v2\/pages"}],"about":[{"href":"https:\/\/schoolfood4change.eu\/es\/wp-json\/wp\/v2\/types\/page"}],"author":[{"embeddable":true,"href":"https:\/\/schoolfood4change.eu\/es\/wp-json\/wp\/v2\/users\/7"}],"replies":[{"embeddable":true,"href":"https:\/\/schoolfood4change.eu\/es\/wp-json\/wp\/v2\/comments?post=1321"}],"version-history":[{"count":46,"href":"https:\/\/schoolfood4change.eu\/es\/wp-json\/wp\/v2\/pages\/1321\/revisions"}],"predecessor-version":[{"id":3964,"href":"https:\/\/schoolfood4change.eu\/es\/wp-json\/wp\/v2\/pages\/1321\/revisions\/3964"}],"wp:attachment":[{"href":"https:\/\/schoolfood4change.eu\/es\/wp-json\/wp\/v2\/media?parent=1321"}],"curies":[{"name":"wp","href":"https:\/\/api.w.org\/{rel}","templated":true}]}}