{"id":4539,"date":"2023-09-28T14:58:16","date_gmt":"2023-09-28T12:58:16","guid":{"rendered":"https:\/\/schoolfood4change.eu\/de\/?page_id=4539"},"modified":"2025-03-07T17:04:18","modified_gmt":"2025-03-07T16:04:18","slug":"fuer-caterer","status":"publish","type":"page","link":"https:\/\/schoolfood4change.eu\/de\/fuer-caterer\/","title":{"rendered":"F\u00fcr Caterer"},"content":{"rendered":"\n<div class=\"wp-block-getwid-section alignfull gg-blocks-results alignfull\"><div class=\"wp-block-getwid-section__wrapper getwid-padding-top-normal getwid-padding-bottom-normal\"><div class=\"wp-block-getwid-section__inner-wrapper\"><div class=\"wp-block-getwid-section__background-holder\"><div class=\"wp-block-getwid-section__background\"><\/div><div class=\"wp-block-getwid-section__foreground\"><\/div><\/div><div class=\"wp-block-getwid-section__content\"><div class=\"wp-block-getwid-section__inner-content\">\n<div class=\"wp-block-columns eplus-wrapper is-layout-flex wp-container-core-columns-is-layout-28f84493 wp-block-columns-is-layout-flex\">\n<div class=\"wp-block-column eplus-wrapper is-layout-flow wp-block-column-is-layout-flow\" style=\"flex-basis:70%\">\n<h1 class=\" wp-block-heading eplus-wrapper\">F\u00fcr Caterer<\/h1>\n\n\n\n<p class=\" eplus-wrapper\"><\/p>\n<\/div>\n\n\n\n<div class=\"wp-block-column eplus-wrapper is-layout-flow wp-block-column-is-layout-flow\" style=\"flex-basis:33.33%\"><\/div>\n<\/div>\n\n\n\n<div style=\"height:45px\" aria-hidden=\"true\" class=\" wp-block-spacer eplus-wrapper\"><\/div>\n\n\n\n<div class=\"wp-block-getwid-tabs alignfull has-layout-vertical-left alignfull\" data-active-tab=\"0\"><ul class=\"wp-block-getwid-tabs__nav-links\"><\/ul>\n<div class=\"wp-block-getwid-tabs__nav-link\"><span class=\"wp-block-getwid-tabs__title-wrapper\"><a href=\"#\"><span class=\"wp-block-getwid-tabs__title\">Speiseplanung<\/span><\/a><\/span><\/div><div class=\"wp-block-getwid-tabs__tab-content-wrapper\"><div class=\"wp-block-getwid-tabs__tab-content\">\n<div class=\"wp-block-getwid-icon-box has-icon-left has-text-center\"><div class=\"wp-block-getwid-icon-box__icon-container has-layout-stacked is-position-middle\"><a href=\"https:\/\/biospeiseplan.de\/\" class=\"wp-block-getwid-icon-box__icon-wrapper has-background has-badedc-background-color has-text-color has-317275-color\" style=\"font-size:43px\"><i class=\"fas fa-project-diagram\"><\/i><\/a><\/div><div class=\"wp-block-getwid-icon-box__content\">\n<h6 class=\" wp-block-heading has-text-align-left eplus-wrapper\"><a href=\"https:\/\/biospeiseplan.de\/\">B<strong>io\u00adspeise\u00adplan &#8211; Wochenplaner f\u00fcr die Kindergarten- und Schulk\u00fcche<\/strong><\/a><\/h6>\n\n\n\n<p class=\" has-text-align-left eplus-wrapper\">Mit dem Biospeiseplan von <em>Tollwood<\/em> k\u00f6nnen Sie Ihre Wochenspeisepl\u00e4ne erstellen und verwalten. Sie erhalten zudem Einblick in die Kostenkalkulation und die N\u00e4hrwerte der Gerichte. Durch die Registrierung und Nutzung entstehen Ihnen keinerlei Kosten.<\/p>\n<\/div><\/div>\n\n\n\n<p class=\" eplus-wrapper\"><\/p>\n<\/div><\/div>\n\n\n\n<div class=\"wp-block-getwid-tabs__nav-link\"><span class=\"wp-block-getwid-tabs__title-wrapper\"><a href=\"#\"><span class=\"wp-block-getwid-tabs__title\">Rezeptideen<\/span><\/a><\/span><\/div><div class=\"wp-block-getwid-tabs__tab-content-wrapper\"><div class=\"wp-block-getwid-tabs__tab-content\">\n<div class=\"wp-block-getwid-icon-box has-icon-left has-text-center\"><div class=\"wp-block-getwid-icon-box__icon-container has-layout-stacked is-position-middle\"><a href=\"https:\/\/aktion-pflanzenpower.de\/wp-content\/uploads\/2024\/07\/PV_LEFA_Schulcaterer-Broschure_2024_web.pdf\" class=\"wp-block-getwid-icon-box__icon-wrapper has-background has-badedc-background-color has-text-color has-317275-color\" style=\"font-size:43px\"><i class=\"fas fa-download\"><\/i><\/a><\/div><div class=\"wp-block-getwid-icon-box__content\">\n<h6 class=\" wp-block-heading has-text-align-left eplus-wrapper\"><a href=\"https:\/\/www.froebel-gruppe.de\/fileadmin\/user\/Dokumente\/KINDgerecht_Magazin\/230811_Rezeptheft_Inhalt_WEB_01_1_2023.pdf\">Hmm, lecker! Rezepte aus FR\u00d6BEL Kitas<\/a><\/h6>\n\n\n\n<p class=\" has-text-align-left eplus-wrapper\">Das Rezeptbuch der <em>FR\u00d6BEL Gruppe<\/em> behinhatet verschiedene Rezepte aus unterschiedliche Kitak\u00fcchen. Von Linsenbolognese bis Schokoaufstrich ist hier f\u00fcr jeden Geschmack etwas dabei. <\/p>\n<\/div><\/div>\n\n\n\n<div class=\"wp-block-getwid-icon-box has-icon-left has-text-center\"><div class=\"wp-block-getwid-icon-box__icon-container has-layout-stacked is-position-middle\"><a href=\"https:\/\/aktion-pflanzenpower.de\/wp-content\/uploads\/2024\/07\/PV_LEFA_Schulcaterer-Broschure_2024_web.pdf\" class=\"wp-block-getwid-icon-box__icon-wrapper has-background has-badedc-background-color has-text-color has-317275-color\" style=\"font-size:43px\"><i class=\"fas fa-download\"><\/i><\/a><\/div><div class=\"wp-block-getwid-icon-box__content\">\n<h6 class=\" wp-block-heading has-text-align-left eplus-wrapper\"><a href=\"https:\/\/aktion-pflanzenpower.de\/wp-content\/uploads\/2024\/07\/PV_LEFA_Schulcaterer-Broschure_2024_web.pdf\">Pflanzlich, lecker, leicht gemacht &#8211; Rezepte f\u00fcr die Schulverpflegung<\/a><\/h6>\n\n\n\n<p class=\" has-text-align-left eplus-wrapper\"> Zusammen mit einem Gro\u00dfk\u00fcchenprofi hat<em> proveg<\/em> eine Auswahl an 25 beliebten Rezepten<br>f\u00fcr Sie zusammengestellt. Die Rezepte sind nahrhaft, nachhaltig, kosteng\u00fcnstig \u2013 und vor allem lecker.<\/p>\n<\/div><\/div>\n\n\n\n<div class=\"wp-block-getwid-icon-box has-icon-left has-text-center\"><div class=\"wp-block-getwid-icon-box__icon-container has-layout-stacked is-position-middle\"><a href=\"https:\/\/kantine-zukunft.de\/fuer-viele\/\" class=\"wp-block-getwid-icon-box__icon-wrapper has-background has-badedc-background-color has-text-color has-317275-color\" style=\"font-size:43px\"><i class=\"fas fa-download\"><\/i><\/a><\/div><div class=\"wp-block-getwid-icon-box__content\">\n<h6 class=\" wp-block-heading has-text-align-left eplus-wrapper\"><a href=\"https:\/\/kantine-zukunft.de\/fuer-viele\/\">F\u00fcr Viele &#8211; Rezepte f\u00fcr die Kantine der Zukunft<\/a><\/h6>\n\n\n\n<p class=\" has-text-align-left eplus-wrapper\">Das Heft <em>F\u00fcr Viele <\/em>wurde von der <em>Kantine Zukunft Berlin<\/em> herausgegeben und ist eine kleine Rezeptsammlung mit Anregungen und Inspirationen f\u00fcr K\u00f6ch:innen der Gemeinschafsgastronomie.<\/p>\n<\/div><\/div>\n\n\n\n<div class=\"wp-block-getwid-icon-box has-icon-left has-text-center\"><div class=\"wp-block-getwid-icon-box__icon-container has-layout-stacked is-position-middle\"><a href=\"https:\/\/www.der-paritaetische.de\/alle-meldungen\/klimagesund-kochen-und-geniessen-ein-kochbuch-fuer-eine-klimagesunde-gemeinschaftsverpflegung\/\" class=\"wp-block-getwid-icon-box__icon-wrapper has-background has-badedc-background-color has-text-color has-317275-color\" style=\"font-size:43px\"><i class=\"fas fa-download\"><\/i><\/a><\/div><div class=\"wp-block-getwid-icon-box__content\">\n<h6 class=\" wp-block-heading has-text-align-left eplus-wrapper\"><a href=\"https:\/\/www.der-paritaetische.de\/alle-meldungen\/klimagesund-kochen-und-geniessen-ein-kochbuch-fuer-eine-klimagesunde-gemeinschaftsverpflegung\/\">Klimagesund Kochen und genie\u00dfen &#8211; Rezepte, Infos und Tipps f\u00fcr soziale Einrichtungen<\/a><\/h6>\n\n\n\n<p class=\" has-text-align-left eplus-wrapper\">Das Heft <em>Klimagesund kochen und genie\u00dfen<\/em> des <em>Parit\u00e4tischen Gesamtverbands<\/em> bietet Rezepte f\u00fcr K\u00f6ch:innen der Gemeinschaftsgastronomie sowie Ideen f\u00fcr Fr\u00fchst\u00fcck und Vesper.<\/p>\n<\/div><\/div>\n\n\n\n\n<\/div><\/div>\n\n\n\n<div class=\"wp-block-getwid-tabs__nav-link\"><span class=\"wp-block-getwid-tabs__title-wrapper\"><a href=\"#\"><span class=\"wp-block-getwid-tabs__title\">Lebensmittelabf\u00e4lle<\/span><\/a><\/span><\/div><div class=\"wp-block-getwid-tabs__tab-content-wrapper\"><div class=\"wp-block-getwid-tabs__tab-content\">\n<div class=\"wp-block-getwid-icon-box has-icon-left has-text-center\"><div class=\"wp-block-getwid-icon-box__icon-container has-layout-stacked is-position-middle\"><a href=\"https:\/\/community-kitchen-muc.org\/wp-content\/uploads\/2024\/03\/Handbuch_LMR_Download.pdf\" class=\"wp-block-getwid-icon-box__icon-wrapper has-background has-badedc-background-color has-text-color has-317275-color\" style=\"font-size:43px\"><i class=\"fas fa-download\"><\/i><\/a><\/div><div class=\"wp-block-getwid-icon-box__content\">\n<h6 class=\" wp-block-heading has-text-align-left eplus-wrapper\"><a href=\"https:\/\/community-kitchen-muc.org\/wp-content\/uploads\/2024\/03\/Handbuch_LMR_Download.pdf\">Handbuch: Gemeinsam Lebensmittelverschwendung in der Gemeinschaftsverpflegung Reduzieren<\/a><\/h6>\n\n\n\n<p class=\" has-text-align-left eplus-wrapper\">Das Handbuch der<em> Community Kitchen M\u00fcnchen <\/em>liefert verschiedene Alternativen und erprobte Handlungsweisen sowie Praxisbeispiele f\u00fcr die Reduzierung von Lebensmittelabf\u00e4llen in der Gemeinschaftsgastronomie. <\/p>\n<\/div><\/div>\n\n\n\n<p class=\" eplus-wrapper\"><\/p>\n<\/div><\/div>\n<\/div>\n<\/div><\/div><\/div><\/div><\/div>\n\n\n","protected":false},"excerpt":{"rendered":"","protected":false},"author":7,"featured_media":0,"parent":0,"menu_order":0,"comment_status":"closed","ping_status":"closed","template":"","meta":{"_acf_changed":false,"inline_featured_image":false,"editor_plus_copied_stylings":"{}","footnotes":""},"class_list":["post-4539","page","type-page","status-publish","hentry"],"blocksy_meta":{"styles_descriptor":{"styles":{"desktop":"","tablet":"","mobile":""},"google_fonts":[],"version":6},"page_title_panel":"","has_hero_section":"default","c987a6046e19f3fd3c1741fa8eec54a8":"","hero_section":"type-1","hero_elements":[{"id":"custom_title","enabled":true,"heading_tag":"h1","title":"Startseite"},{"id":"custom_description","enabled":true,"description_visibility":{"desktop":true,"tablet":true,"mobile":false}},{"id":"custom_meta","enabled":false,"meta_elements":[{"id":"author","enabled":true,"label":"Von","has_author_avatar":"yes","avatar_size":25},{"id":"post_date","enabled":true,"label":"Am","date_format_source":"default","date_format":"M j, Y"},{"id":"updated_date","enabled":false,"label":"Am","date_format_source":"default","date_format":"M j, Y"},{"id":"categories","enabled":false,"label":"In","style":"simple"},{"id":"comments","enabled":true}],"page_meta_elements":{"joined":true,"articles_count":true,"comments":true}},{"id":"breadcrumbs","enabled":false}],"a026628d1295035c2c303f08e8a03d23":"","hero_alignment1":"CT_CSS_SKIP_RULE","hero_margin":40,"hero_alignment2":"center","hero_vertical_alignment":"center","759fed16bbc7ceb49f1e646f667e777d":"","hero_structure":"narrow","6a73d0736e75b5ccec3aec04f80239c7":"","page_title_bg_type":"featured_image","custom_hero_background":{"attachment_id":null},"page_title_image_size":"full","parallax":{"desktop":false,"tablet":false,"mobile":false},"34bed283d53c56c8ccad5f86e2a43bfa":"","hero_height":"250px","pageTitleFont":{"family":"Default","variation":"Default","size":"30px","line-height":"CT_CSS_SKIP_RULE","letter-spacing":"CT_CSS_SKIP_RULE","text-transform":"CT_CSS_SKIP_RULE","text-decoration":"CT_CSS_SKIP_RULE"},"pageTitleFontColor":{"default":{"color":"CT_CSS_SKIP_RULEDEFAULT"}},"pageMetaFont":{"family":"Default","variation":"n6","size":"12px","line-height":"1.3","letter-spacing":"CT_CSS_SKIP_RULE","text-transform":"uppercase","text-decoration":"CT_CSS_SKIP_RULE"},"pageMetaFontColor":{"default":{"color":"CT_CSS_SKIP_RULEDEFAULT"},"hover":{"color":"CT_CSS_SKIP_RULEDEFAULT"}},"page_meta_button_type_font_colors":{"default":{"color":"CT_CSS_SKIP_RULEDEFAULT"},"hover":{"color":"CT_CSS_SKIP_RULEDEFAULT"}},"page_meta_button_type_background_colors":{"default":{"color":"CT_CSS_SKIP_RULEDEFAULT"},"hover":{"color":"CT_CSS_SKIP_RULEDEFAULT"}},"pageExcerptFont":{"family":"Default","variation":"Default","size":"CT_CSS_SKIP_RULE","line-height":"CT_CSS_SKIP_RULE","letter-spacing":"CT_CSS_SKIP_RULE","text-transform":"CT_CSS_SKIP_RULE","text-decoration":"CT_CSS_SKIP_RULE"},"pageExcerptColor":{"default":{"color":"CT_CSS_SKIP_RULEDEFAULT"}},"breadcrumbsFont":{"family":"Default","variation":"Default","size":"CT_CSS_SKIP_RULE","line-height":"CT_CSS_SKIP_RULE","letter-spacing":"CT_CSS_SKIP_RULE","text-transform":"CT_CSS_SKIP_RULE","text-decoration":"CT_CSS_SKIP_RULE"},"breadcrumbsFontColor":{"default":{"color":"CT_CSS_SKIP_RULEDEFAULT"},"initial":{"color":"CT_CSS_SKIP_RULEDEFAULT"},"hover":{"color":"CT_CSS_SKIP_RULEDEFAULT"}},"acf_field_hero_elements":"","typography":{"family":"Default","variation":"Default","size":"CT_CSS_SKIP_RULE","line-height":"CT_CSS_SKIP_RULE","letter-spacing":"CT_CSS_SKIP_RULE","text-transform":"CT_CSS_SKIP_RULE","text-decoration":"CT_CSS_SKIP_RULE"},"color":{"default":{"color":"CT_CSS_SKIP_RULEDEFAULT"},"hover":{"color":"CT_CSS_SKIP_RULEDEFAULT"}},"metabox_field_hero_elements":"","toolset_field_hero_elements":"","jetengine_field_hero_elements":"","custom_field_hero_elements":"","pageTitleOverlay":{"background_type":"color","background_pattern":"type-1","background_image":{"attachment_id":null,"x":0,"y":0},"gradient":"linear-gradient(135deg,rgba(6,147,227,1) 0%,rgb(155,81,224) 100%)","background_repeat":"repeat","background_size":"auto","background_attachment":"scroll","patternColor":{"default":{"color":"#e5e7ea"}},"overlayColor":{"default":{"color":"CT_CSS_SKIP_RULE"}},"backgroundColor":{"default":{"color":"CT_CSS_SKIP_RULE"}}},"pageTitleBackground":{"background_type":"color","background_pattern":"type-1","background_image":{"attachment_id":null,"x":0,"y":0},"gradient":"linear-gradient(135deg,rgba(6,147,227,1) 0%,rgb(155,81,224) 100%)","background_repeat":"repeat","background_size":"auto","background_attachment":"scroll","patternColor":{"default":{"color":"#e5e7ea"}},"overlayColor":{"default":{"color":"CT_CSS_SKIP_RULE"}},"backgroundColor":{"default":{"color":"var(--paletteColor6)"}}},"pageTitlePadding":{"top":"50px","bottom":"50px","left":"auto","right":"auto","linked":true},"c8f63d202ba040c49fe05faa33481842":"","page_structure_type":"default","d1335fcbdb88db0f1120a0c0ff6f10d5":"","content_style_source":"inherit","content_style":"wide","vertical_spacing_source":"custom","content_area_spacing":"top","background":{"background_type":"color","background_pattern":"type-1","background_image":{"attachment_id":null,"x":0,"y":0},"gradient":"linear-gradient(135deg,rgba(6,147,227,1) 0%,rgb(155,81,224) 100%)","background_repeat":"repeat","background_size":"auto","background_attachment":"scroll","patternColor":{"default":{"color":"#e5e7ea"}},"overlayColor":{"default":{"color":"CT_CSS_SKIP_RULE"}},"backgroundColor":{"default":{"color":"CT_CSS_SKIP_RULE"}}},"content_background":{"background_type":"color","background_pattern":"type-1","background_image":{"attachment_id":null,"x":0,"y":0},"gradient":"linear-gradient(135deg,rgba(6,147,227,1) 0%,rgb(155,81,224) 100%)","background_repeat":"repeat","background_size":"auto","background_attachment":"scroll","patternColor":{"default":{"color":"#e5e7ea"}},"overlayColor":{"default":{"color":"CT_CSS_SKIP_RULE"}},"backgroundColor":{"default":{"color":"var(--paletteColor8)"}}},"content_boxed_shadow":{"inherit":false,"blur":18,"spread":-6,"v_offset":12,"h_offset":0,"inset":false,"enable":true,"color":{"color":"rgba(34, 56, 101, 0.04)"}},"content_boxed_border":{"width":1,"style":"none","color":{"color":"rgba(44,62,80,0.2)"}},"content_boxed_radius":{"top":"3px","bottom":"3px","left":"3px","right":"3px","linked":true},"boxed_content_spacing":{"desktop":{"top":"40px","bottom":"40px","left":"40px","right":"40px","linked":true},"tablet":{"top":"35px","bottom":"35px","left":"35px","right":"35px","linked":true},"mobile":{"top":"20px","bottom":"20px","left":"20px","right":"20px","linked":true}},"6cf35410539aefcffb04b5f760b0c9cd":"","disable_featured_image":"no","disable_share_box":"no","disable_header":"no","disable_footer":"no","46f4d54984917585f565c20d42b6dfc6":"","header_footer_scripts_panel":"","header_scripts":"","0e5ce28a8d1cfa24395b33719a18aff1":"","header_after_body_scripts":"","4eee96ca058585a0aa807ad312507c47":"","footer_scripts":""},"acf":[],"yoast_head":"<!-- This site is optimized with the Yoast SEO plugin v27.3 - https:\/\/yoast.com\/product\/yoast-seo-wordpress\/ -->\n<title>F\u00fcr Caterer - SchoolFood4Change DE<\/title>\n<meta name=\"robots\" content=\"index, follow, max-snippet:-1, max-image-preview:large, max-video-preview:-1\" \/>\n<link rel=\"canonical\" href=\"https:\/\/schoolfood4change.eu\/de\/fuer-caterer\/\" \/>\n<meta property=\"og:locale\" content=\"de_DE\" \/>\n<meta property=\"og:type\" content=\"article\" \/>\n<meta property=\"og:title\" content=\"F\u00fcr Caterer - SchoolFood4Change DE\" \/>\n<meta property=\"og:url\" content=\"https:\/\/schoolfood4change.eu\/de\/fuer-caterer\/\" \/>\n<meta property=\"og:site_name\" content=\"SchoolFood4Change DE\" \/>\n<meta property=\"article:modified_time\" content=\"2025-03-07T16:04:18+00:00\" \/>\n<meta property=\"og:image\" content=\"https:\/\/schoolfood4change.eu\/de\/wp-content\/uploads\/sites\/12\/2022\/06\/social.png\" \/>\n\t<meta property=\"og:image:width\" content=\"1200\" \/>\n\t<meta property=\"og:image:height\" content=\"683\" \/>\n\t<meta property=\"og:image:type\" content=\"image\/png\" \/>\n<meta name=\"twitter:card\" content=\"summary_large_image\" \/>\n<meta name=\"twitter:image\" content=\"https:\/\/schoolfood4change.eu\/de\/wp-content\/uploads\/sites\/12\/2022\/06\/social.png\" \/>\n<meta name=\"twitter:label1\" content=\"Gesch\u00e4tzte Lesezeit\" \/>\n\t<meta name=\"twitter:data1\" content=\"2\u00a0Minuten\" \/>\n<script type=\"application\/ld+json\" class=\"yoast-schema-graph\">{\"@context\":\"https:\\\/\\\/schema.org\",\"@graph\":[{\"@type\":\"WebPage\",\"@id\":\"https:\\\/\\\/schoolfood4change.eu\\\/de\\\/fuer-caterer\\\/\",\"url\":\"https:\\\/\\\/schoolfood4change.eu\\\/de\\\/fuer-caterer\\\/\",\"name\":\"F\u00fcr Caterer - SchoolFood4Change DE\",\"isPartOf\":{\"@id\":\"https:\\\/\\\/schoolfood4change.eu\\\/de\\\/#website\"},\"datePublished\":\"2023-09-28T12:58:16+00:00\",\"dateModified\":\"2025-03-07T16:04:18+00:00\",\"breadcrumb\":{\"@id\":\"https:\\\/\\\/schoolfood4change.eu\\\/de\\\/fuer-caterer\\\/#breadcrumb\"},\"inLanguage\":\"de\",\"potentialAction\":[{\"@type\":\"ReadAction\",\"target\":[\"https:\\\/\\\/schoolfood4change.eu\\\/de\\\/fuer-caterer\\\/\"]}]},{\"@type\":\"BreadcrumbList\",\"@id\":\"https:\\\/\\\/schoolfood4change.eu\\\/de\\\/fuer-caterer\\\/#breadcrumb\",\"itemListElement\":[{\"@type\":\"ListItem\",\"position\":1,\"name\":\"Home\",\"item\":\"https:\\\/\\\/schoolfood4change.eu\\\/de\\\/\"},{\"@type\":\"ListItem\",\"position\":2,\"name\":\"F\u00fcr Caterer\"}]},{\"@type\":\"WebSite\",\"@id\":\"https:\\\/\\\/schoolfood4change.eu\\\/de\\\/#website\",\"url\":\"https:\\\/\\\/schoolfood4change.eu\\\/de\\\/\",\"name\":\"SchoolFood4Change DE\",\"description\":\"\",\"publisher\":{\"@id\":\"https:\\\/\\\/schoolfood4change.eu\\\/de\\\/#organization\"},\"potentialAction\":[{\"@type\":\"SearchAction\",\"target\":{\"@type\":\"EntryPoint\",\"urlTemplate\":\"https:\\\/\\\/schoolfood4change.eu\\\/de\\\/?s={search_term_string}\"},\"query-input\":{\"@type\":\"PropertyValueSpecification\",\"valueRequired\":true,\"valueName\":\"search_term_string\"}}],\"inLanguage\":\"de\"},{\"@type\":\"Organization\",\"@id\":\"https:\\\/\\\/schoolfood4change.eu\\\/de\\\/#organization\",\"name\":\"SchoolFood4Change DE\",\"url\":\"https:\\\/\\\/schoolfood4change.eu\\\/de\\\/\",\"logo\":{\"@type\":\"ImageObject\",\"inLanguage\":\"de\",\"@id\":\"https:\\\/\\\/schoolfood4change.eu\\\/de\\\/#\\\/schema\\\/logo\\\/image\\\/\",\"url\":\"https:\\\/\\\/schoolfood4change.eu\\\/de\\\/wp-content\\\/uploads\\\/sites\\\/12\\\/2022\\\/06\\\/schholfood.svg\",\"contentUrl\":\"https:\\\/\\\/schoolfood4change.eu\\\/de\\\/wp-content\\\/uploads\\\/sites\\\/12\\\/2022\\\/06\\\/schholfood.svg\",\"width\":273,\"height\":90,\"caption\":\"SchoolFood4Change DE\"},\"image\":{\"@id\":\"https:\\\/\\\/schoolfood4change.eu\\\/de\\\/#\\\/schema\\\/logo\\\/image\\\/\"}}]}<\/script>\n<!-- \/ Yoast SEO plugin. -->","yoast_head_json":{"title":"F\u00fcr Caterer - SchoolFood4Change DE","robots":{"index":"index","follow":"follow","max-snippet":"max-snippet:-1","max-image-preview":"max-image-preview:large","max-video-preview":"max-video-preview:-1"},"canonical":"https:\/\/schoolfood4change.eu\/de\/fuer-caterer\/","og_locale":"de_DE","og_type":"article","og_title":"F\u00fcr Caterer - SchoolFood4Change DE","og_url":"https:\/\/schoolfood4change.eu\/de\/fuer-caterer\/","og_site_name":"SchoolFood4Change DE","article_modified_time":"2025-03-07T16:04:18+00:00","og_image":[{"width":1200,"height":683,"url":"https:\/\/schoolfood4change.eu\/de\/wp-content\/uploads\/sites\/12\/2022\/06\/social.png","type":"image\/png"}],"twitter_card":"summary_large_image","twitter_image":"https:\/\/schoolfood4change.eu\/de\/wp-content\/uploads\/sites\/12\/2022\/06\/social.png","twitter_misc":{"Gesch\u00e4tzte Lesezeit":"2\u00a0Minuten"},"schema":{"@context":"https:\/\/schema.org","@graph":[{"@type":"WebPage","@id":"https:\/\/schoolfood4change.eu\/de\/fuer-caterer\/","url":"https:\/\/schoolfood4change.eu\/de\/fuer-caterer\/","name":"F\u00fcr Caterer - SchoolFood4Change DE","isPartOf":{"@id":"https:\/\/schoolfood4change.eu\/de\/#website"},"datePublished":"2023-09-28T12:58:16+00:00","dateModified":"2025-03-07T16:04:18+00:00","breadcrumb":{"@id":"https:\/\/schoolfood4change.eu\/de\/fuer-caterer\/#breadcrumb"},"inLanguage":"de","potentialAction":[{"@type":"ReadAction","target":["https:\/\/schoolfood4change.eu\/de\/fuer-caterer\/"]}]},{"@type":"BreadcrumbList","@id":"https:\/\/schoolfood4change.eu\/de\/fuer-caterer\/#breadcrumb","itemListElement":[{"@type":"ListItem","position":1,"name":"Home","item":"https:\/\/schoolfood4change.eu\/de\/"},{"@type":"ListItem","position":2,"name":"F\u00fcr Caterer"}]},{"@type":"WebSite","@id":"https:\/\/schoolfood4change.eu\/de\/#website","url":"https:\/\/schoolfood4change.eu\/de\/","name":"SchoolFood4Change DE","description":"","publisher":{"@id":"https:\/\/schoolfood4change.eu\/de\/#organization"},"potentialAction":[{"@type":"SearchAction","target":{"@type":"EntryPoint","urlTemplate":"https:\/\/schoolfood4change.eu\/de\/?s={search_term_string}"},"query-input":{"@type":"PropertyValueSpecification","valueRequired":true,"valueName":"search_term_string"}}],"inLanguage":"de"},{"@type":"Organization","@id":"https:\/\/schoolfood4change.eu\/de\/#organization","name":"SchoolFood4Change DE","url":"https:\/\/schoolfood4change.eu\/de\/","logo":{"@type":"ImageObject","inLanguage":"de","@id":"https:\/\/schoolfood4change.eu\/de\/#\/schema\/logo\/image\/","url":"https:\/\/schoolfood4change.eu\/de\/wp-content\/uploads\/sites\/12\/2022\/06\/schholfood.svg","contentUrl":"https:\/\/schoolfood4change.eu\/de\/wp-content\/uploads\/sites\/12\/2022\/06\/schholfood.svg","width":273,"height":90,"caption":"SchoolFood4Change DE"},"image":{"@id":"https:\/\/schoolfood4change.eu\/de\/#\/schema\/logo\/image\/"}}]}},"_links":{"self":[{"href":"https:\/\/schoolfood4change.eu\/de\/wp-json\/wp\/v2\/pages\/4539","targetHints":{"allow":["GET"]}}],"collection":[{"href":"https:\/\/schoolfood4change.eu\/de\/wp-json\/wp\/v2\/pages"}],"about":[{"href":"https:\/\/schoolfood4change.eu\/de\/wp-json\/wp\/v2\/types\/page"}],"author":[{"embeddable":true,"href":"https:\/\/schoolfood4change.eu\/de\/wp-json\/wp\/v2\/users\/7"}],"replies":[{"embeddable":true,"href":"https:\/\/schoolfood4change.eu\/de\/wp-json\/wp\/v2\/comments?post=4539"}],"version-history":[{"count":17,"href":"https:\/\/schoolfood4change.eu\/de\/wp-json\/wp\/v2\/pages\/4539\/revisions"}],"predecessor-version":[{"id":6298,"href":"https:\/\/schoolfood4change.eu\/de\/wp-json\/wp\/v2\/pages\/4539\/revisions\/6298"}],"wp:attachment":[{"href":"https:\/\/schoolfood4change.eu\/de\/wp-json\/wp\/v2\/media?parent=4539"}],"curies":[{"name":"wp","href":"https:\/\/api.w.org\/{rel}","templated":true}]}}