{"id":3984,"date":"2023-05-23T16:22:16","date_gmt":"2023-05-23T14:22:16","guid":{"rendered":"https:\/\/schoolfood4change.eu\/de\/?page_id=3984"},"modified":"2024-05-13T14:43:24","modified_gmt":"2024-05-13T12:43:24","slug":"presse","status":"publish","type":"page","link":"https:\/\/schoolfood4change.eu\/de\/presse\/","title":{"rendered":"In der Presse"},"content":{"rendered":"\n<div class=\"wp-block-getwid-section alignfull gg-blocks-results alignfull\"><div class=\"wp-block-getwid-section__wrapper getwid-padding-top-normal\" style=\"padding-bottom:0px\"><div class=\"wp-block-getwid-section__inner-wrapper\"><div class=\"wp-block-getwid-section__background-holder\"><div class=\"wp-block-getwid-section__background\"><\/div><div class=\"wp-block-getwid-section__foreground\"><\/div><\/div><div class=\"wp-block-getwid-section__content\"><div class=\"wp-block-getwid-section__inner-content\">\n<div class=\"wp-block-columns eplus-wrapper is-layout-flex wp-container-core-columns-is-layout-28f84493 wp-block-columns-is-layout-flex\">\n<div class=\"wp-block-column eplus-wrapper is-layout-flow wp-block-column-is-layout-flow\" style=\"flex-basis:70%\"><h2 class=\" wp-block-heading eplus-wrapper eplus-styles-uid-114643\">Sf4c in der Presse<\/h2>\n\n\n<p class=\" eplus-wrapper\">Hier finden Sie eine Auswahl an Artikeln und Berichten \u00fcber unsere Arbeit:<\/p>\n\n\n\n<ul class=\"eplus-wrapper wp-block-list\">\n<li class=\" eplus-wrapper\"><a href=\"https:\/\/www.arte.tv\/fr\/videos\/118268-003-A\/arte-regards\/\">Arte &#8211; Regards <\/a>| La cantine du future, saine et durable | April 2024<\/li>\n\n\n\n<li class=\" eplus-wrapper\"><a href=\"https:\/\/www.zdf.de\/gesellschaft\/plan-b\/plan-b-kantine-neu-gedacht-100.html\">ZDF &#8211; Plan b<\/a> | Kantine neu gedacht: Wie wir mittags besser essen | April 2024<\/li>\n\n\n\n<li class=\" eplus-wrapper\"><a href=\"https:\/\/www.sonntagsblatt.de\/artikel\/gesellschaft\/fuer-gesunde-ernaehrung-sensibilisieren-schuelerinnen-lernen-zusammen-mit\">Sonntagsblatt<\/a> | &#8222;F\u00fcr gesunde Ern\u00e4hrung sensibilisieren&#8220;: Sch\u00fcler*innen lernen zusammen mit Eltern kochen | Juni 2023<\/li>\n\n\n\n<li class=\" eplus-wrapper\"><a href=\"https:\/\/www.youtube.com\/watch?v=9sFZft84rpc\">Franken Fernsehen<\/a> | Mahlzeit! Frische Ideen in Mensa und Kantine | August 2023<\/li>\n\n\n\n<li class=\" eplus-wrapper\"><a href=\"https:\/\/gvpraxis.food-service.de\/gvpraxis\/news\/schoolfood4change--eu-horizon-2020-nuernberg-mit-schul-ernaehrungsstrategie-56841\">GV Praxis<\/a> | N\u00fcrnberg erarbeitet Schul-Ern\u00e4hrungsstrategie | August 2023<\/li>\n\n\n\n<li class=\" eplus-wrapper\"><a href=\"https:\/\/www.nomyblog.de\/nomyblog\/food-nomyblog\/whole-school-food-approach\/\">Nomyblog<\/a> | Der Whole School Food Approach: Vom schn\u00f6den Schulessen zur ganzheitlichen Ern\u00e4hrungsbildung | Mai 2023<\/li>\n\n\n\n<li class=\" eplus-wrapper\"><a href=\"https:\/\/www.radioessen.de\/artikel\/schulen-in-essen-gesundes-mittagessen-auf-probe-1593188.html\">Radio Essen<\/a> | Schulen in Essen: Gesundes Mittagessen auf Probe | M\u00e4rz 2023<\/li>\n\n\n\n<li class=\" eplus-wrapper\"><a href=\"https:\/\/www.nn.de\/nuernberg\/vollkorn-spaghetti-linsenbolognese-frischer-fisch-schulessen-soll-in-nurnberg-gesunder-werden-1.13071629\">N\u00fcrnberger Nachrichten<\/a> | Vollkorn-Spaghetti, Linsenbolognese, frischer Fisch: Schulessen soll in N\u00fcrnberg ges\u00fcnder werden | M\u00e4rz 2023<\/li>\n\n\n\n<li class=\" eplus-wrapper\"><a href=\"https:\/\/www.nrz.de\/staedte\/essen\/helmholtz-gymnasium-essen-neue-hoffnung-auf-eine-snack-bar-id237877717.html\">Neue Ruhr Zeitung<\/a> | Helmholz-Gymnasium Essen: Neue Hoffnung auf eine Snack-Bar | M\u00e4rz 2023<\/li>\n\n\n\n<li class=\" eplus-wrapper\"><a href=\"https:\/\/www.tagesschau.de\/inland\/schulessen-123.html\">Tagesschau<\/a> | Wie unser Schulessen ges\u00fcnder werden soll | Oktober 2022<\/li>\n\n\n\n<li class=\" eplus-wrapper\"><a href=\"https:\/\/www.br.de\/nachrichten\/bayern\/viel-gemuese-eu-projekt-in-nuernberg-fuer-gesundes-schulessen,TKX33mo\">Bayrischer Rundfunk<\/a> | Viel Gem\u00fcse: EU-Projekt in N\u00fcrnberg f\u00fcr gesundes Schulessen |  Oktober 2022<\/li>\n\n\n\n<li class=\" eplus-wrapper\"><a href=\"https:\/\/www.sueddeutsche.de\/bayern\/essen-trinken-nuernberg-gesundes-schulessen-nuernberg-nimmt-an-eu-pilotprojekt-teil-dpa.urn-newsml-dpa-com-20090101-220624-99-784356\">S\u00fcddeutsche Zeitung<\/a> | Gesundes Schulessen: N\u00fcrnberg nimmt an EU-Pilotprojekt teil | Juni 2022<\/li>\n\n\n\n<li class=\" eplus-wrapper\"><a href=\"https:\/\/www.nrz.de\/kids\/schoolfood4change-und-der-speiseplan-fuer-die-zukunft-id235308567.html\">Neue Ruhr Zeitung<\/a> | SchoolFood4Change und der Speiseplan f\u00fcr die Zukunft | Mai 2022<\/li>\n\n\n\n<li class=\" eplus-wrapper\"><a href=\"https:\/\/gvpraxis.food-service.de\/gvpraxis\/news\/schoolfood4change--speiseraeume-eu-schulprojekt-soll-ernaehrungswende-forcieren-51072\">GV Praxis<\/a> | EU-Schulprojekt soll Ern\u00e4hrungswende forcieren | M\u00e4rz 2022<\/li>\n<\/ul>\n<\/div>\n<\/div>\n<\/div><\/div><\/div><\/div><\/div>\n\n\n\n\n\n<div class=\"wp-block-getwid-section alignfull alignfull getwid-margin-top-none getwid-margin-bottom-none\"><div class=\"wp-block-getwid-section__wrapper getwid-padding-bottom-large\" style=\"padding-top:38px\"><div class=\"wp-block-getwid-section__inner-wrapper\"><div class=\"wp-block-getwid-section__background-holder\"><div class=\"wp-block-getwid-section__background has-background has-eef-7-f-6-background-color\"><\/div><div class=\"wp-block-getwid-section__foreground\"><\/div><\/div><div class=\"wp-block-getwid-section__content\"><div class=\"wp-block-getwid-section__inner-content\">\n<h2 class=\" wp-block-heading has-text-align-left eplus-wrapper\"> Pressekontakte<\/h2>\n\n\n<div class=\"wp-block-columns eplus-wrapper is-layout-flex wp-container-core-columns-is-layout-28f84493 wp-block-columns-is-layout-flex eplus-styles-uid-b7f7a6\"><div class=\"wp-block-column is-vertically-aligned-center eplus-wrapper is-layout-flow wp-block-column-is-layout-flow eplus-styles-uid-fc34cc\">\n<h5 class=\" wp-block-heading eplus-wrapper\">Speiser\u00e4ume &#8211; B\u00fcro f\u00fcr angewandte Ern\u00e4hrungspolitik<\/h5>\n\n\n<p class=\" eplus-wrapper eplus-styles-uid-8532eb\"><em>National Lead Partner Deutschland <\/em><\/p>\n\n\n<div class=\"wp-block-getwid-icon-box has-icon-left has-text-left\"><div class=\"wp-block-getwid-icon-box__icon-container has-layout-stacked is-position-middle\"><div class=\"wp-block-getwid-icon-box__icon-wrapper has-text-color\" style=\"font-size:25px;color:#badedc\"><i class=\"fas fa-envelope\"><\/i><\/div><\/div><div class=\"wp-block-getwid-icon-box__content\"><p class=\" eplus-wrapper eplus-styles-uid-4e7295\"><a href=\"mailto:presse@speiseraeume.org\" target=\"_blank\" rel=\"noreferrer noopener\">presse@speiseraeume.org<\/a><\/p><\/div><\/div>\n<\/div>\n\n<div class=\"wp-block-column is-vertically-aligned-center eplus-wrapper is-layout-flow wp-block-column-is-layout-flow eplus-styles-uid-536bee\">\n<div style=\"height:32px\" aria-hidden=\"true\" class=\" wp-block-spacer eplus-wrapper\"><\/div>\n\n\n\n<h5 class=\" wp-block-heading eplus-wrapper\">Stadt Wien <\/h5>\n\n\n\n<p class=\" eplus-wrapper\"><em>National Lead Partner \u00d6sterreich <\/em><\/p>\n\n\n\n<div class=\"wp-block-getwid-icon-box has-icon-left has-text-left\"><div class=\"wp-block-getwid-icon-box__icon-container has-layout-stacked is-position-middle\"><div class=\"wp-block-getwid-icon-box__icon-wrapper has-text-color\" style=\"font-size:25px;color:#badedc\"><i class=\"fas fa-envelope\"><\/i><\/div><\/div><div class=\"wp-block-getwid-icon-box__content\"><p class=\" eplus-wrapper eplus-styles-uid-4e7295\"><a href=\"mailto:roman.david-freihsl@wien.gv.at\" target=\"_blank\" rel=\"noreferrer noopener\">roman.david-freihsl@wien.gv.at<\/a><\/p><\/div><\/div>\n<\/div><\/div><\/div><\/div><\/div><\/div><\/div>\n","protected":false},"excerpt":{"rendered":"","protected":false},"author":20,"featured_media":0,"parent":0,"menu_order":0,"comment_status":"closed","ping_status":"closed","template":"","meta":{"_acf_changed":false,"inline_featured_image":false,"editor_plus_copied_stylings":"{}","footnotes":""},"class_list":["post-3984","page","type-page","status-publish","hentry"],"blocksy_meta":{"styles_descriptor":{"styles":{"desktop":"","tablet":"","mobile":""},"google_fonts":[],"version":6},"page_title_panel":"","has_hero_section":"default","432cba2291b6924b6ee99ce696c65252":"","hero_section":"type-1","hero_elements":[{"id":"custom_title","enabled":true,"heading_tag":"h1","title":"Startseite"},{"id":"custom_description","enabled":true,"description_visibility":{"desktop":true,"tablet":true,"mobile":false}},{"id":"custom_meta","enabled":false,"meta_elements":[{"id":"author","enabled":true,"label":"Von","has_author_avatar":"yes","avatar_size":25},{"id":"post_date","enabled":true,"label":"Am","date_format_source":"default","date_format":"M j, Y"},{"id":"updated_date","enabled":false,"label":"Am","date_format_source":"default","date_format":"M j, Y"},{"id":"categories","enabled":false,"label":"In","style":"simple"},{"id":"comments","enabled":true}],"page_meta_elements":{"joined":true,"articles_count":true,"comments":true}},{"id":"breadcrumbs","enabled":false}],"b7e703387d7450864e9b6cb21a64aa53":"","hero_alignment1":"CT_CSS_SKIP_RULE","hero_margin":40,"hero_alignment2":"center","hero_vertical_alignment":"center","a589431ec8241ed13d38b6641528ccf2":"","hero_structure":"narrow","39e71a3ca77e9d9652204a95059960f3":"","page_title_bg_type":"featured_image","custom_hero_background":{"attachment_id":null},"page_title_image_size":"full","parallax":{"desktop":false,"tablet":false,"mobile":false},"3d3f3936032358a22e89e3e5bcdd4baf":"","hero_height":"250px","pageTitleFont":{"family":"Default","variation":"Default","size":"30px","line-height":"CT_CSS_SKIP_RULE","letter-spacing":"CT_CSS_SKIP_RULE","text-transform":"CT_CSS_SKIP_RULE","text-decoration":"CT_CSS_SKIP_RULE"},"pageTitleFontColor":{"default":{"color":"CT_CSS_SKIP_RULEDEFAULT"}},"pageMetaFont":{"family":"Default","variation":"n6","size":"12px","line-height":"1.3","letter-spacing":"CT_CSS_SKIP_RULE","text-transform":"uppercase","text-decoration":"CT_CSS_SKIP_RULE"},"pageMetaFontColor":{"default":{"color":"CT_CSS_SKIP_RULEDEFAULT"},"hover":{"color":"CT_CSS_SKIP_RULEDEFAULT"}},"page_meta_button_type_font_colors":{"default":{"color":"CT_CSS_SKIP_RULEDEFAULT"},"hover":{"color":"CT_CSS_SKIP_RULEDEFAULT"}},"page_meta_button_type_background_colors":{"default":{"color":"CT_CSS_SKIP_RULEDEFAULT"},"hover":{"color":"CT_CSS_SKIP_RULEDEFAULT"}},"pageExcerptFont":{"family":"Default","variation":"Default","size":"CT_CSS_SKIP_RULE","line-height":"CT_CSS_SKIP_RULE","letter-spacing":"CT_CSS_SKIP_RULE","text-transform":"CT_CSS_SKIP_RULE","text-decoration":"CT_CSS_SKIP_RULE"},"pageExcerptColor":{"default":{"color":"CT_CSS_SKIP_RULEDEFAULT"}},"breadcrumbsFont":{"family":"Default","variation":"Default","size":"CT_CSS_SKIP_RULE","line-height":"CT_CSS_SKIP_RULE","letter-spacing":"CT_CSS_SKIP_RULE","text-transform":"CT_CSS_SKIP_RULE","text-decoration":"CT_CSS_SKIP_RULE"},"breadcrumbsFontColor":{"default":{"color":"CT_CSS_SKIP_RULEDEFAULT"},"initial":{"color":"CT_CSS_SKIP_RULEDEFAULT"},"hover":{"color":"CT_CSS_SKIP_RULEDEFAULT"}},"acf_field_hero_elements":"","typography":{"family":"Default","variation":"Default","size":"CT_CSS_SKIP_RULE","line-height":"CT_CSS_SKIP_RULE","letter-spacing":"CT_CSS_SKIP_RULE","text-transform":"CT_CSS_SKIP_RULE","text-decoration":"CT_CSS_SKIP_RULE"},"color":{"default":{"color":"CT_CSS_SKIP_RULEDEFAULT"},"hover":{"color":"CT_CSS_SKIP_RULEDEFAULT"}},"metabox_field_hero_elements":"","toolset_field_hero_elements":"","jetengine_field_hero_elements":"","custom_field_hero_elements":"","pageTitleOverlay":{"background_type":"color","background_pattern":"type-1","background_image":{"attachment_id":null,"x":0,"y":0},"gradient":"linear-gradient(135deg,rgba(6,147,227,1) 0%,rgb(155,81,224) 100%)","background_repeat":"repeat","background_size":"auto","background_attachment":"scroll","patternColor":{"default":{"color":"#e5e7ea"}},"overlayColor":{"default":{"color":"CT_CSS_SKIP_RULE"}},"backgroundColor":{"default":{"color":"CT_CSS_SKIP_RULE"}}},"pageTitleBackground":{"background_type":"color","background_pattern":"type-1","background_image":{"attachment_id":null,"x":0,"y":0},"gradient":"linear-gradient(135deg,rgba(6,147,227,1) 0%,rgb(155,81,224) 100%)","background_repeat":"repeat","background_size":"auto","background_attachment":"scroll","patternColor":{"default":{"color":"#e5e7ea"}},"overlayColor":{"default":{"color":"CT_CSS_SKIP_RULE"}},"backgroundColor":{"default":{"color":"var(--paletteColor6)"}}},"pageTitlePadding":{"top":"50px","bottom":"50px","left":"auto","right":"auto","linked":true},"9c3c5bbc065b5c33a15fb08c60eaa1bf":"","page_structure_type":"default","fe782f4e7bce1667e51a395f5a6c9095":"","content_style_source":"inherit","content_style":"wide","vertical_spacing_source":"custom","content_area_spacing":"top","background":{"background_type":"color","background_pattern":"type-1","background_image":{"attachment_id":null,"x":0,"y":0},"gradient":"linear-gradient(135deg,rgba(6,147,227,1) 0%,rgb(155,81,224) 100%)","background_repeat":"repeat","background_size":"auto","background_attachment":"scroll","patternColor":{"default":{"color":"#e5e7ea"}},"overlayColor":{"default":{"color":"CT_CSS_SKIP_RULE"}},"backgroundColor":{"default":{"color":"CT_CSS_SKIP_RULE"}}},"content_background":{"background_type":"color","background_pattern":"type-1","background_image":{"attachment_id":null,"x":0,"y":0},"gradient":"linear-gradient(135deg,rgba(6,147,227,1) 0%,rgb(155,81,224) 100%)","background_repeat":"repeat","background_size":"auto","background_attachment":"scroll","patternColor":{"default":{"color":"#e5e7ea"}},"overlayColor":{"default":{"color":"CT_CSS_SKIP_RULE"}},"backgroundColor":{"default":{"color":"var(--paletteColor8)"}}},"content_boxed_shadow":{"inherit":false,"blur":18,"spread":-6,"v_offset":12,"h_offset":0,"inset":false,"enable":true,"color":{"color":"rgba(34, 56, 101, 0.04)"}},"content_boxed_border":{"width":1,"style":"none","color":{"color":"rgba(44,62,80,0.2)"}},"content_boxed_radius":{"top":"3px","bottom":"3px","left":"3px","right":"3px","linked":true},"boxed_content_spacing":{"desktop":{"top":"40px","bottom":"40px","left":"40px","right":"40px","linked":true},"tablet":{"top":"35px","bottom":"35px","left":"35px","right":"35px","linked":true},"mobile":{"top":"20px","bottom":"20px","left":"20px","right":"20px","linked":true}},"9270e0e2c07a626debaacc12ad5300cf":"","disable_featured_image":"no","disable_share_box":"no","disable_header":"no","disable_footer":"no","68d292a2f4feefff48797fc14a935ba3":"","header_footer_scripts_panel":"","header_scripts":"","035d55953987715272b26745803fb0b9":"","header_after_body_scripts":"","993bea4984955236045200c094999397":"","footer_scripts":"","2ba2e7e856a36515c557e7e22be17e89":"","6d3520f3e33cdb59964b67d4da74fc24":"","760c854234bfecd30055d85ac1be044d":"","a200648b00ef5357c0f92b3a542c8d3b":"","30df7fa846123146697ba51c01f07e99":"","2a9c3cea208c1a8b6f7716ab5119768d":"","a5c7750120835abf0ebbf6630d7f2cae":"","bb7fe36776c99a5d917819b08e924c18":"","edfffef07eba612a80130355bccb1b86":"","356f4bbe622c5e9324888058d07e3b46":"","f2d356b19ab035630a873d98727d8afb":"","79b1244568110427d8b0e21c23f9e26a":"","e1a09f8acf6505ec9cdcb1cf2ac471e6":"","e3205ef64b1505169a50492239e30710":"","79825c6fed70b676cbc2f2095a06915e":"","42a368c1bee1b1ce3c912dd7b164ec30":"","6a551d2ee0b2f24c289164b5f742b0c7":"","70d23f99e10c214a049cc7c8fd51119a":"","60793d427ebf5233d227296209158764":"","e09561a06dc0839703f9a0ea6be5de16":"","c673a3dddd082ccab56c3540c3a78ecd":"","821d2ec8c26d00aa88a0546037144b43":""},"acf":[],"yoast_head":"<!-- This site is optimized with the Yoast SEO plugin v27.4 - https:\/\/yoast.com\/product\/yoast-seo-wordpress\/ -->\n<title>In der Presse - SchoolFood4Change DE<\/title>\n<meta name=\"robots\" content=\"index, follow, max-snippet:-1, max-image-preview:large, max-video-preview:-1\" \/>\n<link rel=\"canonical\" href=\"https:\/\/schoolfood4change.eu\/de\/presse\/\" \/>\n<meta property=\"og:locale\" content=\"de_DE\" \/>\n<meta property=\"og:type\" content=\"article\" \/>\n<meta property=\"og:title\" content=\"In der Presse - SchoolFood4Change DE\" \/>\n<meta property=\"og:url\" content=\"https:\/\/schoolfood4change.eu\/de\/presse\/\" \/>\n<meta property=\"og:site_name\" content=\"SchoolFood4Change DE\" \/>\n<meta property=\"article:modified_time\" content=\"2024-05-13T12:43:24+00:00\" \/>\n<meta property=\"og:image\" content=\"https:\/\/schoolfood4change.eu\/de\/wp-content\/uploads\/sites\/12\/2022\/06\/social.png\" \/>\n\t<meta property=\"og:image:width\" content=\"1200\" \/>\n\t<meta property=\"og:image:height\" content=\"683\" \/>\n\t<meta property=\"og:image:type\" content=\"image\/png\" \/>\n<meta name=\"twitter:card\" content=\"summary_large_image\" \/>\n<meta name=\"twitter:image\" content=\"https:\/\/schoolfood4change.eu\/de\/wp-content\/uploads\/sites\/12\/2022\/06\/social.png\" \/>\n<meta name=\"twitter:label1\" content=\"Gesch\u00e4tzte Lesezeit\" \/>\n\t<meta name=\"twitter:data1\" content=\"2\u00a0Minuten\" \/>\n<script type=\"application\/ld+json\" class=\"yoast-schema-graph\">{\"@context\":\"https:\\\/\\\/schema.org\",\"@graph\":[{\"@type\":\"WebPage\",\"@id\":\"https:\\\/\\\/schoolfood4change.eu\\\/de\\\/presse\\\/\",\"url\":\"https:\\\/\\\/schoolfood4change.eu\\\/de\\\/presse\\\/\",\"name\":\"In der Presse - SchoolFood4Change DE\",\"isPartOf\":{\"@id\":\"https:\\\/\\\/schoolfood4change.eu\\\/de\\\/#website\"},\"datePublished\":\"2023-05-23T14:22:16+00:00\",\"dateModified\":\"2024-05-13T12:43:24+00:00\",\"breadcrumb\":{\"@id\":\"https:\\\/\\\/schoolfood4change.eu\\\/de\\\/presse\\\/#breadcrumb\"},\"inLanguage\":\"de\",\"potentialAction\":[{\"@type\":\"ReadAction\",\"target\":[\"https:\\\/\\\/schoolfood4change.eu\\\/de\\\/presse\\\/\"]}]},{\"@type\":\"BreadcrumbList\",\"@id\":\"https:\\\/\\\/schoolfood4change.eu\\\/de\\\/presse\\\/#breadcrumb\",\"itemListElement\":[{\"@type\":\"ListItem\",\"position\":1,\"name\":\"Home\",\"item\":\"https:\\\/\\\/schoolfood4change.eu\\\/de\\\/\"},{\"@type\":\"ListItem\",\"position\":2,\"name\":\"In der Presse\"}]},{\"@type\":\"WebSite\",\"@id\":\"https:\\\/\\\/schoolfood4change.eu\\\/de\\\/#website\",\"url\":\"https:\\\/\\\/schoolfood4change.eu\\\/de\\\/\",\"name\":\"SchoolFood4Change DE\",\"description\":\"\",\"publisher\":{\"@id\":\"https:\\\/\\\/schoolfood4change.eu\\\/de\\\/#organization\"},\"potentialAction\":[{\"@type\":\"SearchAction\",\"target\":{\"@type\":\"EntryPoint\",\"urlTemplate\":\"https:\\\/\\\/schoolfood4change.eu\\\/de\\\/?s={search_term_string}\"},\"query-input\":{\"@type\":\"PropertyValueSpecification\",\"valueRequired\":true,\"valueName\":\"search_term_string\"}}],\"inLanguage\":\"de\"},{\"@type\":\"Organization\",\"@id\":\"https:\\\/\\\/schoolfood4change.eu\\\/de\\\/#organization\",\"name\":\"SchoolFood4Change DE\",\"url\":\"https:\\\/\\\/schoolfood4change.eu\\\/de\\\/\",\"logo\":{\"@type\":\"ImageObject\",\"inLanguage\":\"de\",\"@id\":\"https:\\\/\\\/schoolfood4change.eu\\\/de\\\/#\\\/schema\\\/logo\\\/image\\\/\",\"url\":\"https:\\\/\\\/schoolfood4change.eu\\\/de\\\/wp-content\\\/uploads\\\/sites\\\/12\\\/2022\\\/06\\\/schholfood.svg\",\"contentUrl\":\"https:\\\/\\\/schoolfood4change.eu\\\/de\\\/wp-content\\\/uploads\\\/sites\\\/12\\\/2022\\\/06\\\/schholfood.svg\",\"width\":273,\"height\":90,\"caption\":\"SchoolFood4Change DE\"},\"image\":{\"@id\":\"https:\\\/\\\/schoolfood4change.eu\\\/de\\\/#\\\/schema\\\/logo\\\/image\\\/\"}}]}<\/script>\n<!-- \/ Yoast SEO plugin. -->","yoast_head_json":{"title":"In der Presse - SchoolFood4Change DE","robots":{"index":"index","follow":"follow","max-snippet":"max-snippet:-1","max-image-preview":"max-image-preview:large","max-video-preview":"max-video-preview:-1"},"canonical":"https:\/\/schoolfood4change.eu\/de\/presse\/","og_locale":"de_DE","og_type":"article","og_title":"In der Presse - SchoolFood4Change DE","og_url":"https:\/\/schoolfood4change.eu\/de\/presse\/","og_site_name":"SchoolFood4Change DE","article_modified_time":"2024-05-13T12:43:24+00:00","og_image":[{"width":1200,"height":683,"url":"https:\/\/schoolfood4change.eu\/de\/wp-content\/uploads\/sites\/12\/2022\/06\/social.png","type":"image\/png"}],"twitter_card":"summary_large_image","twitter_image":"https:\/\/schoolfood4change.eu\/de\/wp-content\/uploads\/sites\/12\/2022\/06\/social.png","twitter_misc":{"Gesch\u00e4tzte Lesezeit":"2\u00a0Minuten"},"schema":{"@context":"https:\/\/schema.org","@graph":[{"@type":"WebPage","@id":"https:\/\/schoolfood4change.eu\/de\/presse\/","url":"https:\/\/schoolfood4change.eu\/de\/presse\/","name":"In der Presse - SchoolFood4Change DE","isPartOf":{"@id":"https:\/\/schoolfood4change.eu\/de\/#website"},"datePublished":"2023-05-23T14:22:16+00:00","dateModified":"2024-05-13T12:43:24+00:00","breadcrumb":{"@id":"https:\/\/schoolfood4change.eu\/de\/presse\/#breadcrumb"},"inLanguage":"de","potentialAction":[{"@type":"ReadAction","target":["https:\/\/schoolfood4change.eu\/de\/presse\/"]}]},{"@type":"BreadcrumbList","@id":"https:\/\/schoolfood4change.eu\/de\/presse\/#breadcrumb","itemListElement":[{"@type":"ListItem","position":1,"name":"Home","item":"https:\/\/schoolfood4change.eu\/de\/"},{"@type":"ListItem","position":2,"name":"In der Presse"}]},{"@type":"WebSite","@id":"https:\/\/schoolfood4change.eu\/de\/#website","url":"https:\/\/schoolfood4change.eu\/de\/","name":"SchoolFood4Change DE","description":"","publisher":{"@id":"https:\/\/schoolfood4change.eu\/de\/#organization"},"potentialAction":[{"@type":"SearchAction","target":{"@type":"EntryPoint","urlTemplate":"https:\/\/schoolfood4change.eu\/de\/?s={search_term_string}"},"query-input":{"@type":"PropertyValueSpecification","valueRequired":true,"valueName":"search_term_string"}}],"inLanguage":"de"},{"@type":"Organization","@id":"https:\/\/schoolfood4change.eu\/de\/#organization","name":"SchoolFood4Change DE","url":"https:\/\/schoolfood4change.eu\/de\/","logo":{"@type":"ImageObject","inLanguage":"de","@id":"https:\/\/schoolfood4change.eu\/de\/#\/schema\/logo\/image\/","url":"https:\/\/schoolfood4change.eu\/de\/wp-content\/uploads\/sites\/12\/2022\/06\/schholfood.svg","contentUrl":"https:\/\/schoolfood4change.eu\/de\/wp-content\/uploads\/sites\/12\/2022\/06\/schholfood.svg","width":273,"height":90,"caption":"SchoolFood4Change DE"},"image":{"@id":"https:\/\/schoolfood4change.eu\/de\/#\/schema\/logo\/image\/"}}]}},"_links":{"self":[{"href":"https:\/\/schoolfood4change.eu\/de\/wp-json\/wp\/v2\/pages\/3984","targetHints":{"allow":["GET"]}}],"collection":[{"href":"https:\/\/schoolfood4change.eu\/de\/wp-json\/wp\/v2\/pages"}],"about":[{"href":"https:\/\/schoolfood4change.eu\/de\/wp-json\/wp\/v2\/types\/page"}],"author":[{"embeddable":true,"href":"https:\/\/schoolfood4change.eu\/de\/wp-json\/wp\/v2\/users\/20"}],"replies":[{"embeddable":true,"href":"https:\/\/schoolfood4change.eu\/de\/wp-json\/wp\/v2\/comments?post=3984"}],"version-history":[{"count":50,"href":"https:\/\/schoolfood4change.eu\/de\/wp-json\/wp\/v2\/pages\/3984\/revisions"}],"predecessor-version":[{"id":5238,"href":"https:\/\/schoolfood4change.eu\/de\/wp-json\/wp\/v2\/pages\/3984\/revisions\/5238"}],"wp:attachment":[{"href":"https:\/\/schoolfood4change.eu\/de\/wp-json\/wp\/v2\/media?parent=3984"}],"curies":[{"name":"wp","href":"https:\/\/api.w.org\/{rel}","templated":true}]}}