{"id":1319,"date":"2022-06-14T15:56:50","date_gmt":"2022-06-14T13:56:50","guid":{"rendered":"https:\/\/schoolfood4change.eu\/de\/?page_id=1319"},"modified":"2025-05-15T13:17:33","modified_gmt":"2025-05-15T11:17:33","slug":"contact","status":"publish","type":"page","link":"https:\/\/schoolfood4change.eu\/de\/contact\/","title":{"rendered":"Kontakt"},"content":{"rendered":"\n<p class=\" eplus-wrapper\"><\/p>\n\n\n\n<div class=\"wp-block-columns eplus-wrapper is-layout-flex wp-container-core-columns-is-layout-28f84493 wp-block-columns-is-layout-flex\">\n<div class=\"wp-block-column eplus-wrapper is-layout-flow wp-block-column-is-layout-flow\" style=\"flex-basis:60%\">\n<h2 class=\" wp-block-heading eplus-wrapper\">Kontakt<\/h2>\n\n\n<p class=\" eplus-wrapper eplus-styles-uid-0436b0\">Sie haben Fragen zum Projekt in Deutschland und \u00d6sterreich? Dann wenden Sie sich gerne direkt an<\/p>\n\n\n<p class=\" eplus-wrapper\"><\/p>\n\n\n\n<p class=\" eplus-wrapper\"><\/p>\n\n\n\n<div class=\"wp-block-columns eplus-wrapper is-layout-flex wp-container-core-columns-is-layout-28f84493 wp-block-columns-is-layout-flex\">\n<div class=\"wp-block-column eplus-wrapper is-layout-flow wp-block-column-is-layout-flow\">\n<h5 class=\" wp-block-heading eplus-wrapper\"><strong>National Lead Deutschland:<\/strong><\/h5>\n\n\n\n<p class=\" eplus-wrapper\">Alice Baumg\u00e4rtner (Speiser\u00e4ume)<\/p>\n\n\n\n<div class=\"wp-block-getwid-icon-box has-icon-left has-text-left\"><div class=\"wp-block-getwid-icon-box__icon-container is-position-middle\"><div class=\"wp-block-getwid-icon-box__icon-wrapper has-text-color has-badedc-color\" style=\"font-size:24px;padding:0px\"><i class=\"fas fa-envelope\"><\/i><\/div><\/div><div class=\"wp-block-getwid-icon-box__content\">\n<p class=\" eplus-wrapper\"><a href=\"mailto:ab@speiseraeume.org\" target=\"_blank\" rel=\"noreferrer noopener\"><a href=\"mailto:ab@speiseraeume.org\" target=\"_blank\" rel=\"noreferrer noopener\">ab@speiseraeume.org<\/a><\/a><\/p>\n<\/div><\/div>\n<\/div>\n\n\n\n<div class=\"wp-block-column eplus-wrapper is-layout-flow wp-block-column-is-layout-flow\">\n<h5 class=\" wp-block-heading eplus-wrapper\"><strong>National Lead \u00d6sterreich:<\/strong><\/h5>\n\n\n\n<p class=\" eplus-wrapper\">Julia Haas (Stadt Wien I Umweltschutz)<\/p>\n\n\n\n<div class=\"wp-block-getwid-icon-box has-icon-left has-text-left\"><div class=\"wp-block-getwid-icon-box__icon-container is-position-middle\"><div class=\"wp-block-getwid-icon-box__icon-wrapper has-text-color has-badedc-color\" style=\"font-size:24px;padding:0px\"><i class=\"fas fa-envelope\"><\/i><\/div><\/div><div class=\"wp-block-getwid-icon-box__content\">\n<p class=\" eplus-wrapper\"><a href=\"mailto:julia.haas@extern.wien.gv.at\" target=\"_blank\" rel=\"noreferrer noopener\"><a href=\"mailto:ab@speiseraeume.org\" target=\"_blank\" rel=\"noreferrer noopener\"><a href=\"mailto:julia.haas@extern.wien.gv.at\" target=\"_blank\" rel=\"noreferrer noopener\">julia.haas@extern.wien.gv.at<\/a><\/a><\/a><\/p>\n<\/div><\/div>\n<\/div>\n<\/div>\n<\/div>\n\n\n\n<div class=\"wp-block-column has-cbdcdc-background-color has-background eplus-wrapper is-layout-flow wp-block-column-is-layout-flow\" style=\"padding-top:var(--wp--preset--spacing--60);padding-right:var(--wp--preset--spacing--60);padding-bottom:var(--wp--preset--spacing--60);padding-left:var(--wp--preset--spacing--60)\">\n<div style=\"height:40px\" aria-hidden=\"true\" class=\" wp-block-spacer eplus-wrapper\"><\/div>\n\n\n\n<h4 class=\" wp-block-heading eplus-wrapper\">Newsletter<\/h4>\n\n\n\n<p class=\" eplus-wrapper\">Sie m\u00f6chten \u00fcber die neuesten Entwicklungen, Neuigkeiten und Termine informiert werden? Dann melden Sie sich f\u00fcr unseren Newsletter an. <\/p>\n\n\n\n<div class=\"wp-block-buttons eplus-wrapper is-content-justification-left is-layout-flex wp-container-core-buttons-is-layout-fc4fd283 wp-block-buttons-is-layout-flex\">\n<div class=\" wp-block-button eplus-wrapper\"><a class=\"wp-block-button__link wp-element-button\">Anmelden<\/a><\/div>\n<\/div>\n\n\n\n<div style=\"height:40px\" aria-hidden=\"true\" class=\" wp-block-spacer eplus-wrapper\"><\/div>\n<\/div>\n<\/div>\n\n\n\n<div class=\"wp-block-columns has-eef-7-f-6-background-color has-background eplus-wrapper is-layout-flex wp-container-core-columns-is-layout-28f84493 wp-block-columns-is-layout-flex\">\n<div class=\"wp-block-column eplus-wrapper is-layout-flow wp-block-column-is-layout-flow\" style=\"flex-basis:60%\">\n<h2 class=\" wp-block-heading eplus-wrapper\">presseKontakte<\/h2>\n\n\n\n<div class=\"wp-block-columns eplus-wrapper is-layout-flex wp-container-core-columns-is-layout-28f84493 wp-block-columns-is-layout-flex\">\n<div class=\"wp-block-column eplus-wrapper is-layout-flow wp-block-column-is-layout-flow\">\n<h5 class=\" wp-block-heading eplus-wrapper\"><strong>Deutschland:<\/strong><\/h5>\n\n\n\n<div class=\"wp-block-getwid-icon-box has-icon-left has-text-left\"><div class=\"wp-block-getwid-icon-box__icon-container is-position-middle\"><div class=\"wp-block-getwid-icon-box__icon-wrapper has-text-color has-badedc-color\" style=\"font-size:24px;padding:0px\"><i class=\"fas fa-envelope\"><\/i><\/div><\/div><div class=\"wp-block-getwid-icon-box__content\">\n<p class=\" eplus-wrapper\"><a href=\"mailto:presse@speiseraeume.org\" target=\"_blank\" rel=\"noreferrer noopener\"><a href=\"mailto:ab@speiseraeume.org\" target=\"_blank\" rel=\"noreferrer noopener\">presse@speiseraeume.org<\/a><\/a><\/p>\n<\/div><\/div>\n<\/div>\n\n\n\n<div class=\"wp-block-column eplus-wrapper is-layout-flow wp-block-column-is-layout-flow\">\n<h5 class=\" wp-block-heading eplus-wrapper\"><strong>\u00d6stereich:<\/strong><\/h5>\n\n\n\n<div class=\"wp-block-getwid-icon-box has-icon-left has-text-left\"><div class=\"wp-block-getwid-icon-box__icon-container is-position-middle\"><div class=\"wp-block-getwid-icon-box__icon-wrapper has-text-color has-badedc-color\" style=\"font-size:24px;padding:0px\"><i class=\"fas fa-envelope\"><\/i><\/div><\/div><div class=\"wp-block-getwid-icon-box__content\">\n<p class=\" eplus-wrapper\"><a href=\"mailto:roman.david-freihsl@wien.gv.at\" target=\"_blank\" rel=\"noreferrer noopener\"><a href=\"mailto:ab@speiseraeume.org\" target=\"_blank\" rel=\"noreferrer noopener\"><a href=\"mailto:julia.haas@extern.wien.gv.at\" target=\"_blank\" rel=\"noreferrer noopener\"><a href=\"mailto:roman.david-freihsl@wien.gv.at\">roman.david-freihsl@wien.gv.at<\/a><\/a><\/a><\/a><\/p>\n<\/div><\/div>\n<\/div>\n<\/div>\n<\/div>\n\n\n\n<div class=\"wp-block-column has-eef-7-f-6-background-color has-background eplus-wrapper is-layout-flow wp-block-column-is-layout-flow\" style=\"padding-top:var(--wp--preset--spacing--60);padding-right:var(--wp--preset--spacing--60);padding-bottom:var(--wp--preset--spacing--60);padding-left:var(--wp--preset--spacing--60)\">\n<div style=\"height:40px\" aria-hidden=\"true\" class=\" wp-block-spacer eplus-wrapper\"><\/div>\n\n\n\n<h4 class=\" wp-block-heading eplus-wrapper\"><\/h4>\n\n\n\n<p class=\" eplus-wrapper\"><\/p>\n\n\n\n<div class=\"wp-block-buttons eplus-wrapper is-content-justification-left is-layout-flex wp-container-core-buttons-is-layout-fc4fd283 wp-block-buttons-is-layout-flex\"><\/div>\n\n\n\n<div style=\"height:40px\" aria-hidden=\"true\" class=\" wp-block-spacer eplus-wrapper\"><\/div>\n<\/div>\n<\/div>\n\n\n\n<div style=\"height:16px\" aria-hidden=\"true\" class=\" wp-block-spacer eplus-wrapper\"><\/div>\n\n\n\n<div class=\"wp-block-getwid-section alignfull alignfull\"><div class=\"wp-block-getwid-section__wrapper getwid-padding-top-large\"><div class=\"wp-block-getwid-section__inner-wrapper\"><div class=\"wp-block-getwid-section__background-holder\"><div class=\"wp-block-getwid-section__background has-background has-ffffff-background-color\"><\/div><div class=\"wp-block-getwid-section__foreground\"><\/div><\/div><div class=\"wp-block-getwid-section__content\"><div class=\"wp-block-getwid-section__inner-content\">\n<h2 class=\" wp-block-heading eplus-wrapper\">ProjeKtKoordination<\/h2>\n\n\n\n<p class=\" eplus-wrapper\">SchoolFood4Change wird koordiniert von<strong> <a href=\"https:\/\/iclei-europe.org\/\" target=\"_blank\" rel=\"noreferrer noopener\">ICLEI &#8211; Local Governments for Sustainability<\/a><\/strong><\/p>\n\n\n\n\n\n<div style=\"height:40px\" aria-hidden=\"true\" class=\" wp-block-spacer eplus-wrapper\"><\/div>\n\n\n\n\n\n\n\n\n<\/div><\/div><\/div><\/div><\/div>\n","protected":false},"excerpt":{"rendered":"<p>Kontakt Sie haben Fragen zum Projekt in Deutschland und \u00d6sterreich? Dann wenden Sie sich gerne direkt an National Lead Deutschland: Alice Baumg\u00e4rtner (Speiser\u00e4ume) National Lead \u00d6sterreich: Julia Haas (Stadt Wien I Umweltschutz) Newsletter Sie m\u00f6chten \u00fcber die neuesten Entwicklungen, Neuigkeiten und Termine informiert werden? Dann melden Sie sich f\u00fcr unseren Newsletter an. presseKontakte Deutschland: \u00d6stereich:<\/p>\n","protected":false},"author":7,"featured_media":0,"parent":0,"menu_order":0,"comment_status":"closed","ping_status":"closed","template":"","meta":{"_acf_changed":false,"inline_featured_image":false,"editor_plus_copied_stylings":"{}","footnotes":""},"class_list":["post-1319","page","type-page","status-publish","hentry"],"blocksy_meta":{"styles_descriptor":{"styles":{"desktop":"","tablet":"","mobile":""},"google_fonts":[],"version":6},"page_title_panel":"","has_hero_section":"disabled","d1ae14d8cf63d0bb9b8e341f8732af29":"","hero_section":"type-1","hero_elements":[{"id":"custom_title","enabled":true,"heading_tag":"h1","title":"Startseite","__id":"dJ63UDrjGKGbgbDZXn-TM"},{"id":"custom_description","enabled":false,"description_visibility":{"desktop":true,"tablet":true,"mobile":false},"__id":"OUfSV7cKG-W-JnKOF22-o"},{"id":"custom_meta","enabled":false,"meta_elements":[{"id":"author","enabled":true,"label":"Von","has_author_avatar":"yes","avatar_size":25},{"id":"post_date","enabled":true,"label":"Am","date_format_source":"default","date_format":"M j, Y"},{"id":"updated_date","enabled":false,"label":"Am","date_format_source":"default","date_format":"M j, Y"},{"id":"categories","enabled":false,"label":"In","style":"simple"},{"id":"comments","enabled":true}],"page_meta_elements":{"joined":true,"articles_count":true,"comments":true},"__id":"7NpOnLGbrZ_DXThS53lxj"},{"id":"breadcrumbs","enabled":false,"__id":"LCD61FirR_wgUdv5FeBtA"}],"00256407ea1abb8c45f07bcde3316d83":"","hero_alignment1":"CT_CSS_SKIP_RULE","hero_margin":40,"hero_alignment2":"center","hero_vertical_alignment":"center","8ac5140e965bc07d2ce592d9a8e3f9b7":"","hero_structure":"narrow","d9210a5a8089986449791f58f74d6618":"","page_title_bg_type":"featured_image","custom_hero_background":{"attachment_id":null},"page_title_image_size":"full","parallax":{"desktop":false,"tablet":false,"mobile":false},"84615b7b730e8328f1a16be4acc8106f":"","hero_height":"250px","pageTitleFont":{"family":"Default","variation":"Default","size":{"desktop":"30px","tablet":"30px","mobile":"30px","__changed":[]},"line-height":"CT_CSS_SKIP_RULE","letter-spacing":"CT_CSS_SKIP_RULE","text-transform":"CT_CSS_SKIP_RULE","text-decoration":"CT_CSS_SKIP_RULE"},"pageTitleFontColor":{"default":{"color":"CT_CSS_SKIP_RULEDEFAULT"}},"pageMetaFont":{"family":"Default","variation":"n6","size":"12px","line-height":"1.3","letter-spacing":"CT_CSS_SKIP_RULE","text-transform":"uppercase","text-decoration":"CT_CSS_SKIP_RULE"},"pageMetaFontColor":{"default":{"color":"CT_CSS_SKIP_RULEDEFAULT"},"hover":{"color":"CT_CSS_SKIP_RULEDEFAULT"}},"page_meta_button_type_font_colors":{"default":{"color":"CT_CSS_SKIP_RULEDEFAULT"},"hover":{"color":"CT_CSS_SKIP_RULEDEFAULT"}},"page_meta_button_type_background_colors":{"default":{"color":"CT_CSS_SKIP_RULEDEFAULT"},"hover":{"color":"CT_CSS_SKIP_RULEDEFAULT"}},"pageExcerptFont":{"family":"Default","variation":"Default","size":"CT_CSS_SKIP_RULE","line-height":"CT_CSS_SKIP_RULE","letter-spacing":"CT_CSS_SKIP_RULE","text-transform":"CT_CSS_SKIP_RULE","text-decoration":"CT_CSS_SKIP_RULE"},"pageExcerptColor":{"default":{"color":"CT_CSS_SKIP_RULEDEFAULT"}},"breadcrumbsFont":{"family":"Default","variation":"Default","size":"CT_CSS_SKIP_RULE","line-height":"CT_CSS_SKIP_RULE","letter-spacing":"CT_CSS_SKIP_RULE","text-transform":"CT_CSS_SKIP_RULE","text-decoration":"CT_CSS_SKIP_RULE"},"breadcrumbsFontColor":{"default":{"color":"CT_CSS_SKIP_RULEDEFAULT"},"initial":{"color":"CT_CSS_SKIP_RULEDEFAULT"},"hover":{"color":"CT_CSS_SKIP_RULEDEFAULT"}},"acf_field_hero_elements":"","typography":{"family":"Default","variation":"Default","size":"CT_CSS_SKIP_RULE","line-height":"CT_CSS_SKIP_RULE","letter-spacing":"CT_CSS_SKIP_RULE","text-transform":"CT_CSS_SKIP_RULE","text-decoration":"CT_CSS_SKIP_RULE"},"color":{"default":{"color":"CT_CSS_SKIP_RULEDEFAULT"},"hover":{"color":"CT_CSS_SKIP_RULEDEFAULT"}},"metabox_field_hero_elements":"","toolset_field_hero_elements":"","jetengine_field_hero_elements":"","custom_field_hero_elements":"","pageTitleOverlay":{"background_type":"color","background_pattern":"type-1","background_image":{"attachment_id":null,"x":0,"y":0},"gradient":"linear-gradient(135deg,rgba(6,147,227,1) 0%,rgb(155,81,224) 100%)","background_repeat":"repeat","background_size":"auto","background_attachment":"scroll","patternColor":{"default":{"color":"#e5e7ea"}},"overlayColor":{"default":{"color":"CT_CSS_SKIP_RULE"}},"backgroundColor":{"default":{"color":"CT_CSS_SKIP_RULE"}}},"pageTitleBackground":{"background_type":"color","background_pattern":"type-1","background_image":{"attachment_id":null,"x":0,"y":0},"gradient":"linear-gradient(135deg,rgba(6,147,227,1) 0%,rgb(155,81,224) 100%)","background_repeat":"repeat","background_size":"auto","background_attachment":"scroll","patternColor":{"default":{"color":"#e5e7ea"}},"overlayColor":{"default":{"color":"CT_CSS_SKIP_RULE"}},"backgroundColor":{"default":{"color":"var(--paletteColor6)"}}},"pageTitlePadding":{"top":"50px","bottom":"50px","left":"auto","right":"auto","linked":true},"52d15a53ecb520ad1637bf8cbe7b0209":"","page_structure_type":"default","1efcbaa4e943f4c3798a93b9121bcc8a":"","content_style_source":"inherit","content_style":"wide","vertical_spacing_source":"custom","content_area_spacing":"top","background":{"background_type":"color","background_pattern":"type-1","background_image":{"attachment_id":null,"x":0,"y":0},"gradient":"linear-gradient(135deg,rgba(6,147,227,1) 0%,rgb(155,81,224) 100%)","background_repeat":"repeat","background_size":"auto","background_attachment":"scroll","patternColor":{"default":{"color":"#e5e7ea"}},"overlayColor":{"default":{"color":"CT_CSS_SKIP_RULE"}},"backgroundColor":{"default":{"color":"CT_CSS_SKIP_RULE"}}},"content_background":{"background_type":"color","background_pattern":"type-1","background_image":{"attachment_id":null,"x":0,"y":0},"gradient":"linear-gradient(135deg,rgba(6,147,227,1) 0%,rgb(155,81,224) 100%)","background_repeat":"repeat","background_size":"auto","background_attachment":"scroll","patternColor":{"default":{"color":"#e5e7ea"}},"overlayColor":{"default":{"color":"CT_CSS_SKIP_RULE"}},"backgroundColor":{"default":{"color":"var(--paletteColor8)"}}},"content_boxed_shadow":{"inherit":false,"blur":18,"spread":-6,"v_offset":12,"h_offset":0,"inset":false,"enable":true,"color":{"color":"rgba(34, 56, 101, 0.04)"}},"content_boxed_border":{"width":1,"style":"none","color":{"color":"rgba(44,62,80,0.2)"}},"content_boxed_radius":{"top":"3px","bottom":"3px","left":"3px","right":"3px","linked":true},"boxed_content_spacing":{"desktop":{"top":"40px","bottom":"40px","left":"40px","right":"40px","linked":true},"tablet":{"top":"35px","bottom":"35px","left":"35px","right":"35px","linked":true},"mobile":{"top":"20px","bottom":"20px","left":"20px","right":"20px","linked":true}},"5c8a6c31e437528f6e5b002a0fe42186":"","disable_featured_image":"no","disable_share_box":"no","disable_header":"no","disable_footer":"no","c15c697c86d6b8dcc5cb97cb2de9615e":"","header_footer_scripts_panel":"","header_scripts":"","a85e8be0cd8016375219ba32710ec118":"","header_after_body_scripts":"","59ca02b252b7bf87e68a8c4fa2ca68ae":"","footer_scripts":"","f2d39e17ee32a0079f78a8a0c8077a27":"","b35ff49bb42d19adcfeace15e6dc1396":"","cd95a91027c866a5875c55dbcf3d71c8":"","9deeeaac0cb30310abd38747e79c976f":"","a10bdb99183299507b511b6442d49b28":"","bdf2fe50e4ecf48edbb6f81e4d8431e1":"","536e926cdf8758d67498341d12d1576c":"","215458284eb0c7f50aa820253bb81e5d":"","8d3aa0aea7877bfb7490d5c6d10a4a76":"","0c854f7b183449ba0a0f5a7cb554b869":"","d8820b88a3850fefbf0dd0712d2acaba":""},"acf":[],"yoast_head":"<!-- This site is optimized with the Yoast SEO plugin v27.3 - https:\/\/yoast.com\/product\/yoast-seo-wordpress\/ -->\n<title>Kontakt - SchoolFood4Change DE<\/title>\n<meta name=\"robots\" content=\"index, follow, max-snippet:-1, max-image-preview:large, max-video-preview:-1\" \/>\n<link rel=\"canonical\" href=\"https:\/\/schoolfood4change.eu\/de\/contact\/\" \/>\n<meta property=\"og:locale\" content=\"de_DE\" \/>\n<meta property=\"og:type\" content=\"article\" \/>\n<meta property=\"og:title\" content=\"Kontakt - SchoolFood4Change DE\" \/>\n<meta property=\"og:description\" content=\"Kontakt Sie haben Fragen zum Projekt in Deutschland und \u00d6sterreich? Dann wenden Sie sich gerne direkt an National Lead Deutschland: Alice Baumg\u00e4rtner (Speiser\u00e4ume) National Lead \u00d6sterreich: Julia Haas (Stadt Wien I Umweltschutz) Newsletter Sie m\u00f6chten \u00fcber die neuesten Entwicklungen, Neuigkeiten und Termine informiert werden? Dann melden Sie sich f\u00fcr unseren Newsletter an. presseKontakte Deutschland: \u00d6stereich:\" \/>\n<meta property=\"og:url\" content=\"https:\/\/schoolfood4change.eu\/de\/contact\/\" \/>\n<meta property=\"og:site_name\" content=\"SchoolFood4Change DE\" \/>\n<meta property=\"article:modified_time\" content=\"2025-05-15T11:17:33+00:00\" \/>\n<meta property=\"og:image\" content=\"https:\/\/schoolfood4change.eu\/de\/wp-content\/uploads\/sites\/12\/2022\/06\/social.png\" \/>\n\t<meta property=\"og:image:width\" content=\"1200\" \/>\n\t<meta property=\"og:image:height\" content=\"683\" \/>\n\t<meta property=\"og:image:type\" content=\"image\/png\" \/>\n<meta name=\"twitter:card\" content=\"summary_large_image\" \/>\n<meta name=\"twitter:image\" content=\"https:\/\/schoolfood4change.eu\/de\/wp-content\/uploads\/sites\/12\/2022\/06\/social.png\" \/>\n<meta name=\"twitter:label1\" content=\"Gesch\u00e4tzte Lesezeit\" \/>\n\t<meta name=\"twitter:data1\" content=\"4\u00a0Minuten\" \/>\n<script type=\"application\/ld+json\" class=\"yoast-schema-graph\">{\"@context\":\"https:\\\/\\\/schema.org\",\"@graph\":[{\"@type\":\"WebPage\",\"@id\":\"https:\\\/\\\/schoolfood4change.eu\\\/de\\\/contact\\\/\",\"url\":\"https:\\\/\\\/schoolfood4change.eu\\\/de\\\/contact\\\/\",\"name\":\"Kontakt - SchoolFood4Change DE\",\"isPartOf\":{\"@id\":\"https:\\\/\\\/schoolfood4change.eu\\\/de\\\/#website\"},\"primaryImageOfPage\":{\"@id\":\"https:\\\/\\\/schoolfood4change.eu\\\/de\\\/contact\\\/#primaryimage\"},\"image\":{\"@id\":\"https:\\\/\\\/schoolfood4change.eu\\\/de\\\/contact\\\/#primaryimage\"},\"thumbnailUrl\":\"https:\\\/\\\/schoolfood4change.eu\\\/de\\\/wp-content\\\/uploads\\\/sites\\\/12\\\/2022\\\/10\\\/austria-g8b1c2c92b_640-1.png\",\"datePublished\":\"2022-06-14T13:56:50+00:00\",\"dateModified\":\"2025-05-15T11:17:33+00:00\",\"breadcrumb\":{\"@id\":\"https:\\\/\\\/schoolfood4change.eu\\\/de\\\/contact\\\/#breadcrumb\"},\"inLanguage\":\"de\",\"potentialAction\":[{\"@type\":\"ReadAction\",\"target\":[\"https:\\\/\\\/schoolfood4change.eu\\\/de\\\/contact\\\/\"]}]},{\"@type\":\"ImageObject\",\"inLanguage\":\"de\",\"@id\":\"https:\\\/\\\/schoolfood4change.eu\\\/de\\\/contact\\\/#primaryimage\",\"url\":\"https:\\\/\\\/schoolfood4change.eu\\\/de\\\/wp-content\\\/uploads\\\/sites\\\/12\\\/2022\\\/10\\\/austria-g8b1c2c92b_640-1.png\",\"contentUrl\":\"https:\\\/\\\/schoolfood4change.eu\\\/de\\\/wp-content\\\/uploads\\\/sites\\\/12\\\/2022\\\/10\\\/austria-g8b1c2c92b_640-1.png\",\"width\":640,\"height\":426,\"caption\":\"pixabay.com\"},{\"@type\":\"BreadcrumbList\",\"@id\":\"https:\\\/\\\/schoolfood4change.eu\\\/de\\\/contact\\\/#breadcrumb\",\"itemListElement\":[{\"@type\":\"ListItem\",\"position\":1,\"name\":\"Home\",\"item\":\"https:\\\/\\\/schoolfood4change.eu\\\/de\\\/\"},{\"@type\":\"ListItem\",\"position\":2,\"name\":\"Kontakt\"}]},{\"@type\":\"WebSite\",\"@id\":\"https:\\\/\\\/schoolfood4change.eu\\\/de\\\/#website\",\"url\":\"https:\\\/\\\/schoolfood4change.eu\\\/de\\\/\",\"name\":\"SchoolFood4Change DE\",\"description\":\"\",\"publisher\":{\"@id\":\"https:\\\/\\\/schoolfood4change.eu\\\/de\\\/#organization\"},\"potentialAction\":[{\"@type\":\"SearchAction\",\"target\":{\"@type\":\"EntryPoint\",\"urlTemplate\":\"https:\\\/\\\/schoolfood4change.eu\\\/de\\\/?s={search_term_string}\"},\"query-input\":{\"@type\":\"PropertyValueSpecification\",\"valueRequired\":true,\"valueName\":\"search_term_string\"}}],\"inLanguage\":\"de\"},{\"@type\":\"Organization\",\"@id\":\"https:\\\/\\\/schoolfood4change.eu\\\/de\\\/#organization\",\"name\":\"SchoolFood4Change DE\",\"url\":\"https:\\\/\\\/schoolfood4change.eu\\\/de\\\/\",\"logo\":{\"@type\":\"ImageObject\",\"inLanguage\":\"de\",\"@id\":\"https:\\\/\\\/schoolfood4change.eu\\\/de\\\/#\\\/schema\\\/logo\\\/image\\\/\",\"url\":\"https:\\\/\\\/schoolfood4change.eu\\\/de\\\/wp-content\\\/uploads\\\/sites\\\/12\\\/2022\\\/06\\\/schholfood.svg\",\"contentUrl\":\"https:\\\/\\\/schoolfood4change.eu\\\/de\\\/wp-content\\\/uploads\\\/sites\\\/12\\\/2022\\\/06\\\/schholfood.svg\",\"width\":273,\"height\":90,\"caption\":\"SchoolFood4Change DE\"},\"image\":{\"@id\":\"https:\\\/\\\/schoolfood4change.eu\\\/de\\\/#\\\/schema\\\/logo\\\/image\\\/\"}}]}<\/script>\n<!-- \/ Yoast SEO plugin. -->","yoast_head_json":{"title":"Kontakt - SchoolFood4Change DE","robots":{"index":"index","follow":"follow","max-snippet":"max-snippet:-1","max-image-preview":"max-image-preview:large","max-video-preview":"max-video-preview:-1"},"canonical":"https:\/\/schoolfood4change.eu\/de\/contact\/","og_locale":"de_DE","og_type":"article","og_title":"Kontakt - SchoolFood4Change DE","og_description":"Kontakt Sie haben Fragen zum Projekt in Deutschland und \u00d6sterreich? Dann wenden Sie sich gerne direkt an National Lead Deutschland: Alice Baumg\u00e4rtner (Speiser\u00e4ume) National Lead \u00d6sterreich: Julia Haas (Stadt Wien I Umweltschutz) Newsletter Sie m\u00f6chten \u00fcber die neuesten Entwicklungen, Neuigkeiten und Termine informiert werden? Dann melden Sie sich f\u00fcr unseren Newsletter an. presseKontakte Deutschland: \u00d6stereich:","og_url":"https:\/\/schoolfood4change.eu\/de\/contact\/","og_site_name":"SchoolFood4Change DE","article_modified_time":"2025-05-15T11:17:33+00:00","og_image":[{"width":1200,"height":683,"url":"https:\/\/schoolfood4change.eu\/de\/wp-content\/uploads\/sites\/12\/2022\/06\/social.png","type":"image\/png"}],"twitter_card":"summary_large_image","twitter_image":"https:\/\/schoolfood4change.eu\/de\/wp-content\/uploads\/sites\/12\/2022\/06\/social.png","twitter_misc":{"Gesch\u00e4tzte Lesezeit":"4\u00a0Minuten"},"schema":{"@context":"https:\/\/schema.org","@graph":[{"@type":"WebPage","@id":"https:\/\/schoolfood4change.eu\/de\/contact\/","url":"https:\/\/schoolfood4change.eu\/de\/contact\/","name":"Kontakt - SchoolFood4Change DE","isPartOf":{"@id":"https:\/\/schoolfood4change.eu\/de\/#website"},"primaryImageOfPage":{"@id":"https:\/\/schoolfood4change.eu\/de\/contact\/#primaryimage"},"image":{"@id":"https:\/\/schoolfood4change.eu\/de\/contact\/#primaryimage"},"thumbnailUrl":"https:\/\/schoolfood4change.eu\/de\/wp-content\/uploads\/sites\/12\/2022\/10\/austria-g8b1c2c92b_640-1.png","datePublished":"2022-06-14T13:56:50+00:00","dateModified":"2025-05-15T11:17:33+00:00","breadcrumb":{"@id":"https:\/\/schoolfood4change.eu\/de\/contact\/#breadcrumb"},"inLanguage":"de","potentialAction":[{"@type":"ReadAction","target":["https:\/\/schoolfood4change.eu\/de\/contact\/"]}]},{"@type":"ImageObject","inLanguage":"de","@id":"https:\/\/schoolfood4change.eu\/de\/contact\/#primaryimage","url":"https:\/\/schoolfood4change.eu\/de\/wp-content\/uploads\/sites\/12\/2022\/10\/austria-g8b1c2c92b_640-1.png","contentUrl":"https:\/\/schoolfood4change.eu\/de\/wp-content\/uploads\/sites\/12\/2022\/10\/austria-g8b1c2c92b_640-1.png","width":640,"height":426,"caption":"pixabay.com"},{"@type":"BreadcrumbList","@id":"https:\/\/schoolfood4change.eu\/de\/contact\/#breadcrumb","itemListElement":[{"@type":"ListItem","position":1,"name":"Home","item":"https:\/\/schoolfood4change.eu\/de\/"},{"@type":"ListItem","position":2,"name":"Kontakt"}]},{"@type":"WebSite","@id":"https:\/\/schoolfood4change.eu\/de\/#website","url":"https:\/\/schoolfood4change.eu\/de\/","name":"SchoolFood4Change DE","description":"","publisher":{"@id":"https:\/\/schoolfood4change.eu\/de\/#organization"},"potentialAction":[{"@type":"SearchAction","target":{"@type":"EntryPoint","urlTemplate":"https:\/\/schoolfood4change.eu\/de\/?s={search_term_string}"},"query-input":{"@type":"PropertyValueSpecification","valueRequired":true,"valueName":"search_term_string"}}],"inLanguage":"de"},{"@type":"Organization","@id":"https:\/\/schoolfood4change.eu\/de\/#organization","name":"SchoolFood4Change DE","url":"https:\/\/schoolfood4change.eu\/de\/","logo":{"@type":"ImageObject","inLanguage":"de","@id":"https:\/\/schoolfood4change.eu\/de\/#\/schema\/logo\/image\/","url":"https:\/\/schoolfood4change.eu\/de\/wp-content\/uploads\/sites\/12\/2022\/06\/schholfood.svg","contentUrl":"https:\/\/schoolfood4change.eu\/de\/wp-content\/uploads\/sites\/12\/2022\/06\/schholfood.svg","width":273,"height":90,"caption":"SchoolFood4Change DE"},"image":{"@id":"https:\/\/schoolfood4change.eu\/de\/#\/schema\/logo\/image\/"}}]}},"_links":{"self":[{"href":"https:\/\/schoolfood4change.eu\/de\/wp-json\/wp\/v2\/pages\/1319","targetHints":{"allow":["GET"]}}],"collection":[{"href":"https:\/\/schoolfood4change.eu\/de\/wp-json\/wp\/v2\/pages"}],"about":[{"href":"https:\/\/schoolfood4change.eu\/de\/wp-json\/wp\/v2\/types\/page"}],"author":[{"embeddable":true,"href":"https:\/\/schoolfood4change.eu\/de\/wp-json\/wp\/v2\/users\/7"}],"replies":[{"embeddable":true,"href":"https:\/\/schoolfood4change.eu\/de\/wp-json\/wp\/v2\/comments?post=1319"}],"version-history":[{"count":172,"href":"https:\/\/schoolfood4change.eu\/de\/wp-json\/wp\/v2\/pages\/1319\/revisions"}],"predecessor-version":[{"id":6419,"href":"https:\/\/schoolfood4change.eu\/de\/wp-json\/wp\/v2\/pages\/1319\/revisions\/6419"}],"wp:attachment":[{"href":"https:\/\/schoolfood4change.eu\/de\/wp-json\/wp\/v2\/media?parent=1319"}],"curies":[{"name":"wp","href":"https:\/\/api.w.org\/{rel}","templated":true}]}}